{"id":7189,"date":"2025-01-03T14:48:24","date_gmt":"2025-01-03T13:48:24","guid":{"rendered":"https:\/\/studiorenegade.de\/?page_id=7189"},"modified":"2025-07-22T17:09:44","modified_gmt":"2025-07-22T15:09:44","slug":"agbs","status":"publish","type":"page","link":"https:\/\/studiorenegade.de\/en\/agbs\/","title":{"rendered":"AGB&#8217;S"},"content":{"rendered":"<div data-elementor-type=\"wp-page\" data-elementor-id=\"7189\" class=\"elementor elementor-7189\" data-elementor-post-type=\"page\">\n\t\t\t\t<div class=\"elementor-element elementor-element-e6f9986 e-flex e-con-boxed e-con e-parent\" data-id=\"e6f9986\" data-element_type=\"container\">\n\t\t\t\t\t<div class=\"e-con-inner\">\n\t\t\t\t<div class=\"elementor-element elementor-element-cc1b68b elementor-widget elementor-widget-heading\" data-id=\"cc1b68b\" data-element_type=\"widget\" data-widget_type=\"heading.default\">\n\t\t\t\t<div class=\"elementor-widget-container\">\n\t\t\t\t\t<h2 class=\"elementor-heading-title elementor-size-default\">Allgemeine Gesch\u00e4ftsbedingungen<\/h2>\t\t\t\t<\/div>\n\t\t\t\t<\/div>\n\t\t\t\t<div class=\"elementor-element elementor-element-e6c49e7 elementor-widget elementor-widget-text-editor\" data-id=\"e6c49e7\" data-element_type=\"widget\" data-widget_type=\"text-editor.default\">\n\t\t\t\t<div class=\"elementor-widget-container\">\n\t\t\t\t\t\t\t\t\t<p>Studiomiete<\/p>\t\t\t\t\t\t\t\t<\/div>\n\t\t\t\t<\/div>\n\t\t\t\t<div class=\"elementor-element elementor-element-e39ca49 elementor-widget elementor-widget-text-editor\" data-id=\"e39ca49\" data-element_type=\"widget\" data-widget_type=\"text-editor.default\">\n\t\t\t\t<div class=\"elementor-widget-container\">\n\t\t\t\t\t\t\t\t\t<p><strong>Allgemein<\/strong><\/p><ol><li>Die nachfolgenden allgemeinen Miet- und Gesch\u00e4ftsbedingungen (im folgenden AGB genannt) gelten f\u00fcr die Vermietung des Studios und der in der Mietsache enthaltenen Gegenst\u00e4nde, technischen Ger\u00e4te und Anlagen.<\/li><li>Sie gelten als vereinbart, mit der \u00dcbernahme des Studios bzw. des Angebotes, durch den Kunden.<\/li><li>Vertragliche Abreden zwischen den Parteien, die Bestimmungen der AGB inhaltlich ab\u00e4ndern oder aufheben, bed\u00fcrfen zu ihrer Wirksamkeit der schriftlichen Best\u00e4tigung durch den Vermieter.<\/li><\/ol><p><strong>Miete<\/strong><\/p><ol><li>Die Studiomiete richtet sich nach der aktuellen Preisliste.<\/li><li>Die Studiomiete beinhaltet Heizung, Strom-\/Wasserkosten.<\/li><li>Die berechnete Dauer der Vermietung beginnt mit dem vereinbarten Zeitpunkt der \u00dcbernahme durch den Mieter, auch wenn dieser das Studio zu einem sp\u00e4teren Zeitpunkt \u00fcbernimmt. Eine Nutzung \u00fcber die vereinbarte Zeit hinaus wird mit einem Overtime-Zuschlag je angefangene Stunde abgerechnet. Ein Anspruch auf eine weitere \u00dcberlassung bei Termin\u00fcberschreitung besteht nicht.<\/li><li>M\u00f6chte der Kunde mehr als 10 min vor der gebuchten Uhrzeit in das Studio, verschiebt sich der Zeitraum der Vermietung um die Differenz, oder es wird ein Overtime-Zuschlag berechnet.<\/li><li>Bei einer Versp\u00e4tung von mehr als 30 min ohne Vorank\u00fcndigung von Seiten des Mieters, hat die Vermieterin das Recht nicht mehr vor Ort zu sein, um das Studio zu \u00fcbergeben.<\/li><li>Die Buchung kann bis zu 10 Tage vor Beginn kostenfrei storniert werden. Anderenfalls werden 50% vom Mietpreis berechnet. Wird die Buchung erst innerhalb von 3 Tagen vor dem Termin abgesagt bzw. nicht wahrgenommen, werden 100% des Mietpreises als Stornokosten berechnet.<\/li><li>Die Vermieterin beh\u00e4lt \u00fcber die Mietsache w\u00e4hrend der gesamten Mietdauer ihr Hausrecht und kann jederzeit das Studio betreten. Sie nimmt bei laufenden Aufnahmen hierbei die gebotene R\u00fccksicht.<\/li><li>Die Inanspruchnahme von Serviceleistungen wie Bildbearbeitung oder Assistenz k\u00f6nnen vereinbart werden, werden aber gesondert abgerechnet und sind nicht in der Raummiete enthalten.<\/li><li>In den R\u00e4umlichkeiten gilt striktes Rauchverbot &amp; Feuerverbot. Bei Versto\u00df gegen dieses Verbot tr\u00e4gt der Mieter die aufkommenden Kosten.<\/li><li>Overtime: Ab einer Buchungszeit\u00fcberschreitung von 15min wird 1h Overtime berechnet.<\/li><li>Overtime: eine spontante Verl\u00e4ngerung der Buchungszeit kann nicht garantiert werden.<\/li><li>Das Ende der Buchungszeit ist der Zeitpunkt des Verlassens des Studios.<\/li><\/ol><div>\u00a0<\/div><p><strong>Zahlungsbedingungen<\/strong><\/p><ol><li>Die Mietpreise sind durch \u00dcberweisung auszugleichen.<\/li><li>Nebenkosten, Miete, Zusatzleistungen werden zum Ende der Anmietung abgerechnet.<\/li><li>Bei mehr als 10 anwesenden Personen werden Sonderpreise vereinbart. Au\u00dferdem wird hier die Reinigungspauschale berechnet. Das gilt insbesondere f\u00fcr Workshops.<\/li><li>Sonderregelungen sind m\u00f6glich, bed\u00fcrfen aber der vorherigen Absprache und der schriftlichen Form.<\/li><li>Bei Buchung des Studios f\u00fcr Private Zwecke ist eine kommerzielle Nutzung der entstandenen Fotos nicht gestattet. Bei Nichtbeachtung wird die Differenz zu den kommerziellen Preisen berechnet.<\/li><\/ol><div>\u00a0<\/div><p><strong>Nutzung<\/strong><\/p><ol><li>Der Mieter ist verpflichtet, das Studio sowie alle gemieteten Gegenst\u00e4nde sorgf\u00e4ltig zu behandeln und nicht zweckentfremdet zu nutzen. Der Mieter ist gegen\u00fcber dem Vermieter f\u00fcr die Einhaltung der Unfallverh\u00fctungsvorschriften sowie alle beh\u00f6rdlichen Anordnungen und Vorschriften verantwortlich. Er hat daf\u00fcr zu sorgen, dass die vertraglichen Verpflichtungen auch von allen f\u00fcr ihn t\u00e4tigen Dritten und seinen Besuchern beachtet werden.<\/li><li>Die Verwendung von Materialien und Hilfsmitteln, durch die Besch\u00e4digungen oder Verunreinigungen des Studios und des Inventars oder eine Gef\u00e4hrdung von Menschen verursacht werden k\u00f6nnten (z.B. offenes Feuer) ist untersagt.\u00a0<\/li><li>Tiere d\u00fcrfen nicht mitgebracht werden.<\/li><li>Ein Umbau oder Reparatur der Mietger\u00e4te ist nicht erlaubt. Dies gilt insbesondere f\u00fcr Strom f\u00fchrende Teile. Das Inventar des Studios darf nicht au\u00dferhalb der R\u00e4umlichkeiten genutzt werden.<\/li><li>Ohne eine vorherige schriftliche Zustimmung ist der Mieter nicht berechtigt, Rechte oder Pflichten aus diesem Vertrag ganz oder teilweise an Dritte zu \u00fcbertragen. Stimme ich zu, haften der Mieter und der Dritte gesamtschuldnerisch.<\/li><li>Workshops\/Kurse\/Events bed\u00fcrfen der ausdr\u00fccklichen vorherigen Zustimmung der Vermieterin.<\/li><li>Die Vermieterin ist berechtigt, ohne Einhaltung von K\u00fcndigungsfristen unter Ausschluss jeglicher Schadensersatzverpflichtungen des Mieters vom Mietvertrag vorzeitig zur\u00fcckzutreten, wenn der Mieter grob fahrl\u00e4ssig handelt, die Betriebssicherheit gef\u00e4hrdet oder gegen Vereinbarungen verst\u00f6\u00dft.<\/li><li>Das Umsetzen pornografischer Arbeiten ist nicht gestattet.<\/li><li>Kann das Studio aufgrund h\u00f6herer Gewalt (z.B. durch einen Stromausfall, Wasserschaden, Ger\u00e4uschkulisse durch nicht angek\u00fcndigte Handwerk\/Bauarbeiten in N\u00e4he des Studios) nicht oder nur teilweise wie vom Mieter geplant genutzt werden, erl\u00e4sst die Vermieterin die gesamte Mietgeb\u00fchr, \u00fcbernimmt aber in keinem Fall die Haftung f\u00fcr entstandene Sch\u00e4den wie Model\u00adgagen, Anfahrtskosten oder solche, die durch eine nicht fristgerechte Ablieferung der geplanten Ergebnisse entstehen.<\/li><li>Private Nutzung: Private, nichtkommerzielle Projekte sind beispielsweise Shootings f\u00fcr Privatpersonen von bis zu 6 Parteien, freie Arbeiten, eigene Portfolio- &amp; Styledshoots mit maximal 5 Dienstleister:innen.<\/li><li>Kommerzielle Nutzung: Shootings f\u00fcr Gesch\u00e4ftskund:innen, gewerbliche Arbeiten (Werbung, Kampagnen, Kataloge, etc.), Veranstaltungen\/Workshops\/Retreats, Content Creation f\u00fcr Influencer, Brands &amp; Unternehmen, Musikvideos, Produktionen &amp; Styledshoots mit mehr als 5 Dienstleister:innen.<\/li><\/ol><div>\u00a0<\/div><p><strong>Zustand der R\u00e4ume<\/strong><\/p><ol><li>Der Raum wird im besenreinen Zustand vermietet. Der Zustand ist auf Sauberkeit und Vollst\u00e4ndigkeit bei Mietbeginn vom Mieter zu pr\u00fcfen.<\/li><li>Bei Mietende muss das Studio und die R\u00e4ume in gleichem Zustand \u00fcbergeben werden. Die daf\u00fcr ben\u00f6tigte Zeit ist vom Mieter in seiner Mietzeit zu ber\u00fccksichtigen. Wird das Studio in einem Zustand verlassen, der gravierend unterschiedlich zum Ursprung ist (Bsp. Position der M\u00f6bel) wird eine Aufr\u00e4umpauschale berechnet.<\/li><li>Eine Endreinigung des Studios und der sanit\u00e4ren Einrichtungen nach Produktionsschluss ist grunds\u00e4tzlich vorgesehen und im Mietpreis enthalten. Bei grober Verschmutzung werden zus\u00e4tzlich Endreinigungskosten \u00a0verrechnen.<\/li><\/ol><p><strong>Eigentumsvorbehalt<\/strong><\/p><ol><li>Alle von Mietstudio vermieteten Ger\u00e4te und Gegenst\u00e4nde bleiben uneingeschr\u00e4nkt Eigentum des Vermieters.<\/li><li>Verkauf, Verleih, \u00dcberlassung an Dritte oder das Entfernen von vermieteten Gegenst\u00e4nden aus den Mietr\u00e4umen ist nicht gestattet.<\/li><\/ol><p><strong>Haftung<\/strong><\/p><ol><li>Das Betreten des Studios und des Grundst\u00fccks des Studios durch den Mieter und Dritten geschieht ausschlie\u00dflich auf eigene Gefahr.<\/li><li>F\u00fcr die vom Mieter oder Dritter in die R\u00e4umlichkeiten mitgebrachten Ger\u00e4te und Gegenst\u00e4nde \u00fcbernimmt der Vermieter keine Haftung.<\/li><li>Der Mieter haftet gegen\u00fcber dem Vermieter f\u00fcr alle w\u00e4hrend der Mietdauer entstehenden Sch\u00e4den, an den R\u00e4umlichkeiten sowie allem Inventar. Inbegriffen sind auch Folgesch\u00e4den wie z.B. Mietausfall. Der Mieter haftet auch f\u00fcr Sch\u00e4den, die Besucher und Models des Mieters verursacht haben. Der Mieter stellt den Vermieter von der Haftung Dritter f\u00fcr entsprechende Sch\u00e4den frei.<\/li><li>Der Vermieter haftet f\u00fcr Ausfallsch\u00e4den des Mieters nur bei Vorsatz und grober Fahrl\u00e4ssigkeit. Eine Haftung des Vermieters f\u00fcr Sch\u00e4den aufgrund h\u00f6herer Gewalt ist ausgeschlossen.<\/li><\/ol><p><strong>Recht<\/strong><\/p><ol><li>S\u00e4mtliche mietvertraglichen Gesch\u00e4ftsbeziehungen unterliegen ausschlie\u00dflich deutschem Recht.<\/li><li>Nebenabreden zu diesem Vertrag bed\u00fcrfen zu ihrer Wirksamkeit der Schriftform.<\/li><li>Die etwaige Nichtigkeit bzw. Unwirksamkeit einer oder mehrerer Bestimmungen dieses Vertrages ber\u00fchrt nicht die Wirksamkeit der \u00fcbrigen Bestimmungen. Die Parteien verpflichten sich, die ung\u00fcltige Bestimmung zu ersetzen, durch eine Bestimmung die der angestrebten Regelung wirtschaftlich und juristisch am n\u00e4chsten kommt.<\/li><li>Erf\u00fcllungsort und Gerichtsstand ist M\u00fcnster<\/li><\/ol>\t\t\t\t\t\t\t\t<\/div>\n\t\t\t\t<\/div>\n\t\t\t\t<div class=\"elementor-element elementor-element-7cbeef2 elementor-widget elementor-widget-text-editor\" data-id=\"7cbeef2\" data-element_type=\"widget\" data-widget_type=\"text-editor.default\">\n\t\t\t\t<div class=\"elementor-widget-container\">\n\t\t\t\t\t\t\t\t\t<p>Dienstleistungen<\/p>\t\t\t\t\t\t\t\t<\/div>\n\t\t\t\t<\/div>\n\t\t\t\t<div class=\"elementor-element elementor-element-afcb329 elementor-widget elementor-widget-text-editor\" data-id=\"afcb329\" data-element_type=\"widget\" data-widget_type=\"text-editor.default\">\n\t\t\t\t<div class=\"elementor-widget-container\">\n\t\t\t\t\t\t\t\t\t<p class=\"cvGsUA direction-ltr align-start para-style-body\"><strong><span class=\"OYPEnA font-feature-liga-off font-feature-clig-off font-feature-calt-off text-decoration-none text-strikethrough-none\">Geltungsbereich<\/span><\/strong><\/p><p class=\"cvGsUA direction-ltr align-start para-style-body\"><span class=\"OYPEnA font-feature-liga-off font-feature-clig-off font-feature-calt-off text-decoration-none text-strikethrough-none\">Die Beauftragung von Dienstleistungen und Auslieferung von digitalen Waren, ausgef\u00fchrt von Farina Hannemann\/Farina Renegade\/Studio Renegade, L\u00fctkenbecker Weg 10, 48155 M\u00fcnster, unterliegen den folgenden allgemeinen Gesch\u00e4ftsbedingungen.<\/span><\/p><p class=\"cvGsUA direction-ltr align-start para-style-body\"><strong><span class=\"OYPEnA font-feature-liga-off font-feature-clig-off font-feature-calt-off text-decoration-none text-strikethrough-none\">Widerrufsrecht, R\u00fccknahmen und Umtausch<\/span><\/strong><\/p><p class=\"cvGsUA direction-ltr align-start para-style-body\"><span class=\"OYPEnA font-feature-liga-off font-feature-clig-off font-feature-calt-off text-decoration-none text-strikethrough-none\">Das Widerrufsrecht f\u00fcr digitale Waren erlischt nach \u00a7 356 Abs. 5 BGB. <br \/><\/span>Die R\u00fccknahme und der Umtausch von digitalen Waren ist ausgeschlossen. <br \/>Fotos, Videos, Stockfotos, Stockvideos, Templates sowie Pr\u00e4sentationen k\u00f6nnen nach der finalen Auslieferung nicht zur\u00fcckgegeben werden.<br \/><span class=\"OYPEnA font-feature-liga-off font-feature-clig-off font-feature-calt-off text-decoration-none text-strikethrough-none\">Die finale Auslieferung von Fotos und Videos ist die \u00dcbersendung eines Links mit Download-Funktion.<\/span><\/p><p class=\"cvGsUA direction-ltr align-start para-style-body\"><strong><span class=\"OYPEnA font-feature-liga-off font-feature-clig-off font-feature-calt-off text-decoration-none text-strikethrough-none\">Unbearbeitete Bilder<\/span><\/strong><\/p><p class=\"cvGsUA direction-ltr align-start para-style-body\"><span class=\"OYPEnA font-feature-liga-off font-feature-clig-off font-feature-calt-off text-decoration-none text-strikethrough-none\">Die Nutzung von unbearbeiteten Bildern ist untersagt. Die Online-Galerie dient der Auswahl der Bilder. Das Teilen von unbearbeiteten Bildern verpflichtet zum Kauf und werden ohne vorherige Absprache in Rechnung gestellt.<br \/><\/span><span class=\"OYPEnA font-feature-liga-off font-feature-clig-off font-feature-calt-off text-decoration-none text-strikethrough-none\">Auch auf Anfrage werden keine unbearbeiteten Bilder herausgegeben.<\/span><\/p><p class=\"cvGsUA direction-ltr align-start para-style-body\"><strong><span class=\"OYPEnA font-feature-liga-off font-feature-clig-off font-feature-calt-off text-decoration-none text-strikethrough-none\">Ver\u00f6ffentlichung der Bilder<\/span><\/strong><\/p><p class=\"cvGsUA direction-ltr align-start para-style-body\"><span class=\"OYPEnA font-feature-liga-off font-feature-clig-off font-feature-calt-off text-decoration-none text-strikethrough-none\">Farina Hannemann\/Farina Renegade\/Studio Renegade hat das Recht zur Eigennutzung und zur Namensnennung der entstandenen Bilder, sofern diese nicht ausgeschlossen werden.<\/span><\/p><p class=\"cvGsUA direction-ltr align-start para-style-body\"><strong><span class=\"OYPEnA font-feature-liga-off font-feature-clig-off font-feature-calt-off text-decoration-none text-strikethrough-none\">Auslieferung der Bilder<\/span><\/strong><\/p><p class=\"cvGsUA direction-ltr align-start para-style-body\"><span class=\"OYPEnA font-feature-liga-off font-feature-clig-off font-feature-calt-off text-decoration-none text-strikethrough-none\">Die Auslieferung der finalen Bilder\/Videos erfolgt \u00fcber einen Download Link nach Zahlungseingang.<\/span><\/p><p class=\"cvGsUA direction-ltr align-start para-style-body\"><strong><span class=\"OYPEnA font-feature-liga-off font-feature-clig-off font-feature-calt-off text-decoration-none text-strikethrough-none\">Zahlung<\/span><\/strong><\/p><p class=\"cvGsUA direction-ltr align-start para-style-body\"><span class=\"OYPEnA font-feature-liga-off font-feature-clig-off font-feature-calt-off text-decoration-none text-strikethrough-none\">Nach Erhalt der Rechnung ist der Rechnungsbetrag binnen 7 Tagen auf das angegebene Konto zu \u00fcberweisen. Eine Zahlung auf Raten kann nach individueller Absprache vereinbart werden.<\/span><\/p><p class=\"cvGsUA direction-ltr align-start para-style-body\"><strong><span class=\"OYPEnA font-feature-liga-off font-feature-clig-off font-feature-calt-off text-decoration-none text-strikethrough-none\">Retusche<\/span><\/strong><\/p><p class=\"cvGsUA direction-ltr align-start para-style-body\"><span class=\"OYPEnA font-feature-liga-off font-feature-clig-off font-feature-calt-off text-decoration-none text-strikethrough-none\">Im Kauf von Bilder\/Videos eines Shootings ist eine extra Retusche inklusive.<br \/><\/span>W\u00e4hrend der Ansicht und Auswahl der unbearbeiteten Bilder besteht die M\u00f6glichkeit, \u00fcber Kommentare besondere Retusche W\u00fcnsche abzugeben. Auf diese W\u00fcnsche eingehend, werden die Bilder retuschiert und ausgeliefert. Sollte noch etwas nicht zu deiner Zufriedenheit sein, besteht die M\u00f6glichkeit einer weiteren Retusche.<br \/><span class=\"OYPEnA font-feature-liga-off font-feature-clig-off font-feature-calt-off text-decoration-none text-strikethrough-none\">Jede weitere Runde wird nach vorheriger Absprache des Preises in Rechnung gestellt.<br \/><\/span><\/p><p class=\"cvGsUA direction-ltr align-start para-style-body\"><strong><span class=\"OYPEnA font-feature-liga-off font-feature-clig-off font-feature-calt-off text-decoration-none text-strikethrough-none\">Studio Guide<\/span><\/strong><\/p><p class=\"cvGsUA direction-ltr align-start para-style-body\"><span class=\"OYPEnA font-feature-liga-off font-feature-clig-off font-feature-calt-off text-decoration-none text-strikethrough-none\">Es ist nicht gestattet den Studio Guide zu teilen, zu verkaufen oder als deinen Eigenen auszugeben.<\/span><\/p><p class=\"cvGsUA direction-ltr align-start para-style-body\"><strong><span class=\"OYPEnA font-feature-liga-off font-feature-clig-off font-feature-calt-off text-decoration-none text-strikethrough-none\">Coaching<\/span><\/strong><\/p><p class=\"cvGsUA direction-ltr align-start para-style-body\"><span class=\"OYPEnA font-feature-liga-off font-feature-clig-off font-feature-calt-off text-decoration-none text-strikethrough-none\">Es ist nicht gestattet, den Coaching Call aufzuzeichnen. Die Pr\u00e4sentation des Coaching Calls wird personalisiert erstellt und anschlie\u00dfend versandt. Es ist nicht gestattet, diese Pr\u00e4sentation mit anderen zu teilen, zu verkaufen oder als die Eigene auszugeben.<br \/><\/span><span class=\"OYPEnA font-feature-liga-off font-feature-clig-off font-feature-calt-off text-decoration-none text-strikethrough-none\">Das Coaching ist eine Hilfestellung zu vorher besprochenen Zielen.<br \/><\/span><span class=\"OYPEnA font-feature-liga-off font-feature-clig-off font-feature-calt-off text-decoration-none text-strikethrough-none\">Das Coaching kann keine Zielerreichung garantieren.<br \/><\/span>Das Coaching gibt keine Beratung zu finanziellen oder steuerlichen Themen.<\/p><p class=\"cvGsUA direction-ltr align-start para-style-body\"><strong><span class=\"OYPEnA font-feature-liga-off font-feature-clig-off font-feature-calt-off text-decoration-none text-strikethrough-none\">Datenschutz<\/span><\/strong><\/p><p class=\"cvGsUA direction-ltr align-start para-style-body\"><span class=\"OYPEnA font-feature-liga-off font-feature-clig-off font-feature-calt-off text-decoration-none text-strikethrough-none\">Die zur Vertragserf\u00fcllung erforderlichen personenbezogenen Daten der auftraggebenden oder lizenznehmende Person werden von Farina Hannemann\/Farina Renegade\/Studio Renegade gespeichert.<\/span><\/p><p class=\"cvGsUA direction-ltr align-start para-style-body\"><span class=\"OYPEnA font-feature-liga-off font-feature-clig-off font-feature-calt-off text-decoration-none text-strikethrough-none\">Farina Hannemann\/Farina Renegade\/Studio Renegade verpflichtet sich, alle im Rahmen des Auftrages bekannt gewordenen Informationen vertraulich zu behandeln und Aufnahmen &#8211; au\u00dfer zur Eigennutzung &#8211; nicht ohne Einwilligung der auftraggebenden oder lizenznehmende Person zu verwenden.<\/span><\/p><p class=\"cvGsUA direction-ltr align-start para-style-body\"><strong><span class=\"OYPEnA font-feature-liga-off font-feature-clig-off font-feature-calt-off text-decoration-none text-strikethrough-none\">Shooting Absagen<\/span><\/strong><\/p><p class=\"cvGsUA direction-ltr align-start para-style-body\"><span class=\"OYPEnA font-feature-liga-off font-feature-clig-off font-feature-calt-off text-decoration-none text-strikethrough-none\">Bei Absage des Shootings wird die geleistete Anzahlung nicht zur\u00fcck gezahlt. Wird das Shooting mind. 3 Tage vor dem Shootingtermin auf einen festen, neuen Termin verschoben, muss keine neue Anzahlung get\u00e4tigt werden.<\/span><\/p><p class=\"cvGsUA direction-ltr align-start para-style-body\"><strong><span class=\"OYPEnA font-feature-liga-off font-feature-clig-off font-feature-calt-off text-decoration-none text-strikethrough-none\">Schlussbestimmung<\/span><\/strong><\/p><p class=\"cvGsUA direction-ltr align-start para-style-body\"><span class=\"OYPEnA font-feature-liga-off font-feature-clig-off font-feature-calt-off text-decoration-none text-strikethrough-none\">\u00c4nderungen, Erg\u00e4nzungen und Nebenabreden bed\u00fcrfen, sofern in diesen AGB nichts anderes bestimmt ist, zu ihrer Wirksamkeit der Schriftform. Das Schriftformerfordernis gilt auch f\u00fcr den Verzicht auf dieses Formerfordernis.<\/span><\/p><p class=\"cvGsUA direction-ltr align-start para-style-body\"><span class=\"OYPEnA font-feature-liga-off font-feature-clig-off font-feature-calt-off text-decoration-none text-strikethrough-none\">Sollte eine der vorangehenden Bestimmungen unwirksam oder undurchf\u00fchrbar sein, bleibt die Wirksamkeit der \u00fcbrigen Bestimmungen davon unber\u00fchrt. Anstelle der unwirksamen oder undurchf\u00fchrbaren Bestimmung wird einvernehmlich eine geeignete, dem wirtschaftlichen Erfolg m\u00f6glichst nahekommende rechtswirksame Ersatzbestimmung getroffen.<\/span><\/p><p class=\"cvGsUA direction-ltr align-start para-style-body\"><span class=\"OYPEnA font-feature-liga-off font-feature-clig-off font-feature-calt-off text-decoration-none text-strikethrough-none\">Der Gerichtsstand richtet sich nach den gesetzlichen Bestimmungen. Es gilt das Recht der Bundesrepublik Deutschland.<\/span><\/p><p class=\"cvGsUA direction-ltr align-start para-style-body\"><span class=\"OYPEnA font-feature-liga-off font-feature-clig-off font-feature-calt-off text-decoration-none text-strikethrough-none\">Sollte eine Bestimmung dieser Allgemeinen Gesch\u00e4ftsbedingungen unwirksam sein, wird davon die Wirksamkeit der \u00fcbrigen Bestimmungen nicht ber\u00fchrt.<\/span><\/p><p class=\"cvGsUA direction-ltr align-start para-style-body\"><span class=\"OYPEnA font-feature-liga-off font-feature-clig-off font-feature-calt-off text-decoration-none text-strikethrough-none\">Abweichende Bedingungen die auftraggebenden oder lizenznehmenden Person werden nicht anerkannt, es sei denn, Farina Hannemann\/Farina Renegade\/Studio Renegade stimmt deren Geltung ausdr\u00fccklich zu.<\/span><\/p><p class=\"cvGsUA direction-ltr align-start para-style-body\">\u00a0<\/p><p class=\"cvGsUA direction-ltr align-start para-style-body\"><span class=\"OYPEnA font-feature-liga-off font-feature-clig-off font-feature-calt-off text-decoration-none text-strikethrough-none\">Zuwiderhandlungen der oben genannten Gesch\u00e4ftsbedingungen werden rechtlich verfolgt.<\/span><\/p>\t\t\t\t\t\t\t\t<\/div>\n\t\t\t\t<\/div>\n\t\t\t\t\t<\/div>\n\t\t\t\t<\/div>\n\t\t\t\t<\/div>","protected":false},"excerpt":{"rendered":"<p>Allgemeine Gesch\u00e4ftsbedingungen Studiomiete Allgemein Die nachfolgenden allgemeinen Miet- und Gesch\u00e4ftsbedingungen (im folgenden AGB genannt) gelten f\u00fcr die Vermietung des Studios und der in der Mietsache enthaltenen Gegenst\u00e4nde, technischen Ger\u00e4te und Anlagen. Sie gelten als vereinbart, mit der \u00dcbernahme des Studios bzw. des Angebotes, durch den Kunden. Vertragliche Abreden zwischen den Parteien, die Bestimmungen der AGB [&hellip;]<\/p>","protected":false},"author":1,"featured_media":0,"parent":0,"menu_order":0,"comment_status":"closed","ping_status":"closed","template":"","meta":{"footnotes":""},"class_list":["post-7189","page","type-page","status-publish","hentry"],"_links":{"self":[{"href":"https:\/\/studiorenegade.de\/en\/wp-json\/wp\/v2\/pages\/7189","targetHints":{"allow":["GET"]}}],"collection":[{"href":"https:\/\/studiorenegade.de\/en\/wp-json\/wp\/v2\/pages"}],"about":[{"href":"https:\/\/studiorenegade.de\/en\/wp-json\/wp\/v2\/types\/page"}],"author":[{"embeddable":true,"href":"https:\/\/studiorenegade.de\/en\/wp-json\/wp\/v2\/users\/1"}],"replies":[{"embeddable":true,"href":"https:\/\/studiorenegade.de\/en\/wp-json\/wp\/v2\/comments?post=7189"}],"version-history":[{"count":10,"href":"https:\/\/studiorenegade.de\/en\/wp-json\/wp\/v2\/pages\/7189\/revisions"}],"predecessor-version":[{"id":7784,"href":"https:\/\/studiorenegade.de\/en\/wp-json\/wp\/v2\/pages\/7189\/revisions\/7784"}],"wp:attachment":[{"href":"https:\/\/studiorenegade.de\/en\/wp-json\/wp\/v2\/media?parent=7189"}],"curies":[{"name":"wp","href":"https:\/\/api.w.org\/{rel}","templated":true}]}}