{"id":6776,"date":"2024-06-27T17:18:10","date_gmt":"2024-06-27T15:18:10","guid":{"rendered":"https:\/\/studiorenegade.de\/?page_id=6776"},"modified":"2024-07-01T08:28:36","modified_gmt":"2024-07-01T06:28:36","slug":"all-the-vibes-package","status":"publish","type":"page","link":"https:\/\/studiorenegade.de\/en\/all-the-vibes-package\/","title":{"rendered":"all the vibes package"},"content":{"rendered":"<div data-elementor-type=\"wp-page\" data-elementor-id=\"6776\" class=\"elementor elementor-6776\" data-elementor-post-type=\"page\">\n\t\t\t\t<div class=\"elementor-element elementor-element-1b27da30 e-flex e-con-boxed e-con e-parent\" data-id=\"1b27da30\" data-element_type=\"container\" data-settings=\"{&quot;background_background&quot;:&quot;classic&quot;,&quot;background_motion_fx_motion_fx_scrolling&quot;:&quot;yes&quot;,&quot;background_motion_fx_translateY_effect&quot;:&quot;yes&quot;,&quot;background_motion_fx_translateY_speed&quot;:{&quot;unit&quot;:&quot;px&quot;,&quot;size&quot;:4,&quot;sizes&quot;:[]},&quot;background_motion_fx_translateY_affectedRange&quot;:{&quot;unit&quot;:&quot;%&quot;,&quot;size&quot;:&quot;&quot;,&quot;sizes&quot;:{&quot;start&quot;:0,&quot;end&quot;:100}},&quot;background_motion_fx_devices&quot;:[&quot;desktop&quot;,&quot;tablet&quot;,&quot;mobile&quot;]}\">\n\t\t\t\t\t<div class=\"e-con-inner\">\n\t\t\t\t<div class=\"elementor-element elementor-element-7b10862 elementor-widget elementor-widget-spacer\" data-id=\"7b10862\" data-element_type=\"widget\" data-widget_type=\"spacer.default\">\n\t\t\t\t<div class=\"elementor-widget-container\">\n\t\t\t\t\t\t\t<div class=\"elementor-spacer\">\n\t\t\t<div class=\"elementor-spacer-inner\"><\/div>\n\t\t<\/div>\n\t\t\t\t\t\t<\/div>\n\t\t\t\t<\/div>\n\t\t\t\t<div class=\"elementor-element elementor-element-39309c8 elementor-widget__width-initial elementor-invisible elementor-widget elementor-widget-text-editor\" data-id=\"39309c8\" data-element_type=\"widget\" data-settings=\"{&quot;_animation&quot;:&quot;fadeIn&quot;}\" data-widget_type=\"text-editor.default\">\n\t\t\t\t<div class=\"elementor-widget-container\">\n\t\t\t\t\t\t\t\t\t<p>THIS IS THE<\/p>\t\t\t\t\t\t\t\t<\/div>\n\t\t\t\t<\/div>\n\t\t\t\t<div class=\"elementor-element elementor-element-613eba9f elementor-widget elementor-widget-heading\" data-id=\"613eba9f\" data-element_type=\"widget\" data-widget_type=\"heading.default\">\n\t\t\t\t<div class=\"elementor-widget-container\">\n\t\t\t\t\t<h2 class=\"elementor-heading-title elementor-size-default\"><i>all the vibes<\/i> Package<\/h2>\t\t\t\t<\/div>\n\t\t\t\t<\/div>\n\t\t\t\t\t<\/div>\n\t\t\t\t<\/div>\n\t\t<div class=\"elementor-element elementor-element-779fbce7 e-flex e-con-boxed e-con e-parent\" data-id=\"779fbce7\" data-element_type=\"container\">\n\t\t\t\t\t<div class=\"e-con-inner\">\n\t\t<div class=\"elementor-element elementor-element-2854bcc e-con-full e-flex e-con e-child\" data-id=\"2854bcc\" data-element_type=\"container\">\n\t\t\t\t<\/div>\n\t\t<div class=\"elementor-element elementor-element-3ab9fa63 e-con-full e-flex e-con e-child\" data-id=\"3ab9fa63\" data-element_type=\"container\">\n\t\t\t\t<div class=\"elementor-element elementor-element-3170e9f5 e-transform elementor-widget elementor-widget-image\" data-id=\"3170e9f5\" data-element_type=\"widget\" data-settings=\"{&quot;motion_fx_motion_fx_scrolling&quot;:&quot;yes&quot;,&quot;motion_fx_translateY_effect&quot;:&quot;yes&quot;,&quot;motion_fx_translateY_speed&quot;:{&quot;unit&quot;:&quot;px&quot;,&quot;size&quot;:1,&quot;sizes&quot;:[]},&quot;motion_fx_translateY_affectedRange&quot;:{&quot;unit&quot;:&quot;%&quot;,&quot;size&quot;:&quot;&quot;,&quot;sizes&quot;:{&quot;start&quot;:0,&quot;end&quot;:100}},&quot;motion_fx_devices&quot;:[&quot;desktop&quot;,&quot;tablet&quot;,&quot;mobile&quot;],&quot;_transform_rotateZ_effect&quot;:{&quot;unit&quot;:&quot;px&quot;,&quot;size&quot;:&quot;&quot;,&quot;sizes&quot;:[]},&quot;_transform_rotateZ_effect_tablet&quot;:{&quot;unit&quot;:&quot;deg&quot;,&quot;size&quot;:&quot;&quot;,&quot;sizes&quot;:[]},&quot;_transform_rotateZ_effect_mobile&quot;:{&quot;unit&quot;:&quot;deg&quot;,&quot;size&quot;:&quot;&quot;,&quot;sizes&quot;:[]}}\" data-widget_type=\"image.default\">\n\t\t\t\t<div class=\"elementor-widget-container\">\n\t\t\t\t\t\t\t\t\t\t\t\t\t\t\t<img fetchpriority=\"high\" decoding=\"async\" width=\"800\" height=\"500\" src=\"https:\/\/studiorenegade.de\/wp-content\/uploads\/2024\/06\/FarinaRenegade-Stockfoto-Stockvideo-Stockphoto-allthevibes-Package-2-1024x640.png\" class=\"attachment-large size-large wp-image-6783\" alt=\"\" srcset=\"https:\/\/studiorenegade.de\/wp-content\/uploads\/2024\/06\/FarinaRenegade-Stockfoto-Stockvideo-Stockphoto-allthevibes-Package-2-1024x640.png 1024w, https:\/\/studiorenegade.de\/wp-content\/uploads\/2024\/06\/FarinaRenegade-Stockfoto-Stockvideo-Stockphoto-allthevibes-Package-2-300x188.png 300w, https:\/\/studiorenegade.de\/wp-content\/uploads\/2024\/06\/FarinaRenegade-Stockfoto-Stockvideo-Stockphoto-allthevibes-Package-2-768x480.png 768w, https:\/\/studiorenegade.de\/wp-content\/uploads\/2024\/06\/FarinaRenegade-Stockfoto-Stockvideo-Stockphoto-allthevibes-Package-2-18x12.png 18w, https:\/\/studiorenegade.de\/wp-content\/uploads\/2024\/06\/FarinaRenegade-Stockfoto-Stockvideo-Stockphoto-allthevibes-Package-2.png 1280w\" sizes=\"(max-width: 800px) 100vw, 800px\" \/>\t\t\t\t\t\t\t\t\t\t\t\t\t\t\t<\/div>\n\t\t\t\t<\/div>\n\t\t\t\t<\/div>\n\t\t<div class=\"elementor-element elementor-element-4113f675 e-con-full e-flex e-con e-child\" data-id=\"4113f675\" data-element_type=\"container\">\n\t\t\t\t<\/div>\n\t\t\t\t\t<\/div>\n\t\t\t\t<\/div>\n\t\t<div class=\"elementor-element elementor-element-5c689ab2 e-flex e-con-boxed e-con e-parent\" data-id=\"5c689ab2\" data-element_type=\"container\">\n\t\t\t\t\t<div class=\"e-con-inner\">\n\t\t\t\t<div class=\"elementor-element elementor-element-761a2c50 elementor-widget elementor-widget-text-editor\" data-id=\"761a2c50\" data-element_type=\"widget\" data-widget_type=\"text-editor.default\">\n\t\t\t\t<div class=\"elementor-widget-container\">\n\t\t\t\t\t\t\t\t\t<p>For over 2 years I have been capturing scenes that were perfect as stock photos but never published. With the all the vibes package, all these images, created with attention to detail, have found a place to be used in the way they deserve.\u00a0<\/p>\t\t\t\t\t\t\t\t<\/div>\n\t\t\t\t<\/div>\n\t\t\t\t\t<\/div>\n\t\t\t\t<\/div>\n\t\t<div class=\"elementor-element elementor-element-33a86580 e-flex e-con-boxed e-con e-parent\" data-id=\"33a86580\" data-element_type=\"container\">\n\t\t\t\t\t<div class=\"e-con-inner\">\n\t\t<div class=\"elementor-element elementor-element-74412e98 e-con-full e-flex e-con e-child\" data-id=\"74412e98\" data-element_type=\"container\">\n\t\t\t\t<div class=\"elementor-element elementor-element-7212055 elementor-widget-mobile__width-initial elementor-widget elementor-widget-image\" data-id=\"7212055\" data-element_type=\"widget\" data-settings=\"{&quot;motion_fx_motion_fx_scrolling&quot;:&quot;yes&quot;,&quot;motion_fx_translateY_effect&quot;:&quot;yes&quot;,&quot;motion_fx_translateY_direction&quot;:&quot;negative&quot;,&quot;motion_fx_translateY_speed&quot;:{&quot;unit&quot;:&quot;px&quot;,&quot;size&quot;:1,&quot;sizes&quot;:[]},&quot;motion_fx_translateY_affectedRange&quot;:{&quot;unit&quot;:&quot;%&quot;,&quot;size&quot;:&quot;&quot;,&quot;sizes&quot;:{&quot;start&quot;:0,&quot;end&quot;:100}},&quot;motion_fx_devices&quot;:[&quot;desktop&quot;,&quot;tablet&quot;,&quot;mobile&quot;]}\" data-widget_type=\"image.default\">\n\t\t\t\t<div class=\"elementor-widget-container\">\n\t\t\t\t\t\t\t\t\t\t\t\t\t\t\t<img decoding=\"async\" width=\"800\" height=\"1000\" src=\"https:\/\/studiorenegade.de\/wp-content\/uploads\/2024\/06\/FarinaRenegade-Stockfoto-Stockvideo-Stockphoto-allthevibes-Package-5.png\" class=\"attachment-large size-large wp-image-6786\" alt=\"\" srcset=\"https:\/\/studiorenegade.de\/wp-content\/uploads\/2024\/06\/FarinaRenegade-Stockfoto-Stockvideo-Stockphoto-allthevibes-Package-5.png 800w, https:\/\/studiorenegade.de\/wp-content\/uploads\/2024\/06\/FarinaRenegade-Stockfoto-Stockvideo-Stockphoto-allthevibes-Package-5-240x300.png 240w, https:\/\/studiorenegade.de\/wp-content\/uploads\/2024\/06\/FarinaRenegade-Stockfoto-Stockvideo-Stockphoto-allthevibes-Package-5-768x960.png 768w, https:\/\/studiorenegade.de\/wp-content\/uploads\/2024\/06\/FarinaRenegade-Stockfoto-Stockvideo-Stockphoto-allthevibes-Package-5-10x12.png 10w\" sizes=\"(max-width: 800px) 100vw, 800px\" \/>\t\t\t\t\t\t\t\t\t\t\t\t\t\t\t<\/div>\n\t\t\t\t<\/div>\n\t\t\t\t<div class=\"elementor-element elementor-element-b0274b4 elementor-widget-mobile__width-initial elementor-widget elementor-widget-image\" data-id=\"b0274b4\" data-element_type=\"widget\" data-settings=\"{&quot;motion_fx_motion_fx_scrolling&quot;:&quot;yes&quot;,&quot;motion_fx_translateY_effect&quot;:&quot;yes&quot;,&quot;motion_fx_translateY_speed&quot;:{&quot;unit&quot;:&quot;px&quot;,&quot;size&quot;:1,&quot;sizes&quot;:[]},&quot;motion_fx_translateY_affectedRange&quot;:{&quot;unit&quot;:&quot;%&quot;,&quot;size&quot;:&quot;&quot;,&quot;sizes&quot;:{&quot;start&quot;:0,&quot;end&quot;:100}},&quot;motion_fx_devices&quot;:[&quot;desktop&quot;,&quot;tablet&quot;,&quot;mobile&quot;]}\" data-widget_type=\"image.default\">\n\t\t\t\t<div class=\"elementor-widget-container\">\n\t\t\t\t\t\t\t\t\t\t\t\t\t\t\t<img decoding=\"async\" width=\"800\" height=\"1000\" src=\"https:\/\/studiorenegade.de\/wp-content\/uploads\/2024\/06\/FarinaRenegade-Stockfoto-Stockvideo-Stockphoto-allthevibes-Package-4.png\" class=\"attachment-large size-large wp-image-6787\" alt=\"\" srcset=\"https:\/\/studiorenegade.de\/wp-content\/uploads\/2024\/06\/FarinaRenegade-Stockfoto-Stockvideo-Stockphoto-allthevibes-Package-4.png 800w, https:\/\/studiorenegade.de\/wp-content\/uploads\/2024\/06\/FarinaRenegade-Stockfoto-Stockvideo-Stockphoto-allthevibes-Package-4-240x300.png 240w, https:\/\/studiorenegade.de\/wp-content\/uploads\/2024\/06\/FarinaRenegade-Stockfoto-Stockvideo-Stockphoto-allthevibes-Package-4-768x960.png 768w, https:\/\/studiorenegade.de\/wp-content\/uploads\/2024\/06\/FarinaRenegade-Stockfoto-Stockvideo-Stockphoto-allthevibes-Package-4-10x12.png 10w\" sizes=\"(max-width: 800px) 100vw, 800px\" \/>\t\t\t\t\t\t\t\t\t\t\t\t\t\t\t<\/div>\n\t\t\t\t<\/div>\n\t\t\t\t<div class=\"elementor-element elementor-element-99d0337 elementor-widget-mobile__width-initial elementor-widget elementor-widget-image\" data-id=\"99d0337\" data-element_type=\"widget\" data-settings=\"{&quot;motion_fx_motion_fx_scrolling&quot;:&quot;yes&quot;,&quot;motion_fx_translateY_effect&quot;:&quot;yes&quot;,&quot;motion_fx_translateY_direction&quot;:&quot;negative&quot;,&quot;motion_fx_translateY_speed&quot;:{&quot;unit&quot;:&quot;px&quot;,&quot;size&quot;:1,&quot;sizes&quot;:[]},&quot;motion_fx_translateY_affectedRange&quot;:{&quot;unit&quot;:&quot;%&quot;,&quot;size&quot;:&quot;&quot;,&quot;sizes&quot;:{&quot;start&quot;:0,&quot;end&quot;:100}},&quot;motion_fx_devices&quot;:[&quot;desktop&quot;,&quot;tablet&quot;,&quot;mobile&quot;]}\" data-widget_type=\"image.default\">\n\t\t\t\t<div class=\"elementor-widget-container\">\n\t\t\t\t\t\t\t\t\t\t\t\t\t\t\t<img loading=\"lazy\" decoding=\"async\" width=\"800\" height=\"1000\" src=\"https:\/\/studiorenegade.de\/wp-content\/uploads\/2024\/06\/FarinaRenegade-Stockfoto-Stockvideo-Stockphoto-allthevibes-Package-3.png\" class=\"attachment-large size-large wp-image-6785\" alt=\"\" srcset=\"https:\/\/studiorenegade.de\/wp-content\/uploads\/2024\/06\/FarinaRenegade-Stockfoto-Stockvideo-Stockphoto-allthevibes-Package-3.png 800w, https:\/\/studiorenegade.de\/wp-content\/uploads\/2024\/06\/FarinaRenegade-Stockfoto-Stockvideo-Stockphoto-allthevibes-Package-3-240x300.png 240w, https:\/\/studiorenegade.de\/wp-content\/uploads\/2024\/06\/FarinaRenegade-Stockfoto-Stockvideo-Stockphoto-allthevibes-Package-3-768x960.png 768w, https:\/\/studiorenegade.de\/wp-content\/uploads\/2024\/06\/FarinaRenegade-Stockfoto-Stockvideo-Stockphoto-allthevibes-Package-3-10x12.png 10w\" sizes=\"(max-width: 800px) 100vw, 800px\" \/>\t\t\t\t\t\t\t\t\t\t\t\t\t\t\t<\/div>\n\t\t\t\t<\/div>\n\t\t\t\t<\/div>\n\t\t<div class=\"elementor-element elementor-element-66e4c4b8 e-con-full e-flex e-con e-child\" data-id=\"66e4c4b8\" data-element_type=\"container\">\n\t\t\t\t<div class=\"elementor-element elementor-element-41c23da6 elementor-widget elementor-widget-text-editor\" data-id=\"41c23da6\" data-element_type=\"widget\" data-widget_type=\"text-editor.default\">\n\t\t\t\t<div class=\"elementor-widget-container\">\n\t\t\t\t\t\t\t\t\t<p><em>all the vibes <\/em>Package:<\/p>\t\t\t\t\t\t\t\t<\/div>\n\t\t\t\t<\/div>\n\t\t\t\t<div class=\"elementor-element elementor-element-2cabd61a elementor-widget elementor-widget-text-editor\" data-id=\"2cabd61a\" data-element_type=\"widget\" data-widget_type=\"text-editor.default\">\n\t\t\t\t<div class=\"elementor-widget-container\">\n\t\t\t\t\t\t\t\t\t<ul><li>46 high-resolution stock photos as JPEGS files<\/li><li>Mix of light background motifs and work settings<\/li><li>sage, palo santo as well as Chanel and white wine<\/li><li>from fancy to spiritual<\/li><li>very versatile<\/li><li>Lizenzguide<\/li><\/ul>\t\t\t\t\t\t\t\t<\/div>\n\t\t\t\t<\/div>\n\t\t\t\t<div class=\"elementor-element elementor-element-8a3dc62 elementor-widget elementor-widget-text-editor\" data-id=\"8a3dc62\" data-element_type=\"widget\" data-widget_type=\"text-editor.default\">\n\t\t\t\t<div class=\"elementor-widget-container\">\n\t\t\t\t\t\t\t\t\t<p>25,99\u20ac<\/p>\t\t\t\t\t\t\t\t<\/div>\n\t\t\t\t<\/div>\n\t\t\t\t<div class=\"elementor-element elementor-element-25cbee2f elementor-widget elementor-widget-text-editor\" data-id=\"25cbee2f\" data-element_type=\"widget\" data-widget_type=\"text-editor.default\">\n\t\t\t\t<div class=\"elementor-widget-container\">\n\t\t\t\t\t\t\t\t\t<p>incl. tax<\/p>\t\t\t\t\t\t\t\t<\/div>\n\t\t\t\t<\/div>\n\t\t\t\t<div class=\"elementor-element elementor-element-43eae20c elementor-align-center elementor-widget elementor-widget-button\" data-id=\"43eae20c\" data-element_type=\"widget\" data-widget_type=\"button.default\">\n\t\t\t\t<div class=\"elementor-widget-container\">\n\t\t\t\t\t\t\t\t\t<div class=\"elementor-button-wrapper\">\n\t\t\t\t\t<a class=\"elementor-button elementor-button-link elementor-size-sm\" href=\"https:\/\/www.digistore24.com\/product\/558921\">\n\t\t\t\t\t\t<span class=\"elementor-button-content-wrapper\">\n\t\t\t\t\t\t\t\t\t<span class=\"elementor-button-text\">buy now<\/span>\n\t\t\t\t\t<\/span>\n\t\t\t\t\t<\/a>\n\t\t\t\t<\/div>\n\t\t\t\t\t\t\t\t<\/div>\n\t\t\t\t<\/div>\n\t\t\t\t<\/div>\n\t\t\t\t\t<\/div>\n\t\t\t\t<\/div>\n\t\t<div class=\"elementor-element elementor-element-2a28d3c3 e-flex e-con-boxed e-con e-parent\" data-id=\"2a28d3c3\" data-element_type=\"container\">\n\t\t\t\t\t<div class=\"e-con-inner\">\n\t\t<div class=\"elementor-element elementor-element-4eb54cf e-con-full e-flex e-con e-child\" data-id=\"4eb54cf\" data-element_type=\"container\">\n\t\t\t\t<div class=\"elementor-element elementor-element-2e09721b elementor-widget__width-initial elementor-widget elementor-widget-text-editor\" data-id=\"2e09721b\" data-element_type=\"widget\" data-widget_type=\"text-editor.default\">\n\t\t\t\t<div class=\"elementor-widget-container\">\n\t\t\t\t\t\t\t\t\t<p class=\"translation-block\">create what <em>you<\/em> want<\/p>\t\t\t\t\t\t\t\t<\/div>\n\t\t\t\t<\/div>\n\t\t\t\t<div class=\"elementor-element elementor-element-20e17a8d elementor-widget__width-initial elementor-widget elementor-widget-text-editor\" data-id=\"20e17a8d\" data-element_type=\"widget\" data-widget_type=\"text-editor.default\">\n\t\t\t\t<div class=\"elementor-widget-container\">\n\t\t\t\t\t\t\t\t\t<p>Whether it's a presentation, eBook, online course, newsletter, website or Instagram graphics - the possibilities are endless!<\/p>\t\t\t\t\t\t\t\t<\/div>\n\t\t\t\t<\/div>\n\t\t\t\t<\/div>\n\t\t<div class=\"elementor-element elementor-element-1da9cf7b e-con-full e-flex e-con e-child\" data-id=\"1da9cf7b\" data-element_type=\"container\">\n\t\t\t\t<div class=\"elementor-element elementor-element-1d0190c3 elementor-widget elementor-widget-image\" data-id=\"1d0190c3\" data-element_type=\"widget\" data-settings=\"{&quot;motion_fx_motion_fx_scrolling&quot;:&quot;yes&quot;,&quot;motion_fx_translateY_effect&quot;:&quot;yes&quot;,&quot;motion_fx_translateY_speed&quot;:{&quot;unit&quot;:&quot;px&quot;,&quot;size&quot;:2,&quot;sizes&quot;:[]},&quot;motion_fx_translateY_affectedRange&quot;:{&quot;unit&quot;:&quot;%&quot;,&quot;size&quot;:&quot;&quot;,&quot;sizes&quot;:{&quot;start&quot;:0,&quot;end&quot;:100}},&quot;motion_fx_devices&quot;:[&quot;desktop&quot;,&quot;tablet&quot;,&quot;mobile&quot;]}\" data-widget_type=\"image.default\">\n\t\t\t\t<div class=\"elementor-widget-container\">\n\t\t\t\t\t\t\t\t\t\t\t\t\t\t\t<img loading=\"lazy\" decoding=\"async\" width=\"800\" height=\"500\" src=\"https:\/\/studiorenegade.de\/wp-content\/uploads\/2024\/06\/FarinaRenegade-Stockfoto-Stockvideo-Stockphoto-allthevibes-Package-56-1024x640.png\" class=\"attachment-large size-large wp-image-6792\" alt=\"\" srcset=\"https:\/\/studiorenegade.de\/wp-content\/uploads\/2024\/06\/FarinaRenegade-Stockfoto-Stockvideo-Stockphoto-allthevibes-Package-56-1024x640.png 1024w, https:\/\/studiorenegade.de\/wp-content\/uploads\/2024\/06\/FarinaRenegade-Stockfoto-Stockvideo-Stockphoto-allthevibes-Package-56-300x188.png 300w, https:\/\/studiorenegade.de\/wp-content\/uploads\/2024\/06\/FarinaRenegade-Stockfoto-Stockvideo-Stockphoto-allthevibes-Package-56-768x480.png 768w, https:\/\/studiorenegade.de\/wp-content\/uploads\/2024\/06\/FarinaRenegade-Stockfoto-Stockvideo-Stockphoto-allthevibes-Package-56-18x12.png 18w, https:\/\/studiorenegade.de\/wp-content\/uploads\/2024\/06\/FarinaRenegade-Stockfoto-Stockvideo-Stockphoto-allthevibes-Package-56.png 1280w\" sizes=\"(max-width: 800px) 100vw, 800px\" \/>\t\t\t\t\t\t\t\t\t\t\t\t\t\t\t<\/div>\n\t\t\t\t<\/div>\n\t\t\t\t<\/div>\n\t\t\t\t\t<\/div>\n\t\t\t\t<\/div>\n\t\t<div class=\"elementor-element elementor-element-1f54bdb e-flex e-con-boxed e-con e-parent\" data-id=\"1f54bdb\" data-element_type=\"container\">\n\t\t\t\t\t<div class=\"e-con-inner\">\n\t\t\t\t<div class=\"elementor-element elementor-element-5de0624 elementor-widget elementor-widget-heading\" data-id=\"5de0624\" data-element_type=\"widget\" data-widget_type=\"heading.default\">\n\t\t\t\t<div class=\"elementor-widget-container\">\n\t\t\t\t\t<h2 class=\"elementor-heading-title elementor-size-default\">Lizenz<\/h2>\t\t\t\t<\/div>\n\t\t\t\t<\/div>\n\t\t\t\t<div class=\"elementor-element elementor-element-878d848 elementor-widget elementor-widget-text-editor\" data-id=\"878d848\" data-element_type=\"widget\" data-widget_type=\"text-editor.default\">\n\t\t\t\t<div class=\"elementor-widget-container\">\n\t\t\t\t\t\t\t\t\t<p>Mit dem Kauf der Stockfotos &amp; Videos erwirbst du die Nutzungslizenz.\u00a0<br \/>Mit dieser Lizenz darfst du die Visuals zeitlich unbegrenzt privat, sowie kommerziell nutzen ohne mich als Urheberin zu nennen &amp;<span style=\"font-weight: 400;\"> die Visuals ver\u00e4ndern.\u00a0<\/span><span style=\"font-weight: 400;\">Du darfst die Visuals f\u00fcr deine Kund:innen im Rahmen deiner Produkte nutzen. <\/span><span style=\"font-weight: 400;\"><br \/><\/span><span style=\"font-weight: 400;\">Beispiel Webdesign: Du darfst die Fotos als F\u00fcllbilder auf einer Website f\u00fcr deine Kundin benutzen.<\/span><\/p><p>Es ist dir nicht gestattet <span style=\"font-weight: 400;\">die Visuals in einem Produkt oder einem Service weiter zu verkaufen, die diesem \u00e4hnlich sind oder mit ihnen konkurrieren oder <\/span><span style=\"font-weight: 400;\">die Visuals kostenfrei weiter zu geben. <\/span><span style=\"font-weight: 400;\">Du darfst die Visuals nicht in einer diffamierenden, beleidigenden, pornografischen, widerrechtlichen oder illegalen Weise verwenden <\/span><span style=\"font-weight: 400;\">oder auf Produkten weiterverkaufen, die ausschlie\u00dflich das Bild zeigen (z.B. Tassen, T-Shirts, Postkarten, Prints).<\/span><\/p><p>Mit dem Kauf erkl\u00e4rst du dich damit einverstanden, dass Studio Renegade und ihre Besitzerin nicht f\u00fcr Sch\u00e4den verantwortlich sind, die sich aus Ihrer Nutzung dieser Visuals ergeben. Dein Kauf der Visuals stellt deine Zustimmung mit der Lizenz dar.<span style=\"font-weight: 400;\"><br \/><\/span><\/p>\t\t\t\t\t\t\t\t<\/div>\n\t\t\t\t<\/div>\n\t\t\t\t\t<\/div>\n\t\t\t\t<\/div>\n\t\t\t\t<\/div>","protected":false},"excerpt":{"rendered":"<p>THIS IS THE all the vibes Package Seit \u00fcber 2 Jahren halte ich Szenen fest, die sich perfekt als Stockfotos eigneten, aber nie ver\u00f6ffentlicht wurden. Mit dem all the vibes Package haben all diese, mit Liebe zum Detail erstellten Bilder einen Platz gefunden, um so genutzt werden zu k\u00f6nnen, wie sie es verdienen.\u00a0 all the [&hellip;]<\/p>","protected":false},"author":1,"featured_media":0,"parent":0,"menu_order":0,"comment_status":"closed","ping_status":"closed","template":"elementor_header_footer","meta":{"footnotes":""},"class_list":["post-6776","page","type-page","status-publish","hentry"],"_links":{"self":[{"href":"https:\/\/studiorenegade.de\/en\/wp-json\/wp\/v2\/pages\/6776","targetHints":{"allow":["GET"]}}],"collection":[{"href":"https:\/\/studiorenegade.de\/en\/wp-json\/wp\/v2\/pages"}],"about":[{"href":"https:\/\/studiorenegade.de\/en\/wp-json\/wp\/v2\/types\/page"}],"author":[{"embeddable":true,"href":"https:\/\/studiorenegade.de\/en\/wp-json\/wp\/v2\/users\/1"}],"replies":[{"embeddable":true,"href":"https:\/\/studiorenegade.de\/en\/wp-json\/wp\/v2\/comments?post=6776"}],"version-history":[{"count":10,"href":"https:\/\/studiorenegade.de\/en\/wp-json\/wp\/v2\/pages\/6776\/revisions"}],"predecessor-version":[{"id":6878,"href":"https:\/\/studiorenegade.de\/en\/wp-json\/wp\/v2\/pages\/6776\/revisions\/6878"}],"wp:attachment":[{"href":"https:\/\/studiorenegade.de\/en\/wp-json\/wp\/v2\/media?parent=6776"}],"curies":[{"name":"wp","href":"https:\/\/api.w.org\/{rel}","templated":true}]}}