{"id":6737,"date":"2024-06-27T15:43:00","date_gmt":"2024-06-27T13:43:00","guid":{"rendered":"https:\/\/studiorenegade.de\/?page_id=6737"},"modified":"2024-07-01T08:30:20","modified_gmt":"2024-07-01T06:30:20","slug":"studio-package","status":"publish","type":"page","link":"https:\/\/studiorenegade.de\/en\/studio-package\/","title":{"rendered":"Studio Package"},"content":{"rendered":"<div data-elementor-type=\"wp-page\" data-elementor-id=\"6737\" class=\"elementor elementor-6737\" data-elementor-post-type=\"page\">\n\t\t\t\t<div class=\"elementor-element elementor-element-4bf917c6 e-flex e-con-boxed e-con e-parent\" data-id=\"4bf917c6\" data-element_type=\"container\" data-settings=\"{&quot;background_background&quot;:&quot;classic&quot;,&quot;background_motion_fx_motion_fx_scrolling&quot;:&quot;yes&quot;,&quot;background_motion_fx_translateY_effect&quot;:&quot;yes&quot;,&quot;background_motion_fx_translateY_speed&quot;:{&quot;unit&quot;:&quot;px&quot;,&quot;size&quot;:4,&quot;sizes&quot;:[]},&quot;background_motion_fx_translateY_affectedRange&quot;:{&quot;unit&quot;:&quot;%&quot;,&quot;size&quot;:&quot;&quot;,&quot;sizes&quot;:{&quot;start&quot;:0,&quot;end&quot;:100}},&quot;background_motion_fx_devices&quot;:[&quot;desktop&quot;,&quot;tablet&quot;,&quot;mobile&quot;]}\">\n\t\t\t\t\t<div class=\"e-con-inner\">\n\t\t\t\t<div class=\"elementor-element elementor-element-1467b9d4 elementor-widget elementor-widget-spacer\" data-id=\"1467b9d4\" data-element_type=\"widget\" data-widget_type=\"spacer.default\">\n\t\t\t\t<div class=\"elementor-widget-container\">\n\t\t\t\t\t\t\t<div class=\"elementor-spacer\">\n\t\t\t<div class=\"elementor-spacer-inner\"><\/div>\n\t\t<\/div>\n\t\t\t\t\t\t<\/div>\n\t\t\t\t<\/div>\n\t\t\t\t<div class=\"elementor-element elementor-element-650e44f7 elementor-widget__width-initial elementor-invisible elementor-widget elementor-widget-text-editor\" data-id=\"650e44f7\" data-element_type=\"widget\" data-settings=\"{&quot;_animation&quot;:&quot;fadeIn&quot;}\" data-widget_type=\"text-editor.default\">\n\t\t\t\t<div class=\"elementor-widget-container\">\n\t\t\t\t\t\t\t\t\t<p>THIS IS THE<\/p>\t\t\t\t\t\t\t\t<\/div>\n\t\t\t\t<\/div>\n\t\t\t\t<div class=\"elementor-element elementor-element-465cd1f8 elementor-widget elementor-widget-heading\" data-id=\"465cd1f8\" data-element_type=\"widget\" data-widget_type=\"heading.default\">\n\t\t\t\t<div class=\"elementor-widget-container\">\n\t\t\t\t\t<h2 class=\"elementor-heading-title elementor-size-default\"><i>Studio<\/i> Package<\/h2>\t\t\t\t<\/div>\n\t\t\t\t<\/div>\n\t\t\t\t\t<\/div>\n\t\t\t\t<\/div>\n\t\t<div class=\"elementor-element elementor-element-6f526ec5 e-flex e-con-boxed e-con e-parent\" data-id=\"6f526ec5\" data-element_type=\"container\">\n\t\t\t\t\t<div class=\"e-con-inner\">\n\t\t<div class=\"elementor-element elementor-element-42935817 e-con-full e-flex e-con e-child\" data-id=\"42935817\" data-element_type=\"container\">\n\t\t\t\t<\/div>\n\t\t<div class=\"elementor-element elementor-element-60561e14 e-con-full e-flex e-con e-child\" data-id=\"60561e14\" data-element_type=\"container\">\n\t\t\t\t<div class=\"elementor-element elementor-element-606d5df1 e-transform elementor-widget elementor-widget-image\" data-id=\"606d5df1\" data-element_type=\"widget\" data-settings=\"{&quot;motion_fx_motion_fx_scrolling&quot;:&quot;yes&quot;,&quot;motion_fx_translateY_effect&quot;:&quot;yes&quot;,&quot;motion_fx_translateY_speed&quot;:{&quot;unit&quot;:&quot;px&quot;,&quot;size&quot;:1,&quot;sizes&quot;:[]},&quot;motion_fx_translateY_affectedRange&quot;:{&quot;unit&quot;:&quot;%&quot;,&quot;size&quot;:&quot;&quot;,&quot;sizes&quot;:{&quot;start&quot;:0,&quot;end&quot;:100}},&quot;motion_fx_devices&quot;:[&quot;desktop&quot;,&quot;tablet&quot;,&quot;mobile&quot;],&quot;_transform_rotateZ_effect&quot;:{&quot;unit&quot;:&quot;px&quot;,&quot;size&quot;:&quot;&quot;,&quot;sizes&quot;:[]},&quot;_transform_rotateZ_effect_tablet&quot;:{&quot;unit&quot;:&quot;deg&quot;,&quot;size&quot;:&quot;&quot;,&quot;sizes&quot;:[]},&quot;_transform_rotateZ_effect_mobile&quot;:{&quot;unit&quot;:&quot;deg&quot;,&quot;size&quot;:&quot;&quot;,&quot;sizes&quot;:[]}}\" data-widget_type=\"image.default\">\n\t\t\t\t<div class=\"elementor-widget-container\">\n\t\t\t\t\t\t\t\t\t\t\t\t\t\t\t<img fetchpriority=\"high\" decoding=\"async\" width=\"800\" height=\"500\" src=\"https:\/\/studiorenegade.de\/wp-content\/uploads\/2024\/06\/FarinaRenegade-Stockfoto-Stockvideo-Stockphoto-Studio-Package-2-1024x640.png\" class=\"attachment-large size-large wp-image-6745\" alt=\"\" srcset=\"https:\/\/studiorenegade.de\/wp-content\/uploads\/2024\/06\/FarinaRenegade-Stockfoto-Stockvideo-Stockphoto-Studio-Package-2-1024x640.png 1024w, https:\/\/studiorenegade.de\/wp-content\/uploads\/2024\/06\/FarinaRenegade-Stockfoto-Stockvideo-Stockphoto-Studio-Package-2-300x188.png 300w, https:\/\/studiorenegade.de\/wp-content\/uploads\/2024\/06\/FarinaRenegade-Stockfoto-Stockvideo-Stockphoto-Studio-Package-2-768x480.png 768w, https:\/\/studiorenegade.de\/wp-content\/uploads\/2024\/06\/FarinaRenegade-Stockfoto-Stockvideo-Stockphoto-Studio-Package-2-18x12.png 18w, https:\/\/studiorenegade.de\/wp-content\/uploads\/2024\/06\/FarinaRenegade-Stockfoto-Stockvideo-Stockphoto-Studio-Package-2.png 1280w\" sizes=\"(max-width: 800px) 100vw, 800px\" \/>\t\t\t\t\t\t\t\t\t\t\t\t\t\t\t<\/div>\n\t\t\t\t<\/div>\n\t\t\t\t<\/div>\n\t\t<div class=\"elementor-element elementor-element-4343480b e-con-full e-flex e-con e-child\" data-id=\"4343480b\" data-element_type=\"container\">\n\t\t\t\t<\/div>\n\t\t\t\t\t<\/div>\n\t\t\t\t<\/div>\n\t\t<div class=\"elementor-element elementor-element-47dae4a7 e-flex e-con-boxed e-con e-parent\" data-id=\"47dae4a7\" data-element_type=\"container\">\n\t\t\t\t\t<div class=\"e-con-inner\">\n\t\t\t\t<div class=\"elementor-element elementor-element-52e15c79 elementor-widget elementor-widget-text-editor\" data-id=\"52e15c79\" data-element_type=\"widget\" data-widget_type=\"text-editor.default\">\n\t\t\t\t<div class=\"elementor-widget-container\">\n\t\t\t\t\t\t\t\t\t<p>A love of interior design and a passion for my business led to the creation of the Studio Package. Here you will find work situations with designer pieces and a homey vibe.<\/p>\t\t\t\t\t\t\t\t<\/div>\n\t\t\t\t<\/div>\n\t\t\t\t\t<\/div>\n\t\t\t\t<\/div>\n\t\t<div class=\"elementor-element elementor-element-422f80ab e-flex e-con-boxed e-con e-parent\" data-id=\"422f80ab\" data-element_type=\"container\">\n\t\t\t\t\t<div class=\"e-con-inner\">\n\t\t<div class=\"elementor-element elementor-element-409f4c70 e-con-full e-flex e-con e-child\" data-id=\"409f4c70\" data-element_type=\"container\">\n\t\t\t\t<div class=\"elementor-element elementor-element-42fe67c3 elementor-widget-mobile__width-initial elementor-widget__width-initial elementor-widget elementor-widget-video\" data-id=\"42fe67c3\" data-element_type=\"widget\" data-settings=\"{&quot;video_type&quot;:&quot;hosted&quot;,&quot;autoplay&quot;:&quot;yes&quot;,&quot;play_on_mobile&quot;:&quot;yes&quot;,&quot;mute&quot;:&quot;yes&quot;,&quot;loop&quot;:&quot;yes&quot;,&quot;motion_fx_motion_fx_scrolling&quot;:&quot;yes&quot;,&quot;motion_fx_translateY_effect&quot;:&quot;yes&quot;,&quot;motion_fx_translateY_speed&quot;:{&quot;unit&quot;:&quot;px&quot;,&quot;size&quot;:1,&quot;sizes&quot;:[]},&quot;motion_fx_translateY_affectedRange&quot;:{&quot;unit&quot;:&quot;%&quot;,&quot;size&quot;:&quot;&quot;,&quot;sizes&quot;:{&quot;start&quot;:0,&quot;end&quot;:100}},&quot;motion_fx_devices&quot;:[&quot;desktop&quot;,&quot;tablet&quot;,&quot;mobile&quot;]}\" data-widget_type=\"video.default\">\n\t\t\t\t<div class=\"elementor-widget-container\">\n\t\t\t\t\t\t\t<div class=\"e-hosted-video elementor-wrapper elementor-open-inline\">\n\t\t\t\t\t<video class=\"elementor-video\" src=\"https:\/\/studiorenegade.de\/wp-content\/uploads\/2024\/06\/FarinaRenegade-Stockfoto-Stockvideo-Stockphoto-Studio-Package-1.mp4\" autoplay=\"\" loop=\"\" muted=\"muted\" playsinline=\"\" controlslist=\"nodownload\"><\/video>\n\t\t\t\t<\/div>\n\t\t\t\t\t\t<\/div>\n\t\t\t\t<\/div>\n\t\t\t\t<div class=\"elementor-element elementor-element-64824e8a elementor-widget-mobile__width-initial elementor-widget__width-initial elementor-widget elementor-widget-video\" data-id=\"64824e8a\" data-element_type=\"widget\" data-settings=\"{&quot;video_type&quot;:&quot;hosted&quot;,&quot;autoplay&quot;:&quot;yes&quot;,&quot;play_on_mobile&quot;:&quot;yes&quot;,&quot;mute&quot;:&quot;yes&quot;,&quot;loop&quot;:&quot;yes&quot;,&quot;motion_fx_motion_fx_scrolling&quot;:&quot;yes&quot;,&quot;motion_fx_translateY_effect&quot;:&quot;yes&quot;,&quot;motion_fx_translateY_direction&quot;:&quot;negative&quot;,&quot;motion_fx_translateY_speed&quot;:{&quot;unit&quot;:&quot;px&quot;,&quot;size&quot;:1,&quot;sizes&quot;:[]},&quot;motion_fx_translateY_affectedRange&quot;:{&quot;unit&quot;:&quot;%&quot;,&quot;size&quot;:&quot;&quot;,&quot;sizes&quot;:{&quot;start&quot;:0,&quot;end&quot;:100}},&quot;motion_fx_devices&quot;:[&quot;desktop&quot;,&quot;tablet&quot;,&quot;mobile&quot;]}\" data-widget_type=\"video.default\">\n\t\t\t\t<div class=\"elementor-widget-container\">\n\t\t\t\t\t\t\t<div class=\"e-hosted-video elementor-wrapper elementor-open-inline\">\n\t\t\t\t\t<video class=\"elementor-video\" src=\"https:\/\/studiorenegade.de\/wp-content\/uploads\/2024\/06\/FarinaRenegade-Stockfoto-Stockvideo-Stockphoto-Studio-Package-2.mp4\" autoplay=\"\" loop=\"\" muted=\"muted\" playsinline=\"\" controlslist=\"nodownload\"><\/video>\n\t\t\t\t<\/div>\n\t\t\t\t\t\t<\/div>\n\t\t\t\t<\/div>\n\t\t\t\t<div class=\"elementor-element elementor-element-b5181ab elementor-widget-mobile__width-initial elementor-widget__width-initial elementor-widget elementor-widget-video\" data-id=\"b5181ab\" data-element_type=\"widget\" data-settings=\"{&quot;video_type&quot;:&quot;hosted&quot;,&quot;autoplay&quot;:&quot;yes&quot;,&quot;play_on_mobile&quot;:&quot;yes&quot;,&quot;mute&quot;:&quot;yes&quot;,&quot;loop&quot;:&quot;yes&quot;,&quot;motion_fx_motion_fx_scrolling&quot;:&quot;yes&quot;,&quot;motion_fx_translateY_effect&quot;:&quot;yes&quot;,&quot;motion_fx_translateY_direction&quot;:&quot;negative&quot;,&quot;motion_fx_translateY_speed&quot;:{&quot;unit&quot;:&quot;px&quot;,&quot;size&quot;:1,&quot;sizes&quot;:[]},&quot;motion_fx_translateY_affectedRange&quot;:{&quot;unit&quot;:&quot;%&quot;,&quot;size&quot;:&quot;&quot;,&quot;sizes&quot;:{&quot;start&quot;:0,&quot;end&quot;:100}},&quot;motion_fx_devices&quot;:[&quot;desktop&quot;,&quot;tablet&quot;,&quot;mobile&quot;]}\" data-widget_type=\"video.default\">\n\t\t\t\t<div class=\"elementor-widget-container\">\n\t\t\t\t\t\t\t<div class=\"e-hosted-video elementor-wrapper elementor-open-inline\">\n\t\t\t\t\t<video class=\"elementor-video\" src=\"https:\/\/studiorenegade.de\/wp-content\/uploads\/2024\/06\/FarinaRenegade-Stockfoto-Stockvideo-Stockphoto-Studio-Package-4.mp4\" autoplay=\"\" loop=\"\" muted=\"muted\" playsinline=\"\" controlslist=\"nodownload\"><\/video>\n\t\t\t\t<\/div>\n\t\t\t\t\t\t<\/div>\n\t\t\t\t<\/div>\n\t\t\t\t<\/div>\n\t\t<div class=\"elementor-element elementor-element-2b53496e e-con-full e-flex e-con e-child\" data-id=\"2b53496e\" data-element_type=\"container\">\n\t\t\t\t<div class=\"elementor-element elementor-element-22f0c9b4 elementor-widget elementor-widget-text-editor\" data-id=\"22f0c9b4\" data-element_type=\"widget\" data-widget_type=\"text-editor.default\">\n\t\t\t\t<div class=\"elementor-widget-container\">\n\t\t\t\t\t\t\t\t\t<p><em>Studio <\/em>Package:<\/p>\t\t\t\t\t\t\t\t<\/div>\n\t\t\t\t<\/div>\n\t\t\t\t<div class=\"elementor-element elementor-element-767f6726 elementor-widget elementor-widget-text-editor\" data-id=\"767f6726\" data-element_type=\"widget\" data-widget_type=\"text-editor.default\">\n\t\t\t\t<div class=\"elementor-widget-container\">\n\t\t\t\t\t\t\t\t\t<ul><li>32 high-resolution stock photos as JPEGS files<\/li><li>25 videos in 4k (between 7 &amp; 15 seconds long) as MOV files<\/li><li>mix of at home and work settings<\/li><li>designer pieces for interior lover<\/li><li>home office meets business motivation<\/li><li>Lizenzguide<\/li><\/ul>\t\t\t\t\t\t\t\t<\/div>\n\t\t\t\t<\/div>\n\t\t\t\t<div class=\"elementor-element elementor-element-2fd8dbf1 elementor-widget elementor-widget-text-editor\" data-id=\"2fd8dbf1\" data-element_type=\"widget\" data-widget_type=\"text-editor.default\">\n\t\t\t\t<div class=\"elementor-widget-container\">\n\t\t\t\t\t\t\t\t\t<p>39,99\u20ac<\/p>\t\t\t\t\t\t\t\t<\/div>\n\t\t\t\t<\/div>\n\t\t\t\t<div class=\"elementor-element elementor-element-1bbd5a01 elementor-widget elementor-widget-text-editor\" data-id=\"1bbd5a01\" data-element_type=\"widget\" data-widget_type=\"text-editor.default\">\n\t\t\t\t<div class=\"elementor-widget-container\">\n\t\t\t\t\t\t\t\t\t<p>incl. tax<\/p>\t\t\t\t\t\t\t\t<\/div>\n\t\t\t\t<\/div>\n\t\t\t\t<div class=\"elementor-element elementor-element-7ff8a6b9 elementor-align-center elementor-widget elementor-widget-button\" data-id=\"7ff8a6b9\" data-element_type=\"widget\" data-widget_type=\"button.default\">\n\t\t\t\t<div class=\"elementor-widget-container\">\n\t\t\t\t\t\t\t\t\t<div class=\"elementor-button-wrapper\">\n\t\t\t\t\t<a class=\"elementor-button elementor-button-link elementor-size-sm\" href=\"https:\/\/www.digistore24.com\/product\/558906\">\n\t\t\t\t\t\t<span class=\"elementor-button-content-wrapper\">\n\t\t\t\t\t\t\t\t\t<span class=\"elementor-button-text\">buy now<\/span>\n\t\t\t\t\t<\/span>\n\t\t\t\t\t<\/a>\n\t\t\t\t<\/div>\n\t\t\t\t\t\t\t\t<\/div>\n\t\t\t\t<\/div>\n\t\t\t\t<\/div>\n\t\t\t\t\t<\/div>\n\t\t\t\t<\/div>\n\t\t<div class=\"elementor-element elementor-element-6a97cd43 e-flex e-con-boxed e-con e-parent\" data-id=\"6a97cd43\" data-element_type=\"container\">\n\t\t\t\t\t<div class=\"e-con-inner\">\n\t\t<div class=\"elementor-element elementor-element-3aca031a e-con-full e-flex e-con e-child\" data-id=\"3aca031a\" data-element_type=\"container\">\n\t\t\t\t<div class=\"elementor-element elementor-element-61a0a elementor-widget__width-initial elementor-widget elementor-widget-text-editor\" data-id=\"61a0a\" data-element_type=\"widget\" data-widget_type=\"text-editor.default\">\n\t\t\t\t<div class=\"elementor-widget-container\">\n\t\t\t\t\t\t\t\t\t<p class=\"translation-block\">create what <em>you<\/em> want<\/p>\t\t\t\t\t\t\t\t<\/div>\n\t\t\t\t<\/div>\n\t\t\t\t<div class=\"elementor-element elementor-element-1705490c elementor-widget__width-initial elementor-widget elementor-widget-text-editor\" data-id=\"1705490c\" data-element_type=\"widget\" data-widget_type=\"text-editor.default\">\n\t\t\t\t<div class=\"elementor-widget-container\">\n\t\t\t\t\t\t\t\t\t<p>Whether it's a presentation, eBook, online course, newsletter, website or Instagram graphics - the possibilities are endless!<\/p>\t\t\t\t\t\t\t\t<\/div>\n\t\t\t\t<\/div>\n\t\t\t\t<\/div>\n\t\t<div class=\"elementor-element elementor-element-1207cc95 e-con-full e-flex e-con e-child\" data-id=\"1207cc95\" data-element_type=\"container\">\n\t\t\t\t<div class=\"elementor-element elementor-element-6709e6d2 elementor-widget elementor-widget-image\" data-id=\"6709e6d2\" data-element_type=\"widget\" data-settings=\"{&quot;motion_fx_motion_fx_scrolling&quot;:&quot;yes&quot;,&quot;motion_fx_translateY_effect&quot;:&quot;yes&quot;,&quot;motion_fx_translateY_speed&quot;:{&quot;unit&quot;:&quot;px&quot;,&quot;size&quot;:2,&quot;sizes&quot;:[]},&quot;motion_fx_translateY_affectedRange&quot;:{&quot;unit&quot;:&quot;%&quot;,&quot;size&quot;:&quot;&quot;,&quot;sizes&quot;:{&quot;start&quot;:0,&quot;end&quot;:100}},&quot;motion_fx_devices&quot;:[&quot;desktop&quot;,&quot;tablet&quot;,&quot;mobile&quot;]}\" data-widget_type=\"image.default\">\n\t\t\t\t<div class=\"elementor-widget-container\">\n\t\t\t\t\t\t\t\t\t\t\t\t\t\t\t<img decoding=\"async\" width=\"800\" height=\"500\" src=\"https:\/\/studiorenegade.de\/wp-content\/uploads\/2024\/06\/FarinaRenegade-Stockfoto-Stockvideo-Stockphoto-Studio-Package-3-1024x640.png\" class=\"attachment-large size-large wp-image-6746\" alt=\"\" srcset=\"https:\/\/studiorenegade.de\/wp-content\/uploads\/2024\/06\/FarinaRenegade-Stockfoto-Stockvideo-Stockphoto-Studio-Package-3-1024x640.png 1024w, https:\/\/studiorenegade.de\/wp-content\/uploads\/2024\/06\/FarinaRenegade-Stockfoto-Stockvideo-Stockphoto-Studio-Package-3-300x188.png 300w, https:\/\/studiorenegade.de\/wp-content\/uploads\/2024\/06\/FarinaRenegade-Stockfoto-Stockvideo-Stockphoto-Studio-Package-3-768x480.png 768w, https:\/\/studiorenegade.de\/wp-content\/uploads\/2024\/06\/FarinaRenegade-Stockfoto-Stockvideo-Stockphoto-Studio-Package-3-18x12.png 18w, https:\/\/studiorenegade.de\/wp-content\/uploads\/2024\/06\/FarinaRenegade-Stockfoto-Stockvideo-Stockphoto-Studio-Package-3.png 1280w\" sizes=\"(max-width: 800px) 100vw, 800px\" \/>\t\t\t\t\t\t\t\t\t\t\t\t\t\t\t<\/div>\n\t\t\t\t<\/div>\n\t\t\t\t<\/div>\n\t\t\t\t\t<\/div>\n\t\t\t\t<\/div>\n\t\t<div class=\"elementor-element elementor-element-de7d70e e-flex e-con-boxed e-con e-parent\" data-id=\"de7d70e\" data-element_type=\"container\">\n\t\t\t\t\t<div class=\"e-con-inner\">\n\t\t<div class=\"elementor-element elementor-element-aea52c8 e-con-full e-flex e-con e-child\" data-id=\"aea52c8\" data-element_type=\"container\">\n\t\t\t\t<div class=\"elementor-element elementor-element-2501aca elementor-widget elementor-widget-heading\" data-id=\"2501aca\" data-element_type=\"widget\" data-widget_type=\"heading.default\">\n\t\t\t\t<div class=\"elementor-widget-container\">\n\t\t\t\t\t<h2 class=\"elementor-heading-title elementor-size-default\">Lizenz<\/h2>\t\t\t\t<\/div>\n\t\t\t\t<\/div>\n\t\t\t\t<div class=\"elementor-element elementor-element-b2d4ad8 elementor-widget elementor-widget-text-editor\" data-id=\"b2d4ad8\" data-element_type=\"widget\" data-widget_type=\"text-editor.default\">\n\t\t\t\t<div class=\"elementor-widget-container\">\n\t\t\t\t\t\t\t\t\t<p>Mit dem Kauf der Stockfotos &amp; Videos erwirbst du die Nutzungslizenz.\u00a0<br \/>Mit dieser Lizenz darfst du die Visuals zeitlich unbegrenzt privat, sowie kommerziell nutzen ohne mich als Urheberin zu nennen &amp;<span style=\"font-weight: 400;\"> die Visuals ver\u00e4ndern.\u00a0<\/span><span style=\"font-weight: 400;\">Du darfst die Visuals f\u00fcr deine Kund:innen im Rahmen deiner Produkte nutzen. <\/span><span style=\"font-weight: 400;\"><br \/><\/span><span style=\"font-weight: 400;\">Beispiel Webdesign: Du darfst die Fotos als F\u00fcllbilder auf einer Website f\u00fcr deine Kundin benutzen.<\/span><\/p><p>Es ist dir nicht gestattet <span style=\"font-weight: 400;\">die Visuals in einem Produkt oder einem Service weiter zu verkaufen, die diesem \u00e4hnlich sind oder mit ihnen konkurrieren oder <\/span><span style=\"font-weight: 400;\">die Visuals kostenfrei weiter zu geben. <\/span><span style=\"font-weight: 400;\">Du darfst die Visuals nicht in einer diffamierenden, beleidigenden, pornografischen, widerrechtlichen oder illegalen Weise verwenden <\/span><span style=\"font-weight: 400;\">oder auf Produkten weiterverkaufen, die ausschlie\u00dflich das Bild zeigen (z.B. Tassen, T-Shirts, Postkarten, Prints).<\/span><\/p><p>Mit dem Kauf erkl\u00e4rst du dich damit einverstanden, dass Studio Renegade und ihre Besitzerin nicht f\u00fcr Sch\u00e4den verantwortlich sind, die sich aus Ihrer Nutzung dieser Visuals ergeben. Dein Kauf der Visuals stellt deine Zustimmung mit der Lizenz dar.<span style=\"font-weight: 400;\"><br \/><\/span><\/p>\t\t\t\t\t\t\t\t<\/div>\n\t\t\t\t<\/div>\n\t\t\t\t<\/div>\n\t\t\t\t\t<\/div>\n\t\t\t\t<\/div>\n\t\t\t\t<\/div>","protected":false},"excerpt":{"rendered":"<p>THIS IS THE Studio Package Eine Liebe zum Interior Design und eine Passion f\u00fcr mein Business f\u00fchrten zur Kreation des Studio Packages. Hier findest du Work Situations mit Designer Pieces und heimeligem Vibe. https:\/\/studiorenegade.de\/wp-content\/uploads\/2024\/06\/FarinaRenegade-Stockfoto-Stockvideo-Stockphoto-Studio-Package-1.mp4https:\/\/studiorenegade.de\/wp-content\/uploads\/2024\/06\/FarinaRenegade-Stockfoto-Stockvideo-Stockphoto-Studio-Package-2.mp4https:\/\/studiorenegade.de\/wp-content\/uploads\/2024\/06\/FarinaRenegade-Stockfoto-Stockvideo-Stockphoto-Studio-Package-4.mp4 Studio Package: 32 hochaufl\u00f6sende Stockfotos als JPEGS Dateien 25 Videos in 4k (zwischen 7 &amp; 15 Sekunden lang) als MOV Dateien [&hellip;]<\/p>","protected":false},"author":1,"featured_media":0,"parent":0,"menu_order":0,"comment_status":"closed","ping_status":"closed","template":"elementor_header_footer","meta":{"footnotes":""},"class_list":["post-6737","page","type-page","status-publish","hentry"],"_links":{"self":[{"href":"https:\/\/studiorenegade.de\/en\/wp-json\/wp\/v2\/pages\/6737","targetHints":{"allow":["GET"]}}],"collection":[{"href":"https:\/\/studiorenegade.de\/en\/wp-json\/wp\/v2\/pages"}],"about":[{"href":"https:\/\/studiorenegade.de\/en\/wp-json\/wp\/v2\/types\/page"}],"author":[{"embeddable":true,"href":"https:\/\/studiorenegade.de\/en\/wp-json\/wp\/v2\/users\/1"}],"replies":[{"embeddable":true,"href":"https:\/\/studiorenegade.de\/en\/wp-json\/wp\/v2\/comments?post=6737"}],"version-history":[{"count":10,"href":"https:\/\/studiorenegade.de\/en\/wp-json\/wp\/v2\/pages\/6737\/revisions"}],"predecessor-version":[{"id":6890,"href":"https:\/\/studiorenegade.de\/en\/wp-json\/wp\/v2\/pages\/6737\/revisions\/6890"}],"wp:attachment":[{"href":"https:\/\/studiorenegade.de\/en\/wp-json\/wp\/v2\/media?parent=6737"}],"curies":[{"name":"wp","href":"https:\/\/api.w.org\/{rel}","templated":true}]}}