{"id":6666,"date":"2024-06-27T10:26:08","date_gmt":"2024-06-27T08:26:08","guid":{"rendered":"https:\/\/studiorenegade.de\/?page_id=6666"},"modified":"2024-07-01T08:31:12","modified_gmt":"2024-07-01T06:31:12","slug":"bali-package","status":"publish","type":"page","link":"https:\/\/studiorenegade.de\/en\/bali-package\/","title":{"rendered":"Bali Package"},"content":{"rendered":"<div data-elementor-type=\"wp-page\" data-elementor-id=\"6666\" class=\"elementor elementor-6666\" data-elementor-post-type=\"page\">\n\t\t\t\t<div class=\"elementor-element elementor-element-1f94b6b e-flex e-con-boxed e-con e-parent\" data-id=\"1f94b6b\" data-element_type=\"container\" data-settings=\"{&quot;background_background&quot;:&quot;classic&quot;,&quot;background_motion_fx_motion_fx_scrolling&quot;:&quot;yes&quot;,&quot;background_motion_fx_translateY_effect&quot;:&quot;yes&quot;,&quot;background_motion_fx_translateY_speed&quot;:{&quot;unit&quot;:&quot;px&quot;,&quot;size&quot;:4,&quot;sizes&quot;:[]},&quot;background_motion_fx_translateY_affectedRange&quot;:{&quot;unit&quot;:&quot;%&quot;,&quot;size&quot;:&quot;&quot;,&quot;sizes&quot;:{&quot;start&quot;:0,&quot;end&quot;:100}},&quot;background_motion_fx_devices&quot;:[&quot;desktop&quot;,&quot;tablet&quot;,&quot;mobile&quot;]}\">\n\t\t\t\t\t<div class=\"e-con-inner\">\n\t\t\t\t<div class=\"elementor-element elementor-element-2fdb802 elementor-widget elementor-widget-spacer\" data-id=\"2fdb802\" data-element_type=\"widget\" data-widget_type=\"spacer.default\">\n\t\t\t\t<div class=\"elementor-widget-container\">\n\t\t\t\t\t\t\t<div class=\"elementor-spacer\">\n\t\t\t<div class=\"elementor-spacer-inner\"><\/div>\n\t\t<\/div>\n\t\t\t\t\t\t<\/div>\n\t\t\t\t<\/div>\n\t\t\t\t<div class=\"elementor-element elementor-element-7776537 elementor-widget__width-initial elementor-invisible elementor-widget elementor-widget-text-editor\" data-id=\"7776537\" data-element_type=\"widget\" data-settings=\"{&quot;_animation&quot;:&quot;fadeIn&quot;}\" data-widget_type=\"text-editor.default\">\n\t\t\t\t<div class=\"elementor-widget-container\">\n\t\t\t\t\t\t\t\t\t<p>THIS IS THE<\/p>\t\t\t\t\t\t\t\t<\/div>\n\t\t\t\t<\/div>\n\t\t\t\t<div class=\"elementor-element elementor-element-5edcc42 elementor-widget elementor-widget-heading\" data-id=\"5edcc42\" data-element_type=\"widget\" data-widget_type=\"heading.default\">\n\t\t\t\t<div class=\"elementor-widget-container\">\n\t\t\t\t\t<h2 class=\"elementor-heading-title elementor-size-default\"><i>Bali<\/i> Package<\/h2>\t\t\t\t<\/div>\n\t\t\t\t<\/div>\n\t\t\t\t\t<\/div>\n\t\t\t\t<\/div>\n\t\t<div class=\"elementor-element elementor-element-0710861 e-flex e-con-boxed e-con e-parent\" data-id=\"0710861\" data-element_type=\"container\">\n\t\t\t\t\t<div class=\"e-con-inner\">\n\t\t<div class=\"elementor-element elementor-element-d41abf1 e-con-full e-flex e-con e-child\" data-id=\"d41abf1\" data-element_type=\"container\">\n\t\t\t\t<\/div>\n\t\t<div class=\"elementor-element elementor-element-abd59ba e-con-full e-flex e-con e-child\" data-id=\"abd59ba\" data-element_type=\"container\">\n\t\t\t\t<div class=\"elementor-element elementor-element-3c985ea e-transform elementor-widget elementor-widget-image\" data-id=\"3c985ea\" data-element_type=\"widget\" data-settings=\"{&quot;motion_fx_motion_fx_scrolling&quot;:&quot;yes&quot;,&quot;motion_fx_translateY_effect&quot;:&quot;yes&quot;,&quot;motion_fx_translateY_speed&quot;:{&quot;unit&quot;:&quot;px&quot;,&quot;size&quot;:1,&quot;sizes&quot;:[]},&quot;motion_fx_translateY_affectedRange&quot;:{&quot;unit&quot;:&quot;%&quot;,&quot;size&quot;:&quot;&quot;,&quot;sizes&quot;:{&quot;start&quot;:0,&quot;end&quot;:100}},&quot;motion_fx_devices&quot;:[&quot;desktop&quot;,&quot;tablet&quot;,&quot;mobile&quot;],&quot;_transform_rotateZ_effect&quot;:{&quot;unit&quot;:&quot;px&quot;,&quot;size&quot;:&quot;&quot;,&quot;sizes&quot;:[]},&quot;_transform_rotateZ_effect_tablet&quot;:{&quot;unit&quot;:&quot;deg&quot;,&quot;size&quot;:&quot;&quot;,&quot;sizes&quot;:[]},&quot;_transform_rotateZ_effect_mobile&quot;:{&quot;unit&quot;:&quot;deg&quot;,&quot;size&quot;:&quot;&quot;,&quot;sizes&quot;:[]}}\" data-widget_type=\"image.default\">\n\t\t\t\t<div class=\"elementor-widget-container\">\n\t\t\t\t\t\t\t\t\t\t\t\t\t\t\t<img fetchpriority=\"high\" decoding=\"async\" width=\"800\" height=\"500\" src=\"https:\/\/studiorenegade.de\/wp-content\/uploads\/2024\/06\/FarinaRenegade-Stockfoto-Stockvideo-Stockphoto-Bali-Package-2-1024x640.png\" class=\"attachment-large size-large wp-image-6677\" alt=\"\" srcset=\"https:\/\/studiorenegade.de\/wp-content\/uploads\/2024\/06\/FarinaRenegade-Stockfoto-Stockvideo-Stockphoto-Bali-Package-2-1024x640.png 1024w, https:\/\/studiorenegade.de\/wp-content\/uploads\/2024\/06\/FarinaRenegade-Stockfoto-Stockvideo-Stockphoto-Bali-Package-2-300x188.png 300w, https:\/\/studiorenegade.de\/wp-content\/uploads\/2024\/06\/FarinaRenegade-Stockfoto-Stockvideo-Stockphoto-Bali-Package-2-768x480.png 768w, https:\/\/studiorenegade.de\/wp-content\/uploads\/2024\/06\/FarinaRenegade-Stockfoto-Stockvideo-Stockphoto-Bali-Package-2-18x12.png 18w, https:\/\/studiorenegade.de\/wp-content\/uploads\/2024\/06\/FarinaRenegade-Stockfoto-Stockvideo-Stockphoto-Bali-Package-2.png 1280w\" sizes=\"(max-width: 800px) 100vw, 800px\" \/>\t\t\t\t\t\t\t\t\t\t\t\t\t\t\t<\/div>\n\t\t\t\t<\/div>\n\t\t\t\t<\/div>\n\t\t<div class=\"elementor-element elementor-element-49c10aa e-con-full e-flex e-con e-child\" data-id=\"49c10aa\" data-element_type=\"container\">\n\t\t\t\t<\/div>\n\t\t\t\t\t<\/div>\n\t\t\t\t<\/div>\n\t\t<div class=\"elementor-element elementor-element-f9f3f76 e-flex e-con-boxed e-con e-parent\" data-id=\"f9f3f76\" data-element_type=\"container\">\n\t\t\t\t\t<div class=\"e-con-inner\">\n\t\t\t\t<div class=\"elementor-element elementor-element-f49e57b elementor-widget elementor-widget-text-editor\" data-id=\"f49e57b\" data-element_type=\"widget\" data-widget_type=\"text-editor.default\">\n\t\t\t\t<div class=\"elementor-widget-container\">\n\t\t\t\t\t\t\t\t\t<p>During my time in Bali, I learned how easy it is to combine work and relaxation on the island. The visuals of the Bali package convey exactly this vibe. Versatile in use thanks to its varied design, this package is also characterized by the unique, clean architectural photos &amp; videos, which are the perfect background motifs for layouts with texts.\u00a0<\/p>\t\t\t\t\t\t\t\t<\/div>\n\t\t\t\t<\/div>\n\t\t\t\t\t<\/div>\n\t\t\t\t<\/div>\n\t\t<div class=\"elementor-element elementor-element-a54b275 e-flex e-con-boxed e-con e-parent\" data-id=\"a54b275\" data-element_type=\"container\">\n\t\t\t\t\t<div class=\"e-con-inner\">\n\t\t<div class=\"elementor-element elementor-element-851c3a6 e-con-full e-flex e-con e-child\" data-id=\"851c3a6\" data-element_type=\"container\">\n\t\t\t\t<div class=\"elementor-element elementor-element-f8231e4 elementor-widget-mobile__width-initial elementor-widget__width-initial elementor-widget elementor-widget-video\" data-id=\"f8231e4\" data-element_type=\"widget\" data-settings=\"{&quot;video_type&quot;:&quot;hosted&quot;,&quot;autoplay&quot;:&quot;yes&quot;,&quot;play_on_mobile&quot;:&quot;yes&quot;,&quot;mute&quot;:&quot;yes&quot;,&quot;loop&quot;:&quot;yes&quot;,&quot;motion_fx_motion_fx_scrolling&quot;:&quot;yes&quot;,&quot;motion_fx_translateY_effect&quot;:&quot;yes&quot;,&quot;motion_fx_translateY_speed&quot;:{&quot;unit&quot;:&quot;px&quot;,&quot;size&quot;:1,&quot;sizes&quot;:[]},&quot;motion_fx_translateY_affectedRange&quot;:{&quot;unit&quot;:&quot;%&quot;,&quot;size&quot;:&quot;&quot;,&quot;sizes&quot;:{&quot;start&quot;:0,&quot;end&quot;:100}},&quot;motion_fx_devices&quot;:[&quot;desktop&quot;,&quot;tablet&quot;,&quot;mobile&quot;]}\" data-widget_type=\"video.default\">\n\t\t\t\t<div class=\"elementor-widget-container\">\n\t\t\t\t\t\t\t<div class=\"e-hosted-video elementor-wrapper elementor-open-inline\">\n\t\t\t\t\t<video class=\"elementor-video\" src=\"https:\/\/studiorenegade.de\/wp-content\/uploads\/2024\/06\/FarinaRenegade-Stockfoto-Stockvideo-Stockphoto-Bali-Package-6.mp4\" autoplay=\"\" loop=\"\" muted=\"muted\" playsinline=\"\" controlslist=\"nodownload\"><\/video>\n\t\t\t\t<\/div>\n\t\t\t\t\t\t<\/div>\n\t\t\t\t<\/div>\n\t\t\t\t<div class=\"elementor-element elementor-element-23c142c elementor-widget-mobile__width-initial elementor-widget__width-initial elementor-widget elementor-widget-video\" data-id=\"23c142c\" data-element_type=\"widget\" data-settings=\"{&quot;video_type&quot;:&quot;hosted&quot;,&quot;autoplay&quot;:&quot;yes&quot;,&quot;play_on_mobile&quot;:&quot;yes&quot;,&quot;mute&quot;:&quot;yes&quot;,&quot;loop&quot;:&quot;yes&quot;,&quot;motion_fx_motion_fx_scrolling&quot;:&quot;yes&quot;,&quot;motion_fx_translateY_effect&quot;:&quot;yes&quot;,&quot;motion_fx_translateY_direction&quot;:&quot;negative&quot;,&quot;motion_fx_translateY_speed&quot;:{&quot;unit&quot;:&quot;px&quot;,&quot;size&quot;:1,&quot;sizes&quot;:[]},&quot;motion_fx_translateY_affectedRange&quot;:{&quot;unit&quot;:&quot;%&quot;,&quot;size&quot;:&quot;&quot;,&quot;sizes&quot;:{&quot;start&quot;:0,&quot;end&quot;:100}},&quot;motion_fx_devices&quot;:[&quot;desktop&quot;,&quot;tablet&quot;,&quot;mobile&quot;]}\" data-widget_type=\"video.default\">\n\t\t\t\t<div class=\"elementor-widget-container\">\n\t\t\t\t\t\t\t<div class=\"e-hosted-video elementor-wrapper elementor-open-inline\">\n\t\t\t\t\t<video class=\"elementor-video\" src=\"https:\/\/studiorenegade.de\/wp-content\/uploads\/2024\/06\/FarinaRenegade-Stockfoto-Stockvideo-Stockphoto-Bali-Package-5.mp4\" autoplay=\"\" loop=\"\" muted=\"muted\" playsinline=\"\" controlslist=\"nodownload\"><\/video>\n\t\t\t\t<\/div>\n\t\t\t\t\t\t<\/div>\n\t\t\t\t<\/div>\n\t\t\t\t<div class=\"elementor-element elementor-element-e78a468 elementor-widget-mobile__width-initial elementor-widget__width-initial elementor-widget elementor-widget-video\" data-id=\"e78a468\" data-element_type=\"widget\" data-settings=\"{&quot;video_type&quot;:&quot;hosted&quot;,&quot;autoplay&quot;:&quot;yes&quot;,&quot;play_on_mobile&quot;:&quot;yes&quot;,&quot;mute&quot;:&quot;yes&quot;,&quot;loop&quot;:&quot;yes&quot;,&quot;motion_fx_motion_fx_scrolling&quot;:&quot;yes&quot;,&quot;motion_fx_translateY_effect&quot;:&quot;yes&quot;,&quot;motion_fx_translateY_direction&quot;:&quot;negative&quot;,&quot;motion_fx_translateY_speed&quot;:{&quot;unit&quot;:&quot;px&quot;,&quot;size&quot;:1,&quot;sizes&quot;:[]},&quot;motion_fx_translateY_affectedRange&quot;:{&quot;unit&quot;:&quot;%&quot;,&quot;size&quot;:&quot;&quot;,&quot;sizes&quot;:{&quot;start&quot;:0,&quot;end&quot;:100}},&quot;motion_fx_devices&quot;:[&quot;desktop&quot;,&quot;tablet&quot;,&quot;mobile&quot;]}\" data-widget_type=\"video.default\">\n\t\t\t\t<div class=\"elementor-widget-container\">\n\t\t\t\t\t\t\t<div class=\"e-hosted-video elementor-wrapper elementor-open-inline\">\n\t\t\t\t\t<video class=\"elementor-video\" src=\"https:\/\/studiorenegade.de\/wp-content\/uploads\/2024\/06\/FarinaRenegade-Stockfoto-Stockvideo-Stockphoto-Bali-Package-7.mp4\" autoplay=\"\" loop=\"\" muted=\"muted\" playsinline=\"\" controlslist=\"nodownload\"><\/video>\n\t\t\t\t<\/div>\n\t\t\t\t\t\t<\/div>\n\t\t\t\t<\/div>\n\t\t\t\t<\/div>\n\t\t<div class=\"elementor-element elementor-element-32d87db e-con-full e-flex e-con e-child\" data-id=\"32d87db\" data-element_type=\"container\">\n\t\t\t\t<div class=\"elementor-element elementor-element-1e63a4d elementor-widget elementor-widget-text-editor\" data-id=\"1e63a4d\" data-element_type=\"widget\" data-widget_type=\"text-editor.default\">\n\t\t\t\t<div class=\"elementor-widget-container\">\n\t\t\t\t\t\t\t\t\t<p><em>Bali <\/em>Package:<\/p>\t\t\t\t\t\t\t\t<\/div>\n\t\t\t\t<\/div>\n\t\t\t\t<div class=\"elementor-element elementor-element-53b092c elementor-widget elementor-widget-text-editor\" data-id=\"53b092c\" data-element_type=\"widget\" data-widget_type=\"text-editor.default\">\n\t\t\t\t<div class=\"elementor-widget-container\">\n\t\t\t\t\t\t\t\t\t<ul><li>50 high-resolution stock photos as JPEGS files<\/li><li>37 videos in 4k (between 7 &amp; 15 seconds long) as MOV files<\/li><li>Mix of light background motifs and work settings<\/li><li>play of light &amp; shadow<\/li><li>island vibes meet business motivation<\/li><li>Lizenzguide<\/li><\/ul>\t\t\t\t\t\t\t\t<\/div>\n\t\t\t\t<\/div>\n\t\t\t\t<div class=\"elementor-element elementor-element-eaf6e3e elementor-widget elementor-widget-text-editor\" data-id=\"eaf6e3e\" data-element_type=\"widget\" data-widget_type=\"text-editor.default\">\n\t\t\t\t<div class=\"elementor-widget-container\">\n\t\t\t\t\t\t\t\t\t<p>59,99\u20ac<\/p>\t\t\t\t\t\t\t\t<\/div>\n\t\t\t\t<\/div>\n\t\t\t\t<div class=\"elementor-element elementor-element-36886eb elementor-widget elementor-widget-text-editor\" data-id=\"36886eb\" data-element_type=\"widget\" data-widget_type=\"text-editor.default\">\n\t\t\t\t<div class=\"elementor-widget-container\">\n\t\t\t\t\t\t\t\t\t<p>incl. tax<\/p>\t\t\t\t\t\t\t\t<\/div>\n\t\t\t\t<\/div>\n\t\t\t\t<div class=\"elementor-element elementor-element-239813f elementor-align-center elementor-widget elementor-widget-button\" data-id=\"239813f\" data-element_type=\"widget\" data-widget_type=\"button.default\">\n\t\t\t\t<div class=\"elementor-widget-container\">\n\t\t\t\t\t\t\t\t\t<div class=\"elementor-button-wrapper\">\n\t\t\t\t\t<a class=\"elementor-button elementor-button-link elementor-size-sm\" href=\"https:\/\/www.digistore24.com\/product\/558877\">\n\t\t\t\t\t\t<span class=\"elementor-button-content-wrapper\">\n\t\t\t\t\t\t\t\t\t<span class=\"elementor-button-text\">buy now<\/span>\n\t\t\t\t\t<\/span>\n\t\t\t\t\t<\/a>\n\t\t\t\t<\/div>\n\t\t\t\t\t\t\t\t<\/div>\n\t\t\t\t<\/div>\n\t\t\t\t<\/div>\n\t\t\t\t\t<\/div>\n\t\t\t\t<\/div>\n\t\t<div class=\"elementor-element elementor-element-a51461a e-flex e-con-boxed e-con e-parent\" data-id=\"a51461a\" data-element_type=\"container\">\n\t\t\t\t\t<div class=\"e-con-inner\">\n\t\t<div class=\"elementor-element elementor-element-1d383ce e-con-full e-flex e-con e-child\" data-id=\"1d383ce\" data-element_type=\"container\">\n\t\t\t\t<div class=\"elementor-element elementor-element-af8c1b5 elementor-widget__width-initial elementor-widget elementor-widget-text-editor\" data-id=\"af8c1b5\" data-element_type=\"widget\" data-widget_type=\"text-editor.default\">\n\t\t\t\t<div class=\"elementor-widget-container\">\n\t\t\t\t\t\t\t\t\t<p class=\"translation-block\">create what <em>you<\/em> want<\/p>\t\t\t\t\t\t\t\t<\/div>\n\t\t\t\t<\/div>\n\t\t\t\t<div class=\"elementor-element elementor-element-ca9eefb elementor-widget__width-initial elementor-widget elementor-widget-text-editor\" data-id=\"ca9eefb\" data-element_type=\"widget\" data-widget_type=\"text-editor.default\">\n\t\t\t\t<div class=\"elementor-widget-container\">\n\t\t\t\t\t\t\t\t\t<p>Whether it's a presentation, eBook, online course, newsletter, website or Instagram graphics - the possibilities are endless!<\/p>\t\t\t\t\t\t\t\t<\/div>\n\t\t\t\t<\/div>\n\t\t\t\t<\/div>\n\t\t<div class=\"elementor-element elementor-element-2e9b975 e-con-full e-flex e-con e-child\" data-id=\"2e9b975\" data-element_type=\"container\">\n\t\t\t\t<div class=\"elementor-element elementor-element-2abe2eb elementor-widget elementor-widget-image\" data-id=\"2abe2eb\" data-element_type=\"widget\" data-settings=\"{&quot;motion_fx_motion_fx_scrolling&quot;:&quot;yes&quot;,&quot;motion_fx_translateY_effect&quot;:&quot;yes&quot;,&quot;motion_fx_translateY_speed&quot;:{&quot;unit&quot;:&quot;px&quot;,&quot;size&quot;:2,&quot;sizes&quot;:[]},&quot;motion_fx_translateY_affectedRange&quot;:{&quot;unit&quot;:&quot;%&quot;,&quot;size&quot;:&quot;&quot;,&quot;sizes&quot;:{&quot;start&quot;:0,&quot;end&quot;:100}},&quot;motion_fx_devices&quot;:[&quot;desktop&quot;,&quot;tablet&quot;,&quot;mobile&quot;]}\" data-widget_type=\"image.default\">\n\t\t\t\t<div class=\"elementor-widget-container\">\n\t\t\t\t\t\t\t\t\t\t\t\t\t\t\t<img decoding=\"async\" width=\"800\" height=\"500\" src=\"https:\/\/studiorenegade.de\/wp-content\/uploads\/2024\/06\/FarinaRenegade-Stockfoto-Stockvideo-Stockphoto-Bali-Package-8-1-1024x640.png\" class=\"attachment-large size-large wp-image-6721\" alt=\"\" srcset=\"https:\/\/studiorenegade.de\/wp-content\/uploads\/2024\/06\/FarinaRenegade-Stockfoto-Stockvideo-Stockphoto-Bali-Package-8-1-1024x640.png 1024w, https:\/\/studiorenegade.de\/wp-content\/uploads\/2024\/06\/FarinaRenegade-Stockfoto-Stockvideo-Stockphoto-Bali-Package-8-1-300x188.png 300w, https:\/\/studiorenegade.de\/wp-content\/uploads\/2024\/06\/FarinaRenegade-Stockfoto-Stockvideo-Stockphoto-Bali-Package-8-1-768x480.png 768w, https:\/\/studiorenegade.de\/wp-content\/uploads\/2024\/06\/FarinaRenegade-Stockfoto-Stockvideo-Stockphoto-Bali-Package-8-1-18x12.png 18w, https:\/\/studiorenegade.de\/wp-content\/uploads\/2024\/06\/FarinaRenegade-Stockfoto-Stockvideo-Stockphoto-Bali-Package-8-1.png 1280w\" sizes=\"(max-width: 800px) 100vw, 800px\" \/>\t\t\t\t\t\t\t\t\t\t\t\t\t\t\t<\/div>\n\t\t\t\t<\/div>\n\t\t\t\t<\/div>\n\t\t\t\t\t<\/div>\n\t\t\t\t<\/div>\n\t\t<div class=\"elementor-element elementor-element-ac950fb e-flex e-con-boxed e-con e-parent\" data-id=\"ac950fb\" data-element_type=\"container\">\n\t\t\t\t\t<div class=\"e-con-inner\">\n\t\t<div class=\"elementor-element elementor-element-3a96f9d e-con-full e-flex e-con e-child\" data-id=\"3a96f9d\" data-element_type=\"container\">\n\t\t\t\t<div class=\"elementor-element elementor-element-ba7ee93 elementor-widget elementor-widget-heading\" data-id=\"ba7ee93\" data-element_type=\"widget\" data-widget_type=\"heading.default\">\n\t\t\t\t<div class=\"elementor-widget-container\">\n\t\t\t\t\t<h2 class=\"elementor-heading-title elementor-size-default\">Lizenz<\/h2>\t\t\t\t<\/div>\n\t\t\t\t<\/div>\n\t\t\t\t<div class=\"elementor-element elementor-element-8fd14b8 elementor-widget elementor-widget-text-editor\" data-id=\"8fd14b8\" data-element_type=\"widget\" data-widget_type=\"text-editor.default\">\n\t\t\t\t<div class=\"elementor-widget-container\">\n\t\t\t\t\t\t\t\t\t<p>Mit dem Kauf der Stockfotos &amp; Videos erwirbst du die Nutzungslizenz.\u00a0<br \/>Mit dieser Lizenz darfst du die Visuals zeitlich unbegrenzt privat, sowie kommerziell nutzen ohne mich als Urheberin zu nennen &amp;<span style=\"font-weight: 400;\"> die Visuals ver\u00e4ndern.\u00a0<\/span><span style=\"font-weight: 400;\">Du darfst die Visuals f\u00fcr deine Kund:innen im Rahmen deiner Produkte nutzen. <\/span><span style=\"font-weight: 400;\"><br \/><\/span><span style=\"font-weight: 400;\">Beispiel Webdesign: Du darfst die Fotos als F\u00fcllbilder auf einer Website f\u00fcr deine Kundin benutzen.<\/span><\/p><p>Es ist dir nicht gestattet <span style=\"font-weight: 400;\">die Visuals in einem Produkt oder einem Service weiter zu verkaufen, die diesem \u00e4hnlich sind oder mit ihnen konkurrieren oder <\/span><span style=\"font-weight: 400;\">die Visuals kostenfrei weiter zu geben. <\/span><span style=\"font-weight: 400;\">Du darfst die Visuals nicht in einer diffamierenden, beleidigenden, pornografischen, widerrechtlichen oder illegalen Weise verwenden <\/span><span style=\"font-weight: 400;\">oder auf Produkten weiterverkaufen, die ausschlie\u00dflich das Bild zeigen (z.B. Tassen, T-Shirts, Postkarten, Prints).<\/span><\/p><p>Mit dem Kauf erkl\u00e4rst du dich damit einverstanden, dass Studio Renegade und ihre Besitzerin nicht f\u00fcr Sch\u00e4den verantwortlich sind, die sich aus Ihrer Nutzung dieser Visuals ergeben. Dein Kauf der Visuals stellt deine Zustimmung mit der Lizenz dar.<span style=\"font-weight: 400;\"><br \/><\/span><\/p>\t\t\t\t\t\t\t\t<\/div>\n\t\t\t\t<\/div>\n\t\t\t\t<\/div>\n\t\t\t\t\t<\/div>\n\t\t\t\t<\/div>\n\t\t\t\t<\/div>","protected":false},"excerpt":{"rendered":"<p>THIS IS THE Bali Package In meiner Zeit auf Bali lernte ich, wie einfach sich Arbeit &amp; Entspannung auf der Insel miteinander vereinen lassen. Genau diesen Vibe bringen die Visuals des Bali Packages r\u00fcber. Vielf\u00e4ltig einsetzbar durch abwechslungsreiche Gestaltung, zeichnet sich dieses Package auch durch die einmaligen, cleanen Architekturfotos &amp; Videos aus, die die perfekten [&hellip;]<\/p>","protected":false},"author":1,"featured_media":0,"parent":0,"menu_order":0,"comment_status":"closed","ping_status":"closed","template":"elementor_header_footer","meta":{"footnotes":""},"class_list":["post-6666","page","type-page","status-publish","hentry"],"_links":{"self":[{"href":"https:\/\/studiorenegade.de\/en\/wp-json\/wp\/v2\/pages\/6666","targetHints":{"allow":["GET"]}}],"collection":[{"href":"https:\/\/studiorenegade.de\/en\/wp-json\/wp\/v2\/pages"}],"about":[{"href":"https:\/\/studiorenegade.de\/en\/wp-json\/wp\/v2\/types\/page"}],"author":[{"embeddable":true,"href":"https:\/\/studiorenegade.de\/en\/wp-json\/wp\/v2\/users\/1"}],"replies":[{"embeddable":true,"href":"https:\/\/studiorenegade.de\/en\/wp-json\/wp\/v2\/comments?post=6666"}],"version-history":[{"count":10,"href":"https:\/\/studiorenegade.de\/en\/wp-json\/wp\/v2\/pages\/6666\/revisions"}],"predecessor-version":[{"id":6896,"href":"https:\/\/studiorenegade.de\/en\/wp-json\/wp\/v2\/pages\/6666\/revisions\/6896"}],"wp:attachment":[{"href":"https:\/\/studiorenegade.de\/en\/wp-json\/wp\/v2\/media?parent=6666"}],"curies":[{"name":"wp","href":"https:\/\/api.w.org\/{rel}","templated":true}]}}