{"id":5839,"date":"2024-06-20T13:29:39","date_gmt":"2024-06-20T11:29:39","guid":{"rendered":"https:\/\/studiorenegade.de\/?page_id=5839"},"modified":"2024-06-20T17:09:31","modified_gmt":"2024-06-20T15:09:31","slug":"high-end-content-fafe-en","status":"publish","type":"page","link":"https:\/\/studiorenegade.de\/en\/high-end-content-fafe-en\/","title":{"rendered":"High End Content Fafe EN"},"content":{"rendered":"<div data-elementor-type=\"wp-page\" data-elementor-id=\"5839\" class=\"elementor elementor-5839\" data-elementor-post-type=\"page\">\n\t\t\t\t<div class=\"elementor-element elementor-element-15bfe147 e-flex e-con-boxed e-con e-parent\" data-id=\"15bfe147\" data-element_type=\"container\" data-settings=\"{&quot;background_background&quot;:&quot;classic&quot;,&quot;background_motion_fx_motion_fx_scrolling&quot;:&quot;yes&quot;,&quot;background_motion_fx_translateY_effect&quot;:&quot;yes&quot;,&quot;background_motion_fx_translateY_speed&quot;:{&quot;unit&quot;:&quot;px&quot;,&quot;size&quot;:4,&quot;sizes&quot;:[]},&quot;background_motion_fx_translateY_affectedRange&quot;:{&quot;unit&quot;:&quot;%&quot;,&quot;size&quot;:&quot;&quot;,&quot;sizes&quot;:{&quot;start&quot;:0,&quot;end&quot;:100}},&quot;background_motion_fx_devices&quot;:[&quot;desktop&quot;,&quot;tablet&quot;,&quot;mobile&quot;]}\">\n\t\t\t\t\t<div class=\"e-con-inner\">\n\t\t\t\t<div class=\"elementor-element elementor-element-7bb4f6b elementor-widget elementor-widget-spacer\" data-id=\"7bb4f6b\" data-element_type=\"widget\" data-widget_type=\"spacer.default\">\n\t\t\t\t<div class=\"elementor-widget-container\">\n\t\t\t\t\t\t\t<div class=\"elementor-spacer\">\n\t\t\t<div class=\"elementor-spacer-inner\"><\/div>\n\t\t<\/div>\n\t\t\t\t\t\t<\/div>\n\t\t\t\t<\/div>\n\t\t<div class=\"elementor-element elementor-element-12dfab3e e-con-full e-flex e-con e-child\" data-id=\"12dfab3e\" data-element_type=\"container\">\n\t\t\t\t<div class=\"elementor-element elementor-element-15de61fe elementor-widget elementor-widget-text-editor\" data-id=\"15de61fe\" data-element_type=\"widget\" data-widget_type=\"text-editor.default\">\n\t\t\t\t<div class=\"elementor-widget-container\">\n\t\t\t\t\t\t\t\t\t<p>HIGH END CONTENT<\/p>\t\t\t\t\t\t\t\t<\/div>\n\t\t\t\t<\/div>\n\t\t\t\t<div class=\"elementor-element elementor-element-48fc86f9 elementor-widget elementor-widget-text-editor\" data-id=\"48fc86f9\" data-element_type=\"widget\" data-widget_type=\"text-editor.default\">\n\t\t\t\t<div class=\"elementor-widget-container\">\n\t\t\t\t\t\t\t\t\t<p>FAFE COLLECTION<\/p>\t\t\t\t\t\t\t\t<\/div>\n\t\t\t\t<\/div>\n\t\t\t\t<\/div>\n\t\t\t\t\t<\/div>\n\t\t\t\t<\/div>\n\t\t<div class=\"elementor-element elementor-element-45c4170 e-flex e-con-boxed e-con e-parent\" data-id=\"45c4170\" data-element_type=\"container\">\n\t\t\t\t\t<div class=\"e-con-inner\">\n\t\t<div class=\"elementor-element elementor-element-29318215 e-con-full e-flex e-con e-child\" data-id=\"29318215\" data-element_type=\"container\">\n\t\t\t\t<\/div>\n\t\t<div class=\"elementor-element elementor-element-1fb81a12 e-con-full e-flex e-con e-child\" data-id=\"1fb81a12\" data-element_type=\"container\">\n\t\t\t\t<\/div>\n\t\t<div class=\"elementor-element elementor-element-4174cc26 e-con-full e-flex e-con e-child\" data-id=\"4174cc26\" data-element_type=\"container\">\n\t\t\t\t<div class=\"elementor-element elementor-element-3d066aa7 elementor-widget elementor-widget-image\" data-id=\"3d066aa7\" data-element_type=\"widget\" data-settings=\"{&quot;motion_fx_motion_fx_scrolling&quot;:&quot;yes&quot;,&quot;motion_fx_translateY_effect&quot;:&quot;yes&quot;,&quot;motion_fx_translateY_speed&quot;:{&quot;unit&quot;:&quot;px&quot;,&quot;size&quot;:2,&quot;sizes&quot;:[]},&quot;motion_fx_translateY_affectedRange&quot;:{&quot;unit&quot;:&quot;%&quot;,&quot;size&quot;:&quot;&quot;,&quot;sizes&quot;:{&quot;start&quot;:0,&quot;end&quot;:100}},&quot;motion_fx_devices&quot;:[&quot;desktop&quot;,&quot;tablet&quot;,&quot;mobile&quot;]}\" data-widget_type=\"image.default\">\n\t\t\t\t<div class=\"elementor-widget-container\">\n\t\t\t\t\t\t\t\t\t\t\t\t\t\t\t<img fetchpriority=\"high\" decoding=\"async\" width=\"683\" height=\"1024\" src=\"https:\/\/studiorenegade.de\/wp-content\/uploads\/2024\/06\/FarinaRenegadeHighEndContentFafeCollection4-683x1024.jpg\" class=\"attachment-large size-large wp-image-5827\" alt=\"\" srcset=\"https:\/\/studiorenegade.de\/wp-content\/uploads\/2024\/06\/FarinaRenegadeHighEndContentFafeCollection4-683x1024.jpg 683w, https:\/\/studiorenegade.de\/wp-content\/uploads\/2024\/06\/FarinaRenegadeHighEndContentFafeCollection4-200x300.jpg 200w, https:\/\/studiorenegade.de\/wp-content\/uploads\/2024\/06\/FarinaRenegadeHighEndContentFafeCollection4-768x1152.jpg 768w, https:\/\/studiorenegade.de\/wp-content\/uploads\/2024\/06\/FarinaRenegadeHighEndContentFafeCollection4.jpg 1000w\" sizes=\"(max-width: 683px) 100vw, 683px\" \/>\t\t\t\t\t\t\t\t\t\t\t\t\t\t\t<\/div>\n\t\t\t\t<\/div>\n\t\t\t\t<\/div>\n\t\t\t\t\t<\/div>\n\t\t\t\t<\/div>\n\t\t<div class=\"elementor-element elementor-element-5c678d62 e-flex e-con-boxed e-con e-parent\" data-id=\"5c678d62\" data-element_type=\"container\">\n\t\t\t\t\t<div class=\"e-con-inner\">\n\t\t\t\t<div class=\"elementor-element elementor-element-7953792e elementor-widget elementor-widget-text-editor\" data-id=\"7953792e\" data-element_type=\"widget\" data-widget_type=\"text-editor.default\">\n\t\t\t\t<div class=\"elementor-widget-container\">\n\t\t\t\t\t\t\t\t\t<p>THE VISION<\/p>\t\t\t\t\t\t\t\t<\/div>\n\t\t\t\t<\/div>\n\t\t\t\t<div class=\"elementor-element elementor-element-64a077f1 elementor-widget elementor-widget-text-editor\" data-id=\"64a077f1\" data-element_type=\"widget\" data-widget_type=\"text-editor.default\">\n\t\t\t\t<div class=\"elementor-widget-container\">\n\t\t\t\t\t\t\t\t\t<p>For their new collection, Fafe wanted a selection of soft, clean images to liven up her Instagram feed.<\/p>\t\t\t\t\t\t\t\t<\/div>\n\t\t\t\t<\/div>\n\t\t\t\t\t<\/div>\n\t\t\t\t<\/div>\n\t\t<div class=\"elementor-element elementor-element-39d61ada e-flex e-con-boxed e-con e-parent\" data-id=\"39d61ada\" data-element_type=\"container\">\n\t\t\t\t\t<div class=\"e-con-inner\">\n\t\t\t\t<div class=\"elementor-element elementor-element-62a347b3 elementor-invisible elementor-widget elementor-widget-gallery\" data-id=\"62a347b3\" data-element_type=\"widget\" data-settings=\"{&quot;gallery_layout&quot;:&quot;masonry&quot;,&quot;columns&quot;:2,&quot;gap&quot;:{&quot;unit&quot;:&quot;px&quot;,&quot;size&quot;:50,&quot;sizes&quot;:[]},&quot;motion_fx_motion_fx_scrolling&quot;:&quot;yes&quot;,&quot;_animation&quot;:&quot;fadeIn&quot;,&quot;columns_tablet&quot;:2,&quot;columns_mobile&quot;:1,&quot;gap_tablet&quot;:{&quot;unit&quot;:&quot;px&quot;,&quot;size&quot;:10,&quot;sizes&quot;:[]},&quot;gap_mobile&quot;:{&quot;unit&quot;:&quot;px&quot;,&quot;size&quot;:10,&quot;sizes&quot;:[]},&quot;content_hover_animation&quot;:&quot;fade-in&quot;,&quot;motion_fx_devices&quot;:[&quot;desktop&quot;,&quot;tablet&quot;,&quot;mobile&quot;]}\" data-widget_type=\"gallery.default\">\n\t\t\t\t<div class=\"elementor-widget-container\">\n\t\t\t\t\t\t\t<div class=\"elementor-gallery__container\">\n\t\t\t\t\t\t\t<div class=\"e-gallery-item elementor-gallery-item elementor-animated-content\">\n\t\t\t\t\t<div class=\"e-gallery-image elementor-gallery-item__image\" data-thumbnail=\"https:\/\/studiorenegade.de\/wp-content\/uploads\/2024\/06\/FarinaRenegadeHighEndContentFafeCollection8.jpg\" data-width=\"1000\" data-height=\"1500\" aria-label=\"\" role=\"img\" ><\/div>\n\t\t\t\t\t\t\t\t\t\t\t\t\t\t<\/div>\n\t\t\t\t\t\t\t<div class=\"e-gallery-item elementor-gallery-item elementor-animated-content\">\n\t\t\t\t\t<div class=\"e-gallery-image elementor-gallery-item__image\" data-thumbnail=\"https:\/\/studiorenegade.de\/wp-content\/uploads\/2024\/06\/FarinaRenegadeHighEndContentFafeCollection3-1.jpg\" data-width=\"1000\" data-height=\"1500\" aria-label=\"\" role=\"img\" ><\/div>\n\t\t\t\t\t\t\t\t\t\t\t\t\t\t<\/div>\n\t\t\t\t\t\t\t<div class=\"e-gallery-item elementor-gallery-item elementor-animated-content\">\n\t\t\t\t\t<div class=\"e-gallery-image elementor-gallery-item__image\" data-thumbnail=\"https:\/\/studiorenegade.de\/wp-content\/uploads\/2024\/06\/FarinaRenegadeHighEndContentFafeCollection5.jpg\" data-width=\"1000\" data-height=\"1500\" aria-label=\"\" role=\"img\" ><\/div>\n\t\t\t\t\t\t\t\t\t\t\t\t\t\t<\/div>\n\t\t\t\t\t\t\t<div class=\"e-gallery-item elementor-gallery-item elementor-animated-content\">\n\t\t\t\t\t<div class=\"e-gallery-image elementor-gallery-item__image\" data-thumbnail=\"https:\/\/studiorenegade.de\/wp-content\/uploads\/2024\/06\/FarinaRenegadeHighEndContentFafeCollection7.jpg\" data-width=\"1000\" data-height=\"1500\" aria-label=\"\" role=\"img\" ><\/div>\n\t\t\t\t\t\t\t\t\t\t\t\t\t\t<\/div>\n\t\t\t\t\t\t\t<div class=\"e-gallery-item elementor-gallery-item elementor-animated-content\">\n\t\t\t\t\t<div class=\"e-gallery-image elementor-gallery-item__image\" data-thumbnail=\"https:\/\/studiorenegade.de\/wp-content\/uploads\/2024\/06\/FarinaRenegadeHighEndContentFafeCollection2.jpg\" data-width=\"1000\" data-height=\"1500\" aria-label=\"\" role=\"img\" ><\/div>\n\t\t\t\t\t\t\t\t\t\t\t\t\t\t<\/div>\n\t\t\t\t\t\t\t<div class=\"e-gallery-item elementor-gallery-item elementor-animated-content\">\n\t\t\t\t\t<div class=\"e-gallery-image elementor-gallery-item__image\" data-thumbnail=\"https:\/\/studiorenegade.de\/wp-content\/uploads\/2024\/06\/FarinaRenegadeHighEndContentFafeCollection6.jpg\" data-width=\"1000\" data-height=\"1500\" aria-label=\"\" role=\"img\" ><\/div>\n\t\t\t\t\t\t\t\t\t\t\t\t\t\t<\/div>\n\t\t\t\t\t\t\t<div class=\"e-gallery-item elementor-gallery-item elementor-animated-content\">\n\t\t\t\t\t<div class=\"e-gallery-image elementor-gallery-item__image\" data-thumbnail=\"https:\/\/studiorenegade.de\/wp-content\/uploads\/2024\/06\/FarinaRenegadeHighEndContentFafeCollection1.jpg\" data-width=\"1000\" data-height=\"1500\" aria-label=\"\" role=\"img\" ><\/div>\n\t\t\t\t\t\t\t\t\t\t\t\t\t\t<\/div>\n\t\t\t\t\t\t\t<div class=\"e-gallery-item elementor-gallery-item elementor-animated-content\">\n\t\t\t\t\t<div class=\"e-gallery-image elementor-gallery-item__image\" data-thumbnail=\"https:\/\/studiorenegade.de\/wp-content\/uploads\/2024\/06\/FarinaRenegadeHighEndContentFafeCollection9.jpg\" data-width=\"1000\" data-height=\"1500\" aria-label=\"\" role=\"img\" ><\/div>\n\t\t\t\t\t\t\t\t\t\t\t\t\t\t<\/div>\n\t\t\t\t\t<\/div>\n\t\t\t\t\t<\/div>\n\t\t\t\t<\/div>\n\t\t\t\t\t<\/div>\n\t\t\t\t<\/div>\n\t\t<div class=\"elementor-element elementor-element-4810c4de e-flex e-con-boxed e-con e-parent\" data-id=\"4810c4de\" data-element_type=\"container\">\n\t\t\t\t\t<div class=\"e-con-inner\">\n\t\t<div class=\"elementor-element elementor-element-1482141c e-con-full e-flex e-con e-child\" data-id=\"1482141c\" data-element_type=\"container\">\n\t\t\t\t<div class=\"elementor-element elementor-element-4310e685 elementor-widget elementor-widget-spacer\" data-id=\"4310e685\" data-element_type=\"widget\" data-widget_type=\"spacer.default\">\n\t\t\t\t<div class=\"elementor-widget-container\">\n\t\t\t\t\t\t\t<div class=\"elementor-spacer\">\n\t\t\t<div class=\"elementor-spacer-inner\"><\/div>\n\t\t<\/div>\n\t\t\t\t\t\t<\/div>\n\t\t\t\t<\/div>\n\t\t\t\t<div class=\"elementor-element elementor-element-2a8ae128 elementor-widget elementor-widget-heading\" data-id=\"2a8ae128\" data-element_type=\"widget\" data-widget_type=\"heading.default\">\n\t\t\t\t<div class=\"elementor-widget-container\">\n\t\t\t\t\t<h4 class=\"elementor-heading-title elementor-size-default\">CONTACT<\/h4>\t\t\t\t<\/div>\n\t\t\t\t<\/div>\n\t\t\t\t<div class=\"elementor-element elementor-element-7d6c7a8e elementor-widget elementor-widget-heading\" data-id=\"7d6c7a8e\" data-element_type=\"widget\" data-widget_type=\"heading.default\">\n\t\t\t\t<div class=\"elementor-widget-container\">\n\t\t\t\t\t<h2 class=\"elementor-heading-title elementor-size-default translation-block\">are you <i>ready<\/i> for <br>the Renegade effect<\/h2>\t\t\t\t<\/div>\n\t\t\t\t<\/div>\n\t\t\t\t<div class=\"elementor-element elementor-element-9af9117 elementor-widget__width-initial elementor-widget-mobile__width-initial elementor-widget elementor-widget-text-editor\" data-id=\"9af9117\" data-element_type=\"widget\" data-widget_type=\"text-editor.default\">\n\t\t\t\t<div class=\"elementor-widget-container\">\n\t\t\t\t\t\t\t\t\t<p>You don\u2019t want to miss out on amazing photos and videos? Contact me for a quick call and let\u2019s talk about your vision!<\/p>\t\t\t\t\t\t\t\t<\/div>\n\t\t\t\t<\/div>\n\t\t\t\t<div class=\"elementor-element elementor-element-69fdb1f6 elementor-align-center elementor-mobile-align-center elementor-widget__width-initial elementor-widget elementor-widget-button\" data-id=\"69fdb1f6\" data-element_type=\"widget\" data-widget_type=\"button.default\">\n\t\t\t\t<div class=\"elementor-widget-container\">\n\t\t\t\t\t\t\t\t\t<div class=\"elementor-button-wrapper\">\n\t\t\t\t\t<a class=\"elementor-button elementor-button-link elementor-size-sm\" href=\"https:\/\/studiorenegade.de\/en\/contact\/\">\n\t\t\t\t\t\t<span class=\"elementor-button-content-wrapper\">\n\t\t\t\t\t\t\t\t\t<span class=\"elementor-button-text\">let's start<\/span>\n\t\t\t\t\t<\/span>\n\t\t\t\t\t<\/a>\n\t\t\t\t<\/div>\n\t\t\t\t\t\t\t\t<\/div>\n\t\t\t\t<\/div>\n\t\t\t\t<\/div>\n\t\t\t\t\t<\/div>\n\t\t\t\t<\/div>\n\t\t\t\t<\/div>","protected":false},"excerpt":{"rendered":"<p>HIGH END CONTENT FAFE COLLECTION THE VISION For their new collection, Fafe wanted a selection of soft, clean images to liven up her Instagram feed. KONTAKT Bist du ready f\u00fcr den Renegade Effekt? Du m\u00f6chtest nicht l\u00e4nger auf gro\u00dfartige Bilder verzichten? Dann melde dich einfach f\u00fcr einen unverbindlichen Call und lass uns \u00fcber deine Vision [&hellip;]<\/p>","protected":false},"author":1,"featured_media":0,"parent":0,"menu_order":0,"comment_status":"closed","ping_status":"closed","template":"elementor_header_footer","meta":{"footnotes":""},"class_list":["post-5839","page","type-page","status-publish","hentry"],"_links":{"self":[{"href":"https:\/\/studiorenegade.de\/en\/wp-json\/wp\/v2\/pages\/5839","targetHints":{"allow":["GET"]}}],"collection":[{"href":"https:\/\/studiorenegade.de\/en\/wp-json\/wp\/v2\/pages"}],"about":[{"href":"https:\/\/studiorenegade.de\/en\/wp-json\/wp\/v2\/types\/page"}],"author":[{"embeddable":true,"href":"https:\/\/studiorenegade.de\/en\/wp-json\/wp\/v2\/users\/1"}],"replies":[{"embeddable":true,"href":"https:\/\/studiorenegade.de\/en\/wp-json\/wp\/v2\/comments?post=5839"}],"version-history":[{"count":11,"href":"https:\/\/studiorenegade.de\/en\/wp-json\/wp\/v2\/pages\/5839\/revisions"}],"predecessor-version":[{"id":6472,"href":"https:\/\/studiorenegade.de\/en\/wp-json\/wp\/v2\/pages\/5839\/revisions\/6472"}],"wp:attachment":[{"href":"https:\/\/studiorenegade.de\/en\/wp-json\/wp\/v2\/media?parent=5839"}],"curies":[{"name":"wp","href":"https:\/\/api.w.org\/{rel}","templated":true}]}}