{"id":5592,"date":"2024-06-19T19:09:28","date_gmt":"2024-06-19T17:09:28","guid":{"rendered":"https:\/\/studiorenegade.de\/?page_id=5592"},"modified":"2025-01-17T17:29:35","modified_gmt":"2025-01-17T16:29:35","slug":"sedcard-light-beauty","status":"publish","type":"page","link":"https:\/\/studiorenegade.de\/en\/sedcard-light-beauty\/","title":{"rendered":"Sedcard Light Beauty"},"content":{"rendered":"<div data-elementor-type=\"wp-page\" data-elementor-id=\"5592\" class=\"elementor elementor-5592\" data-elementor-post-type=\"page\">\n\t\t\t\t<div class=\"elementor-element elementor-element-83ede73 e-flex e-con-boxed e-con e-parent\" data-id=\"83ede73\" data-element_type=\"container\" data-settings=\"{&quot;background_background&quot;:&quot;classic&quot;,&quot;background_motion_fx_motion_fx_scrolling&quot;:&quot;yes&quot;,&quot;background_motion_fx_devices&quot;:[&quot;desktop&quot;,&quot;tablet&quot;,&quot;mobile&quot;]}\">\n\t\t\t\t\t<div class=\"e-con-inner\">\n\t\t\t\t<div class=\"elementor-element elementor-element-a08c733 elementor-widget elementor-widget-spacer\" data-id=\"a08c733\" data-element_type=\"widget\" data-widget_type=\"spacer.default\">\n\t\t\t\t<div class=\"elementor-widget-container\">\n\t\t\t\t\t\t\t<div class=\"elementor-spacer\">\n\t\t\t<div class=\"elementor-spacer-inner\"><\/div>\n\t\t<\/div>\n\t\t\t\t\t\t<\/div>\n\t\t\t\t<\/div>\n\t\t<div class=\"elementor-element elementor-element-79655df e-con-full e-flex e-con e-child\" data-id=\"79655df\" data-element_type=\"container\">\n\t\t\t\t<div class=\"elementor-element elementor-element-03c2552 elementor-widget elementor-widget-text-editor\" data-id=\"03c2552\" data-element_type=\"widget\" data-widget_type=\"text-editor.default\">\n\t\t\t\t<div class=\"elementor-widget-container\">\n\t\t\t\t\t\t\t\t\t<p>SEDCARD<\/p>\t\t\t\t\t\t\t\t<\/div>\n\t\t\t\t<\/div>\n\t\t\t\t<div class=\"elementor-element elementor-element-6ae97f9 elementor-widget elementor-widget-text-editor\" data-id=\"6ae97f9\" data-element_type=\"widget\" data-widget_type=\"text-editor.default\">\n\t\t\t\t<div class=\"elementor-widget-container\">\n\t\t\t\t\t\t\t\t\t<p>LIGHT BEAUTY | JEWELRY<\/p>\t\t\t\t\t\t\t\t<\/div>\n\t\t\t\t<\/div>\n\t\t\t\t<div class=\"elementor-element elementor-element-1dd81bb elementor-widget__width-initial elementor-widget elementor-widget-text-editor\" data-id=\"1dd81bb\" data-element_type=\"widget\" data-widget_type=\"text-editor.default\">\n\t\t\t\t<div class=\"elementor-widget-container\">\n\t\t\t\t\t\t\t\t\t<p>Light Beauty ist eine reduzierte, cleane Variante von Beauty Bildern mit nat\u00fcrlichem MakeUp<\/p>\t\t\t\t\t\t\t\t<\/div>\n\t\t\t\t<\/div>\n\t\t\t\t<\/div>\n\t\t\t\t\t<\/div>\n\t\t\t\t<\/div>\n\t\t<div class=\"elementor-element elementor-element-596e697 e-flex e-con-boxed e-con e-parent\" data-id=\"596e697\" data-element_type=\"container\">\n\t\t\t\t\t<div class=\"e-con-inner\">\n\t\t<div class=\"elementor-element elementor-element-a7aa5a5 e-con-full e-flex e-con e-child\" data-id=\"a7aa5a5\" data-element_type=\"container\">\n\t\t\t\t<\/div>\n\t\t<div class=\"elementor-element elementor-element-353c75a e-con-full e-flex e-con e-child\" data-id=\"353c75a\" data-element_type=\"container\">\n\t\t\t\t<\/div>\n\t\t<div class=\"elementor-element elementor-element-be29ee3 e-con-full e-flex e-con e-child\" data-id=\"be29ee3\" data-element_type=\"container\">\n\t\t\t\t<div class=\"elementor-element elementor-element-d15bae7 elementor-widget elementor-widget-image\" data-id=\"d15bae7\" data-element_type=\"widget\" data-settings=\"{&quot;motion_fx_motion_fx_scrolling&quot;:&quot;yes&quot;,&quot;motion_fx_translateY_effect&quot;:&quot;yes&quot;,&quot;motion_fx_translateY_speed&quot;:{&quot;unit&quot;:&quot;px&quot;,&quot;size&quot;:2,&quot;sizes&quot;:[]},&quot;motion_fx_translateY_affectedRange&quot;:{&quot;unit&quot;:&quot;%&quot;,&quot;size&quot;:&quot;&quot;,&quot;sizes&quot;:{&quot;start&quot;:0,&quot;end&quot;:100}},&quot;motion_fx_devices&quot;:[&quot;desktop&quot;,&quot;tablet&quot;,&quot;mobile&quot;]}\" data-widget_type=\"image.default\">\n\t\t\t\t<div class=\"elementor-widget-container\">\n\t\t\t\t\t\t\t\t\t\t\t\t\t\t\t<img fetchpriority=\"high\" decoding=\"async\" width=\"800\" height=\"1000\" src=\"https:\/\/studiorenegade.de\/wp-content\/uploads\/2025\/01\/FarinaRenegade-Sedcard-LightBeauty-11-819x1024.jpg\" class=\"attachment-large size-large wp-image-7309\" alt=\"\" srcset=\"https:\/\/studiorenegade.de\/wp-content\/uploads\/2025\/01\/FarinaRenegade-Sedcard-LightBeauty-11-819x1024.jpg 819w, https:\/\/studiorenegade.de\/wp-content\/uploads\/2025\/01\/FarinaRenegade-Sedcard-LightBeauty-11-240x300.jpg 240w, https:\/\/studiorenegade.de\/wp-content\/uploads\/2025\/01\/FarinaRenegade-Sedcard-LightBeauty-11-768x960.jpg 768w, https:\/\/studiorenegade.de\/wp-content\/uploads\/2025\/01\/FarinaRenegade-Sedcard-LightBeauty-11-1229x1536.jpg 1229w, https:\/\/studiorenegade.de\/wp-content\/uploads\/2025\/01\/FarinaRenegade-Sedcard-LightBeauty-11-1638x2048.jpg 1638w, https:\/\/studiorenegade.de\/wp-content\/uploads\/2025\/01\/FarinaRenegade-Sedcard-LightBeauty-11-10x12.jpg 10w, https:\/\/studiorenegade.de\/wp-content\/uploads\/2025\/01\/FarinaRenegade-Sedcard-LightBeauty-11-scaled.jpg 2048w\" sizes=\"(max-width: 800px) 100vw, 800px\" \/>\t\t\t\t\t\t\t\t\t\t\t\t\t\t\t<\/div>\n\t\t\t\t<\/div>\n\t\t\t\t<\/div>\n\t\t\t\t\t<\/div>\n\t\t\t\t<\/div>\n\t\t<div class=\"elementor-element elementor-element-7f21f46 e-flex e-con-boxed e-con e-parent\" data-id=\"7f21f46\" data-element_type=\"container\">\n\t\t\t\t\t<div class=\"e-con-inner\">\n\t\t\t\t<div class=\"elementor-element elementor-element-f7502a3 elementor-invisible elementor-widget elementor-widget-gallery\" data-id=\"f7502a3\" data-element_type=\"widget\" data-settings=\"{&quot;gallery_layout&quot;:&quot;masonry&quot;,&quot;columns&quot;:2,&quot;gap&quot;:{&quot;unit&quot;:&quot;px&quot;,&quot;size&quot;:50,&quot;sizes&quot;:[]},&quot;motion_fx_motion_fx_scrolling&quot;:&quot;yes&quot;,&quot;_animation&quot;:&quot;fadeIn&quot;,&quot;columns_tablet&quot;:2,&quot;columns_mobile&quot;:1,&quot;gap_tablet&quot;:{&quot;unit&quot;:&quot;px&quot;,&quot;size&quot;:10,&quot;sizes&quot;:[]},&quot;gap_mobile&quot;:{&quot;unit&quot;:&quot;px&quot;,&quot;size&quot;:10,&quot;sizes&quot;:[]},&quot;content_hover_animation&quot;:&quot;fade-in&quot;,&quot;motion_fx_devices&quot;:[&quot;desktop&quot;,&quot;tablet&quot;,&quot;mobile&quot;]}\" data-widget_type=\"gallery.default\">\n\t\t\t\t<div class=\"elementor-widget-container\">\n\t\t\t\t\t\t\t<div class=\"elementor-gallery__container\">\n\t\t\t\t\t\t\t<div class=\"e-gallery-item elementor-gallery-item elementor-animated-content\">\n\t\t\t\t\t<div class=\"e-gallery-image elementor-gallery-item__image\" data-thumbnail=\"https:\/\/studiorenegade.de\/wp-content\/uploads\/2024\/06\/FarinaRenegade-Sedcard-LightBeauty-14.jpg\" data-width=\"1000\" data-height=\"1500\" aria-label=\"\" role=\"img\" ><\/div>\n\t\t\t\t\t\t\t\t\t\t\t\t\t\t<\/div>\n\t\t\t\t\t\t\t<div class=\"e-gallery-item elementor-gallery-item elementor-animated-content\">\n\t\t\t\t\t<div class=\"e-gallery-image elementor-gallery-item__image\" data-thumbnail=\"https:\/\/studiorenegade.de\/wp-content\/uploads\/2025\/01\/FarinaRenegade-Sedcard-LightBeauty-19.jpg\" data-width=\"1339\" data-height=\"2008\" aria-label=\"\" role=\"img\" ><\/div>\n\t\t\t\t\t\t\t\t\t\t\t\t\t\t<\/div>\n\t\t\t\t\t\t\t<div class=\"e-gallery-item elementor-gallery-item elementor-animated-content\">\n\t\t\t\t\t<div class=\"e-gallery-image elementor-gallery-item__image\" data-thumbnail=\"https:\/\/studiorenegade.de\/wp-content\/uploads\/2024\/06\/FarinaRenegade-Sedcard-LightBeauty-3-1.jpg\" data-width=\"1000\" data-height=\"1500\" aria-label=\"\" role=\"img\" ><\/div>\n\t\t\t\t\t\t\t\t\t\t\t\t\t\t<\/div>\n\t\t\t\t\t\t\t<div class=\"e-gallery-item elementor-gallery-item elementor-animated-content\">\n\t\t\t\t\t<div class=\"e-gallery-image elementor-gallery-item__image\" data-thumbnail=\"https:\/\/studiorenegade.de\/wp-content\/uploads\/2024\/06\/FarinaRenegade-Sedcard-LightBeauty-13.jpg\" data-width=\"1000\" data-height=\"1500\" aria-label=\"\" role=\"img\" ><\/div>\n\t\t\t\t\t\t\t\t\t\t\t\t\t\t<\/div>\n\t\t\t\t\t\t\t<div class=\"e-gallery-item elementor-gallery-item elementor-animated-content\">\n\t\t\t\t\t<div class=\"e-gallery-image elementor-gallery-item__image\" data-thumbnail=\"https:\/\/studiorenegade.de\/wp-content\/uploads\/2024\/06\/FarinaRenegade-Sedcard-LightBeauty-2-1.jpg\" data-width=\"1000\" data-height=\"1500\" aria-label=\"\" role=\"img\" ><\/div>\n\t\t\t\t\t\t\t\t\t\t\t\t\t\t<\/div>\n\t\t\t\t\t\t\t<div class=\"e-gallery-item elementor-gallery-item elementor-animated-content\">\n\t\t\t\t\t<div class=\"e-gallery-image elementor-gallery-item__image\" data-thumbnail=\"https:\/\/studiorenegade.de\/wp-content\/uploads\/2024\/06\/FarinaRenegade-Sedcard-LightBeauty-16.jpg\" data-width=\"1000\" data-height=\"1500\" aria-label=\"\" role=\"img\" ><\/div>\n\t\t\t\t\t\t\t\t\t\t\t\t\t\t<\/div>\n\t\t\t\t\t\t\t<div class=\"e-gallery-item elementor-gallery-item elementor-animated-content\">\n\t\t\t\t\t<div class=\"e-gallery-image elementor-gallery-item__image\" data-thumbnail=\"https:\/\/studiorenegade.de\/wp-content\/uploads\/2025\/01\/FarinaRenegade-Sedcard-LightBeauty-17.jpg\" data-width=\"1339\" data-height=\"2008\" aria-label=\"\" role=\"img\" ><\/div>\n\t\t\t\t\t\t\t\t\t\t\t\t\t\t<\/div>\n\t\t\t\t\t\t\t<div class=\"e-gallery-item elementor-gallery-item elementor-animated-content\">\n\t\t\t\t\t<div class=\"e-gallery-image elementor-gallery-item__image\" data-thumbnail=\"https:\/\/studiorenegade.de\/wp-content\/uploads\/2024\/06\/FarinaRenegade-Sedcard-LightBeauty-5.jpg\" data-width=\"1000\" data-height=\"1500\" aria-label=\"\" role=\"img\" ><\/div>\n\t\t\t\t\t\t\t\t\t\t\t\t\t\t<\/div>\n\t\t\t\t\t\t\t<div class=\"e-gallery-item elementor-gallery-item elementor-animated-content\">\n\t\t\t\t\t<div class=\"e-gallery-image elementor-gallery-item__image\" data-thumbnail=\"https:\/\/studiorenegade.de\/wp-content\/uploads\/2024\/06\/FarinaRenegade-Sedcard-LightBeauty-6.jpg\" data-width=\"1000\" data-height=\"1500\" aria-label=\"\" role=\"img\" ><\/div>\n\t\t\t\t\t\t\t\t\t\t\t\t\t\t<\/div>\n\t\t\t\t\t\t\t<div class=\"e-gallery-item elementor-gallery-item elementor-animated-content\">\n\t\t\t\t\t<div class=\"e-gallery-image elementor-gallery-item__image\" data-thumbnail=\"https:\/\/studiorenegade.de\/wp-content\/uploads\/2025\/01\/FarinaRenegade-Sedcard-LightBeauty-18.jpg\" data-width=\"1339\" data-height=\"2008\" aria-label=\"\" role=\"img\" ><\/div>\n\t\t\t\t\t\t\t\t\t\t\t\t\t\t<\/div>\n\t\t\t\t\t\t\t<div class=\"e-gallery-item elementor-gallery-item elementor-animated-content\">\n\t\t\t\t\t<div class=\"e-gallery-image elementor-gallery-item__image\" data-thumbnail=\"https:\/\/studiorenegade.de\/wp-content\/uploads\/2024\/06\/FarinaRenegade-Sedcard-LightBeauty-15.jpg\" data-width=\"1000\" data-height=\"1500\" aria-label=\"\" role=\"img\" ><\/div>\n\t\t\t\t\t\t\t\t\t\t\t\t\t\t<\/div>\n\t\t\t\t\t\t\t<div class=\"e-gallery-item elementor-gallery-item elementor-animated-content\">\n\t\t\t\t\t<div class=\"e-gallery-image elementor-gallery-item__image\" data-thumbnail=\"https:\/\/studiorenegade.de\/wp-content\/uploads\/2024\/06\/FarinaRenegade-Sedcard-LightBeauty-11.jpg\" data-width=\"1000\" data-height=\"1500\" aria-label=\"\" role=\"img\" ><\/div>\n\t\t\t\t\t\t\t\t\t\t\t\t\t\t<\/div>\n\t\t\t\t\t<\/div>\n\t\t\t\t\t<\/div>\n\t\t\t\t<\/div>\n\t\t\t\t\t<\/div>\n\t\t\t\t<\/div>\n\t\t<div class=\"elementor-element elementor-element-982cb0e e-flex e-con-boxed e-con e-parent\" data-id=\"982cb0e\" data-element_type=\"container\">\n\t\t\t\t\t<div class=\"e-con-inner\">\n\t\t<div class=\"elementor-element elementor-element-ccbdcf7 e-con-full e-flex e-con e-child\" data-id=\"ccbdcf7\" data-element_type=\"container\">\n\t\t\t\t<div class=\"elementor-element elementor-element-6f363a9 elementor-widget elementor-widget-spacer\" data-id=\"6f363a9\" data-element_type=\"widget\" data-widget_type=\"spacer.default\">\n\t\t\t\t<div class=\"elementor-widget-container\">\n\t\t\t\t\t\t\t<div class=\"elementor-spacer\">\n\t\t\t<div class=\"elementor-spacer-inner\"><\/div>\n\t\t<\/div>\n\t\t\t\t\t\t<\/div>\n\t\t\t\t<\/div>\n\t\t\t\t<div class=\"elementor-element elementor-element-64f26f6 elementor-widget elementor-widget-heading\" data-id=\"64f26f6\" data-element_type=\"widget\" data-widget_type=\"heading.default\">\n\t\t\t\t<div class=\"elementor-widget-container\">\n\t\t\t\t\t<h4 class=\"elementor-heading-title elementor-size-default\">CONTACT<\/h4>\t\t\t\t<\/div>\n\t\t\t\t<\/div>\n\t\t\t\t<div class=\"elementor-element elementor-element-8480de1 elementor-widget elementor-widget-heading\" data-id=\"8480de1\" data-element_type=\"widget\" data-widget_type=\"heading.default\">\n\t\t\t\t<div class=\"elementor-widget-container\">\n\t\t\t\t\t<h2 class=\"elementor-heading-title elementor-size-default translation-block\">are you <i>ready<\/i> for <br>the Renegade effect<\/h2>\t\t\t\t<\/div>\n\t\t\t\t<\/div>\n\t\t\t\t<div class=\"elementor-element elementor-element-0aa8549 elementor-widget__width-initial elementor-widget-mobile__width-initial elementor-widget elementor-widget-text-editor\" data-id=\"0aa8549\" data-element_type=\"widget\" data-widget_type=\"text-editor.default\">\n\t\t\t\t<div class=\"elementor-widget-container\">\n\t\t\t\t\t\t\t\t\t<p>You don\u2019t want to miss out on amazing photos and videos? Contact me for a quick call and let\u2019s talk about your vision!<\/p>\t\t\t\t\t\t\t\t<\/div>\n\t\t\t\t<\/div>\n\t\t\t\t<div class=\"elementor-element elementor-element-19106ef elementor-align-center elementor-mobile-align-center elementor-widget__width-initial elementor-widget elementor-widget-button\" data-id=\"19106ef\" data-element_type=\"widget\" data-widget_type=\"button.default\">\n\t\t\t\t<div class=\"elementor-widget-container\">\n\t\t\t\t\t\t\t\t\t<div class=\"elementor-button-wrapper\">\n\t\t\t\t\t<a class=\"elementor-button elementor-button-link elementor-size-sm\" href=\"https:\/\/studiorenegade.de\/en\/contact\/\">\n\t\t\t\t\t\t<span class=\"elementor-button-content-wrapper\">\n\t\t\t\t\t\t\t\t\t<span class=\"elementor-button-text\">let's start<\/span>\n\t\t\t\t\t<\/span>\n\t\t\t\t\t<\/a>\n\t\t\t\t<\/div>\n\t\t\t\t\t\t\t\t<\/div>\n\t\t\t\t<\/div>\n\t\t\t\t<\/div>\n\t\t\t\t\t<\/div>\n\t\t\t\t<\/div>\n\t\t\t\t<\/div>","protected":false},"excerpt":{"rendered":"<p>SEDCARD LIGHT BEAUTY | JEWELRY Light Beauty ist eine reduzierte, cleane Variante von Beauty Bildern mit nat\u00fcrlichem MakeUp KONTAKT Bist du ready f\u00fcr den Renegade Effekt? Du m\u00f6chtest nicht l\u00e4nger auf gro\u00dfartige Bilder verzichten? Dann melde dich einfach f\u00fcr einen unverbindlichen Call und lass uns \u00fcber deine Vision sprechen! lass uns starten<\/p>","protected":false},"author":1,"featured_media":0,"parent":0,"menu_order":0,"comment_status":"closed","ping_status":"closed","template":"elementor_header_footer","meta":{"footnotes":""},"class_list":["post-5592","page","type-page","status-publish","hentry"],"_links":{"self":[{"href":"https:\/\/studiorenegade.de\/en\/wp-json\/wp\/v2\/pages\/5592","targetHints":{"allow":["GET"]}}],"collection":[{"href":"https:\/\/studiorenegade.de\/en\/wp-json\/wp\/v2\/pages"}],"about":[{"href":"https:\/\/studiorenegade.de\/en\/wp-json\/wp\/v2\/types\/page"}],"author":[{"embeddable":true,"href":"https:\/\/studiorenegade.de\/en\/wp-json\/wp\/v2\/users\/1"}],"replies":[{"embeddable":true,"href":"https:\/\/studiorenegade.de\/en\/wp-json\/wp\/v2\/comments?post=5592"}],"version-history":[{"count":10,"href":"https:\/\/studiorenegade.de\/en\/wp-json\/wp\/v2\/pages\/5592\/revisions"}],"predecessor-version":[{"id":7342,"href":"https:\/\/studiorenegade.de\/en\/wp-json\/wp\/v2\/pages\/5592\/revisions\/7342"}],"wp:attachment":[{"href":"https:\/\/studiorenegade.de\/en\/wp-json\/wp\/v2\/media?parent=5592"}],"curies":[{"name":"wp","href":"https:\/\/api.w.org\/{rel}","templated":true}]}}