{"id":5474,"date":"2024-06-19T16:43:31","date_gmt":"2024-06-19T14:43:31","guid":{"rendered":"https:\/\/studiorenegade.de\/?page_id=5474"},"modified":"2025-01-17T17:17:12","modified_gmt":"2025-01-17T16:17:12","slug":"sedcard-work","status":"publish","type":"page","link":"https:\/\/studiorenegade.de\/en\/sedcard-work\/","title":{"rendered":"Sedcard work"},"content":{"rendered":"<div data-elementor-type=\"wp-page\" data-elementor-id=\"5474\" class=\"elementor elementor-5474\" data-elementor-post-type=\"page\">\n\t\t\t\t<div class=\"elementor-element elementor-element-5ed6fe1 e-flex e-con-boxed e-con e-parent\" data-id=\"5ed6fe1\" data-element_type=\"container\">\n\t\t\t\t\t<div class=\"e-con-inner\">\n\t\t<div class=\"elementor-element elementor-element-502ec7c e-con-full e-flex e-con e-child\" data-id=\"502ec7c\" data-element_type=\"container\">\n\t\t\t\t<div class=\"elementor-element elementor-element-3a84803 elementor-widget elementor-widget-spacer\" data-id=\"3a84803\" data-element_type=\"widget\" data-widget_type=\"spacer.default\">\n\t\t\t\t<div class=\"elementor-widget-container\">\n\t\t\t\t\t\t\t<div class=\"elementor-spacer\">\n\t\t\t<div class=\"elementor-spacer-inner\"><\/div>\n\t\t<\/div>\n\t\t\t\t\t\t<\/div>\n\t\t\t\t<\/div>\n\t\t\t\t<div class=\"elementor-element elementor-element-bc68803 elementor-widget elementor-widget-heading\" data-id=\"bc68803\" data-element_type=\"widget\" data-widget_type=\"heading.default\">\n\t\t\t\t<div class=\"elementor-widget-container\">\n\t\t\t\t\t<h4 class=\"elementor-heading-title elementor-size-default\">SEDCARD<\/h4>\t\t\t\t<\/div>\n\t\t\t\t<\/div>\n\t\t\t\t<div class=\"elementor-element elementor-element-02cbf8c elementor-widget-tablet__width-initial elementor-widget elementor-widget-heading\" data-id=\"02cbf8c\" data-element_type=\"widget\" data-widget_type=\"heading.default\">\n\t\t\t\t<div class=\"elementor-widget-container\">\n\t\t\t\t\t<h4 class=\"elementor-heading-title elementor-size-default translation-block\">authentic, <i>minimalistic<\/i>, professional &amp; tailored specifically to you<\/h4>\t\t\t\t<\/div>\n\t\t\t\t<\/div>\n\t\t\t\t<\/div>\n\t\t\t\t\t<\/div>\n\t\t\t\t<\/div>\n\t\t<div class=\"elementor-element elementor-element-e0b7dbf e-flex e-con-boxed e-con e-parent\" data-id=\"e0b7dbf\" data-element_type=\"container\">\n\t\t\t\t\t<div class=\"e-con-inner\">\n\t\t<div class=\"elementor-element elementor-element-5ee1d71 animated-slow e-con-full e-flex elementor-invisible e-con e-child\" data-id=\"5ee1d71\" data-element_type=\"container\" data-settings=\"{&quot;animation&quot;:&quot;fadeIn&quot;}\">\n\t\t<div class=\"elementor-element elementor-element-2be62ba e-con-full e-flex e-con e-child\" data-id=\"2be62ba\" data-element_type=\"container\">\n\t\t\t\t<div class=\"elementor-element elementor-element-bc90eb4 elementor-widget elementor-widget-image\" data-id=\"bc90eb4\" data-element_type=\"widget\" data-widget_type=\"image.default\">\n\t\t\t\t<div class=\"elementor-widget-container\">\n\t\t\t\t\t\t\t\t\t\t\t\t\t\t\t\t<a href=\"https:\/\/studiorenegade.de\/en\/sedcard-commercial\/\">\n\t\t\t\t\t\t\t<img fetchpriority=\"high\" decoding=\"async\" width=\"800\" height=\"1000\" src=\"https:\/\/studiorenegade.de\/wp-content\/uploads\/2025\/01\/FarinaRenegade-Sedcard-Commercial-1-819x1024.jpg\" class=\"attachment-large size-large wp-image-7314\" alt=\"\" srcset=\"https:\/\/studiorenegade.de\/wp-content\/uploads\/2025\/01\/FarinaRenegade-Sedcard-Commercial-1-819x1024.jpg 819w, https:\/\/studiorenegade.de\/wp-content\/uploads\/2025\/01\/FarinaRenegade-Sedcard-Commercial-1-240x300.jpg 240w, https:\/\/studiorenegade.de\/wp-content\/uploads\/2025\/01\/FarinaRenegade-Sedcard-Commercial-1-768x960.jpg 768w, https:\/\/studiorenegade.de\/wp-content\/uploads\/2025\/01\/FarinaRenegade-Sedcard-Commercial-1-1228x1536.jpg 1228w, https:\/\/studiorenegade.de\/wp-content\/uploads\/2025\/01\/FarinaRenegade-Sedcard-Commercial-1-1638x2048.jpg 1638w, https:\/\/studiorenegade.de\/wp-content\/uploads\/2025\/01\/FarinaRenegade-Sedcard-Commercial-1-10x12.jpg 10w, https:\/\/studiorenegade.de\/wp-content\/uploads\/2025\/01\/FarinaRenegade-Sedcard-Commercial-1-scaled.jpg 2047w\" sizes=\"(max-width: 800px) 100vw, 800px\" \/>\t\t\t\t\t\t\t\t<\/a>\n\t\t\t\t\t\t\t\t\t\t\t\t\t\t\t<\/div>\n\t\t\t\t<\/div>\n\t\t\t\t<div class=\"elementor-element elementor-element-dd6e1b6 elementor-align-center elementor-widget elementor-widget-button\" data-id=\"dd6e1b6\" data-element_type=\"widget\" data-widget_type=\"button.default\">\n\t\t\t\t<div class=\"elementor-widget-container\">\n\t\t\t\t\t\t\t\t\t<div class=\"elementor-button-wrapper\">\n\t\t\t\t\t<a class=\"elementor-button elementor-button-link elementor-size-sm\" href=\"https:\/\/studiorenegade.de\/en\/sedcard-commercial\/\">\n\t\t\t\t\t\t<span class=\"elementor-button-content-wrapper\">\n\t\t\t\t\t\t\t\t\t<span class=\"elementor-button-text\">COMMERCIAL LIFESTYLE<\/span>\n\t\t\t\t\t<\/span>\n\t\t\t\t\t<\/a>\n\t\t\t\t<\/div>\n\t\t\t\t\t\t\t\t<\/div>\n\t\t\t\t<\/div>\n\t\t\t\t<\/div>\n\t\t\t\t<div class=\"elementor-element elementor-element-fbb7709 elementor-widget elementor-widget-spacer\" data-id=\"fbb7709\" data-element_type=\"widget\" data-widget_type=\"spacer.default\">\n\t\t\t\t<div class=\"elementor-widget-container\">\n\t\t\t\t\t\t\t<div class=\"elementor-spacer\">\n\t\t\t<div class=\"elementor-spacer-inner\"><\/div>\n\t\t<\/div>\n\t\t\t\t\t\t<\/div>\n\t\t\t\t<\/div>\n\t\t<div class=\"elementor-element elementor-element-6684f12 e-con-full e-flex e-con e-child\" data-id=\"6684f12\" data-element_type=\"container\">\n\t\t\t\t<div class=\"elementor-element elementor-element-1bc2b0b elementor-widget elementor-widget-image\" data-id=\"1bc2b0b\" data-element_type=\"widget\" data-widget_type=\"image.default\">\n\t\t\t\t<div class=\"elementor-widget-container\">\n\t\t\t\t\t\t\t\t\t\t\t\t\t\t\t\t<a href=\"https:\/\/studiorenegade.de\/en\/sedcard-editorial\/\">\n\t\t\t\t\t\t\t<img decoding=\"async\" width=\"800\" height=\"640\" src=\"https:\/\/studiorenegade.de\/wp-content\/uploads\/2025\/01\/FarinaRenegade-Sedcard-Editorial-11-1024x819.jpg\" class=\"attachment-large size-large wp-image-7313\" alt=\"\" srcset=\"https:\/\/studiorenegade.de\/wp-content\/uploads\/2025\/01\/FarinaRenegade-Sedcard-Editorial-11-1024x819.jpg 1024w, https:\/\/studiorenegade.de\/wp-content\/uploads\/2025\/01\/FarinaRenegade-Sedcard-Editorial-11-300x240.jpg 300w, https:\/\/studiorenegade.de\/wp-content\/uploads\/2025\/01\/FarinaRenegade-Sedcard-Editorial-11-768x615.jpg 768w, https:\/\/studiorenegade.de\/wp-content\/uploads\/2025\/01\/FarinaRenegade-Sedcard-Editorial-11-1536x1229.jpg 1536w, https:\/\/studiorenegade.de\/wp-content\/uploads\/2025\/01\/FarinaRenegade-Sedcard-Editorial-11-2048x1639.jpg 2048w, https:\/\/studiorenegade.de\/wp-content\/uploads\/2025\/01\/FarinaRenegade-Sedcard-Editorial-11-15x12.jpg 15w\" sizes=\"(max-width: 800px) 100vw, 800px\" \/>\t\t\t\t\t\t\t\t<\/a>\n\t\t\t\t\t\t\t\t\t\t\t\t\t\t\t<\/div>\n\t\t\t\t<\/div>\n\t\t\t\t<div class=\"elementor-element elementor-element-43a1444 elementor-align-center elementor-widget elementor-widget-button\" data-id=\"43a1444\" data-element_type=\"widget\" data-widget_type=\"button.default\">\n\t\t\t\t<div class=\"elementor-widget-container\">\n\t\t\t\t\t\t\t\t\t<div class=\"elementor-button-wrapper\">\n\t\t\t\t\t<a class=\"elementor-button elementor-button-link elementor-size-sm\" href=\"https:\/\/studiorenegade.de\/en\/sedcard-editorial\/\">\n\t\t\t\t\t\t<span class=\"elementor-button-content-wrapper\">\n\t\t\t\t\t\t\t\t\t<span class=\"elementor-button-text\">EDITORIAL<\/span>\n\t\t\t\t\t<\/span>\n\t\t\t\t\t<\/a>\n\t\t\t\t<\/div>\n\t\t\t\t\t\t\t\t<\/div>\n\t\t\t\t<\/div>\n\t\t\t\t<\/div>\n\t\t\t\t<\/div>\n\t\t\t\t\t<\/div>\n\t\t\t\t<\/div>\n\t\t<div class=\"elementor-element elementor-element-6509f95 e-flex e-con-boxed e-con e-parent\" data-id=\"6509f95\" data-element_type=\"container\">\n\t\t\t\t\t<div class=\"e-con-inner\">\n\t\t<div class=\"elementor-element elementor-element-9dd1fd1 e-con-full e-flex e-con e-child\" data-id=\"9dd1fd1\" data-element_type=\"container\">\n\t\t\t\t<\/div>\n\t\t<div class=\"elementor-element elementor-element-cbc76fa e-con-full e-flex e-con e-child\" data-id=\"cbc76fa\" data-element_type=\"container\">\n\t\t\t\t<div class=\"elementor-element elementor-element-2630d62 elementor-widget elementor-widget-image\" data-id=\"2630d62\" data-element_type=\"widget\" data-widget_type=\"image.default\">\n\t\t\t\t<div class=\"elementor-widget-container\">\n\t\t\t\t\t\t\t\t\t\t\t\t\t\t\t\t<a href=\"https:\/\/studiorenegade.de\/en\/sedcard-light-beauty\/\">\n\t\t\t\t\t\t\t<img decoding=\"async\" width=\"800\" height=\"1000\" src=\"https:\/\/studiorenegade.de\/wp-content\/uploads\/2025\/01\/FarinaRenegade-Sedcard-LightBeauty-11-819x1024.jpg\" class=\"attachment-large size-large wp-image-7309\" alt=\"\" srcset=\"https:\/\/studiorenegade.de\/wp-content\/uploads\/2025\/01\/FarinaRenegade-Sedcard-LightBeauty-11-819x1024.jpg 819w, https:\/\/studiorenegade.de\/wp-content\/uploads\/2025\/01\/FarinaRenegade-Sedcard-LightBeauty-11-240x300.jpg 240w, https:\/\/studiorenegade.de\/wp-content\/uploads\/2025\/01\/FarinaRenegade-Sedcard-LightBeauty-11-768x960.jpg 768w, https:\/\/studiorenegade.de\/wp-content\/uploads\/2025\/01\/FarinaRenegade-Sedcard-LightBeauty-11-1229x1536.jpg 1229w, https:\/\/studiorenegade.de\/wp-content\/uploads\/2025\/01\/FarinaRenegade-Sedcard-LightBeauty-11-1638x2048.jpg 1638w, https:\/\/studiorenegade.de\/wp-content\/uploads\/2025\/01\/FarinaRenegade-Sedcard-LightBeauty-11-10x12.jpg 10w, https:\/\/studiorenegade.de\/wp-content\/uploads\/2025\/01\/FarinaRenegade-Sedcard-LightBeauty-11-scaled.jpg 2048w\" sizes=\"(max-width: 800px) 100vw, 800px\" \/>\t\t\t\t\t\t\t\t<\/a>\n\t\t\t\t\t\t\t\t\t\t\t\t\t\t\t<\/div>\n\t\t\t\t<\/div>\n\t\t\t\t<div class=\"elementor-element elementor-element-af551a1 elementor-align-center elementor-widget-mobile__width-initial elementor-widget elementor-widget-button\" data-id=\"af551a1\" data-element_type=\"widget\" data-widget_type=\"button.default\">\n\t\t\t\t<div class=\"elementor-widget-container\">\n\t\t\t\t\t\t\t\t\t<div class=\"elementor-button-wrapper\">\n\t\t\t\t\t<a class=\"elementor-button elementor-button-link elementor-size-sm\" href=\"https:\/\/studiorenegade.de\/en\/sedcard-light-beauty\/\">\n\t\t\t\t\t\t<span class=\"elementor-button-content-wrapper\">\n\t\t\t\t\t\t\t\t\t<span class=\"elementor-button-text\"> JEWELRY | LIGHT BEAUTY<\/span>\n\t\t\t\t\t<\/span>\n\t\t\t\t\t<\/a>\n\t\t\t\t<\/div>\n\t\t\t\t\t\t\t\t<\/div>\n\t\t\t\t<\/div>\n\t\t\t\t<\/div>\n\t\t\t\t\t<\/div>\n\t\t\t\t<\/div>\n\t\t<div class=\"elementor-element elementor-element-7df5064 e-flex e-con-boxed e-con e-parent\" data-id=\"7df5064\" data-element_type=\"container\">\n\t\t\t\t\t<div class=\"e-con-inner\">\n\t\t<div class=\"elementor-element elementor-element-0ce2a80 e-con-full e-flex e-con e-child\" data-id=\"0ce2a80\" data-element_type=\"container\">\n\t\t\t\t<div class=\"elementor-element elementor-element-cd40e9a elementor-widget elementor-widget-spacer\" data-id=\"cd40e9a\" data-element_type=\"widget\" data-widget_type=\"spacer.default\">\n\t\t\t\t<div class=\"elementor-widget-container\">\n\t\t\t\t\t\t\t<div class=\"elementor-spacer\">\n\t\t\t<div class=\"elementor-spacer-inner\"><\/div>\n\t\t<\/div>\n\t\t\t\t\t\t<\/div>\n\t\t\t\t<\/div>\n\t\t\t\t<div class=\"elementor-element elementor-element-bd9906f elementor-widget elementor-widget-heading\" data-id=\"bd9906f\" data-element_type=\"widget\" data-widget_type=\"heading.default\">\n\t\t\t\t<div class=\"elementor-widget-container\">\n\t\t\t\t\t<h4 class=\"elementor-heading-title elementor-size-default\">CONTACT<\/h4>\t\t\t\t<\/div>\n\t\t\t\t<\/div>\n\t\t\t\t<div class=\"elementor-element elementor-element-4c8c7c8 elementor-widget elementor-widget-heading\" data-id=\"4c8c7c8\" data-element_type=\"widget\" data-widget_type=\"heading.default\">\n\t\t\t\t<div class=\"elementor-widget-container\">\n\t\t\t\t\t<h2 class=\"elementor-heading-title elementor-size-default translation-block\">are you <i>ready<\/i> for <br>the Renegade effect<\/h2>\t\t\t\t<\/div>\n\t\t\t\t<\/div>\n\t\t\t\t<div class=\"elementor-element elementor-element-0d8ad95 elementor-widget__width-initial elementor-widget-mobile__width-initial elementor-widget elementor-widget-text-editor\" data-id=\"0d8ad95\" data-element_type=\"widget\" data-widget_type=\"text-editor.default\">\n\t\t\t\t<div class=\"elementor-widget-container\">\n\t\t\t\t\t\t\t\t\t<p>You don\u2019t want to miss out on amazing photos and videos? Contact me for a quick call and let\u2019s talk about your vision!<\/p>\t\t\t\t\t\t\t\t<\/div>\n\t\t\t\t<\/div>\n\t\t\t\t<div class=\"elementor-element elementor-element-fb2e51e elementor-align-center elementor-mobile-align-center elementor-widget__width-initial elementor-widget elementor-widget-button\" data-id=\"fb2e51e\" data-element_type=\"widget\" data-widget_type=\"button.default\">\n\t\t\t\t<div class=\"elementor-widget-container\">\n\t\t\t\t\t\t\t\t\t<div class=\"elementor-button-wrapper\">\n\t\t\t\t\t<a class=\"elementor-button elementor-button-link elementor-size-sm\" href=\"https:\/\/studiorenegade.de\/en\/contact\/\">\n\t\t\t\t\t\t<span class=\"elementor-button-content-wrapper\">\n\t\t\t\t\t\t\t\t\t<span class=\"elementor-button-text\">let's start<\/span>\n\t\t\t\t\t<\/span>\n\t\t\t\t\t<\/a>\n\t\t\t\t<\/div>\n\t\t\t\t\t\t\t\t<\/div>\n\t\t\t\t<\/div>\n\t\t\t\t<\/div>\n\t\t\t\t\t<\/div>\n\t\t\t\t<\/div>\n\t\t\t\t<\/div>","protected":false},"excerpt":{"rendered":"<p>SEDCARD authentisch, minimalistisch, professionell &amp; genau auf dich zugeschnitten COMMERCIAL LIFESTYLE EDITORIAL JEWELRY | LIGHT BEAUTY KONTAKT Bist du ready f\u00fcr den Renegade Effekt? Du m\u00f6chtest nicht l\u00e4nger auf gro\u00dfartige Bilder verzichten? Dann melde dich einfach f\u00fcr einen unverbindlichen Call und lass uns \u00fcber deine Vision sprechen! lass uns starten<\/p>","protected":false},"author":1,"featured_media":0,"parent":0,"menu_order":0,"comment_status":"closed","ping_status":"closed","template":"elementor_header_footer","meta":{"footnotes":""},"class_list":["post-5474","page","type-page","status-publish","hentry"],"_links":{"self":[{"href":"https:\/\/studiorenegade.de\/en\/wp-json\/wp\/v2\/pages\/5474","targetHints":{"allow":["GET"]}}],"collection":[{"href":"https:\/\/studiorenegade.de\/en\/wp-json\/wp\/v2\/pages"}],"about":[{"href":"https:\/\/studiorenegade.de\/en\/wp-json\/wp\/v2\/types\/page"}],"author":[{"embeddable":true,"href":"https:\/\/studiorenegade.de\/en\/wp-json\/wp\/v2\/users\/1"}],"replies":[{"embeddable":true,"href":"https:\/\/studiorenegade.de\/en\/wp-json\/wp\/v2\/comments?post=5474"}],"version-history":[{"count":10,"href":"https:\/\/studiorenegade.de\/en\/wp-json\/wp\/v2\/pages\/5474\/revisions"}],"predecessor-version":[{"id":7317,"href":"https:\/\/studiorenegade.de\/en\/wp-json\/wp\/v2\/pages\/5474\/revisions\/7317"}],"wp:attachment":[{"href":"https:\/\/studiorenegade.de\/en\/wp-json\/wp\/v2\/media?parent=5474"}],"curies":[{"name":"wp","href":"https:\/\/api.w.org\/{rel}","templated":true}]}}