{"id":5321,"date":"2024-06-19T11:10:12","date_gmt":"2024-06-19T09:10:12","guid":{"rendered":"https:\/\/studiorenegade.de\/?page_id=5321"},"modified":"2024-06-20T17:01:02","modified_gmt":"2024-06-20T15:01:02","slug":"everless","status":"publish","type":"page","link":"https:\/\/studiorenegade.de\/en\/everless\/","title":{"rendered":"Everless"},"content":{"rendered":"<div data-elementor-type=\"wp-page\" data-elementor-id=\"5321\" class=\"elementor elementor-5321\" data-elementor-post-type=\"page\">\n\t\t\t\t<div class=\"elementor-element elementor-element-5f0a54f e-flex e-con-boxed e-con e-parent\" data-id=\"5f0a54f\" data-element_type=\"container\" data-settings=\"{&quot;background_background&quot;:&quot;classic&quot;,&quot;background_motion_fx_motion_fx_scrolling&quot;:&quot;yes&quot;,&quot;background_motion_fx_translateY_effect&quot;:&quot;yes&quot;,&quot;background_motion_fx_translateY_speed&quot;:{&quot;unit&quot;:&quot;px&quot;,&quot;size&quot;:4,&quot;sizes&quot;:[]},&quot;background_motion_fx_translateY_affectedRange&quot;:{&quot;unit&quot;:&quot;%&quot;,&quot;size&quot;:&quot;&quot;,&quot;sizes&quot;:{&quot;start&quot;:0,&quot;end&quot;:100}},&quot;background_motion_fx_devices&quot;:[&quot;desktop&quot;,&quot;tablet&quot;,&quot;mobile&quot;]}\">\n\t\t\t\t\t<div class=\"e-con-inner\">\n\t\t\t\t<div class=\"elementor-element elementor-element-ffef0fa elementor-widget elementor-widget-spacer\" data-id=\"ffef0fa\" data-element_type=\"widget\" data-widget_type=\"spacer.default\">\n\t\t\t\t<div class=\"elementor-widget-container\">\n\t\t\t\t\t\t\t<div class=\"elementor-spacer\">\n\t\t\t<div class=\"elementor-spacer-inner\"><\/div>\n\t\t<\/div>\n\t\t\t\t\t\t<\/div>\n\t\t\t\t<\/div>\n\t\t<div class=\"elementor-element elementor-element-1e16777 e-con-full e-flex e-con e-child\" data-id=\"1e16777\" data-element_type=\"container\">\n\t\t\t\t<div class=\"elementor-element elementor-element-795907c elementor-widget elementor-widget-text-editor\" data-id=\"795907c\" data-element_type=\"widget\" data-widget_type=\"text-editor.default\">\n\t\t\t\t<div class=\"elementor-widget-container\">\n\t\t\t\t\t\t\t\t\t<p>PERSONAL BRANDING<\/p>\t\t\t\t\t\t\t\t<\/div>\n\t\t\t\t<\/div>\n\t\t\t\t<div class=\"elementor-element elementor-element-348dc85 elementor-widget elementor-widget-text-editor\" data-id=\"348dc85\" data-element_type=\"widget\" data-widget_type=\"text-editor.default\">\n\t\t\t\t<div class=\"elementor-widget-container\">\n\t\t\t\t\t\t\t\t\t<p>EVERLESS<\/p>\t\t\t\t\t\t\t\t<\/div>\n\t\t\t\t<\/div>\n\t\t\t\t<div class=\"elementor-element elementor-element-1285fdb elementor-widget__width-initial elementor-widget elementor-widget-text-editor\" data-id=\"1285fdb\" data-element_type=\"widget\" data-widget_type=\"text-editor.default\">\n\t\t\t\t<div class=\"elementor-widget-container\">\n\t\t\t\t\t\t\t\t\t<p>neue Bilder zu Gr\u00fcndung ihres Labels f\u00fcr die Mindful Wardrobe Expertinnen Lena &amp; Lisa<\/p>\t\t\t\t\t\t\t\t<\/div>\n\t\t\t\t<\/div>\n\t\t\t\t<\/div>\n\t\t\t\t\t<\/div>\n\t\t\t\t<\/div>\n\t\t<div class=\"elementor-element elementor-element-3ecc26e e-flex e-con-boxed e-con e-parent\" data-id=\"3ecc26e\" data-element_type=\"container\">\n\t\t\t\t\t<div class=\"e-con-inner\">\n\t\t<div class=\"elementor-element elementor-element-0381b4b e-con-full e-flex e-con e-child\" data-id=\"0381b4b\" data-element_type=\"container\">\n\t\t\t\t<\/div>\n\t\t<div class=\"elementor-element elementor-element-a94464e e-con-full e-flex e-con e-child\" data-id=\"a94464e\" data-element_type=\"container\">\n\t\t\t\t<\/div>\n\t\t<div class=\"elementor-element elementor-element-c9de96a e-con-full e-flex e-con e-child\" data-id=\"c9de96a\" data-element_type=\"container\">\n\t\t\t\t<div class=\"elementor-element elementor-element-f536f19 elementor-widget elementor-widget-image\" data-id=\"f536f19\" data-element_type=\"widget\" data-settings=\"{&quot;motion_fx_motion_fx_scrolling&quot;:&quot;yes&quot;,&quot;motion_fx_translateY_effect&quot;:&quot;yes&quot;,&quot;motion_fx_translateY_speed&quot;:{&quot;unit&quot;:&quot;px&quot;,&quot;size&quot;:2,&quot;sizes&quot;:[]},&quot;motion_fx_translateY_affectedRange&quot;:{&quot;unit&quot;:&quot;%&quot;,&quot;size&quot;:&quot;&quot;,&quot;sizes&quot;:{&quot;start&quot;:0,&quot;end&quot;:100}},&quot;motion_fx_devices&quot;:[&quot;desktop&quot;,&quot;tablet&quot;,&quot;mobile&quot;]}\" data-widget_type=\"image.default\">\n\t\t\t\t<div class=\"elementor-widget-container\">\n\t\t\t\t\t\t\t\t\t\t\t\t\t\t\t<img fetchpriority=\"high\" decoding=\"async\" width=\"683\" height=\"1024\" src=\"https:\/\/studiorenegade.de\/wp-content\/uploads\/2023\/04\/Personal_Branding_everless.wardrobe_Farina.Renegade_everless_Farina_Hannemann_Fashion-9-683x1024.jpg\" class=\"attachment-large size-large wp-image-1270\" alt=\"Personal Branding everless.wardrobe Farina.Renegade everless Farina Hannemann Fashion\" srcset=\"https:\/\/studiorenegade.de\/wp-content\/uploads\/2023\/04\/Personal_Branding_everless.wardrobe_Farina.Renegade_everless_Farina_Hannemann_Fashion-9-683x1024.jpg 683w, https:\/\/studiorenegade.de\/wp-content\/uploads\/2023\/04\/Personal_Branding_everless.wardrobe_Farina.Renegade_everless_Farina_Hannemann_Fashion-9-200x300.jpg 200w, https:\/\/studiorenegade.de\/wp-content\/uploads\/2023\/04\/Personal_Branding_everless.wardrobe_Farina.Renegade_everless_Farina_Hannemann_Fashion-9-768x1152.jpg 768w, https:\/\/studiorenegade.de\/wp-content\/uploads\/2023\/04\/Personal_Branding_everless.wardrobe_Farina.Renegade_everless_Farina_Hannemann_Fashion-9-1024x1536.jpg 1024w, https:\/\/studiorenegade.de\/wp-content\/uploads\/2023\/04\/Personal_Branding_everless.wardrobe_Farina.Renegade_everless_Farina_Hannemann_Fashion-9-1365x2048.jpg 1365w, https:\/\/studiorenegade.de\/wp-content\/uploads\/2023\/04\/Personal_Branding_everless.wardrobe_Farina.Renegade_everless_Farina_Hannemann_Fashion-9.jpg 1500w\" sizes=\"(max-width: 683px) 100vw, 683px\" \/>\t\t\t\t\t\t\t\t\t\t\t\t\t\t\t<\/div>\n\t\t\t\t<\/div>\n\t\t\t\t<\/div>\n\t\t\t\t\t<\/div>\n\t\t\t\t<\/div>\n\t\t<div class=\"elementor-element elementor-element-fdaee79 e-flex e-con-boxed e-con e-parent\" data-id=\"fdaee79\" data-element_type=\"container\">\n\t\t\t\t\t<div class=\"e-con-inner\">\n\t\t\t\t<div class=\"elementor-element elementor-element-7ebdcdc elementor-widget elementor-widget-text-editor\" data-id=\"7ebdcdc\" data-element_type=\"widget\" data-widget_type=\"text-editor.default\">\n\t\t\t\t<div class=\"elementor-widget-container\">\n\t\t\t\t\t\t\t\t\t<p>LENA &amp; LISA&#8217;S \u00a0VISION<\/p>\t\t\t\t\t\t\t\t<\/div>\n\t\t\t\t<\/div>\n\t\t\t\t<div class=\"elementor-element elementor-element-e68664b elementor-widget elementor-widget-text-editor\" data-id=\"e68664b\" data-element_type=\"widget\" data-widget_type=\"text-editor.default\">\n\t\t\t\t<div class=\"elementor-widget-container\">\n\t\t\t\t\t\t\t\t\t<p>Clear portraits that show them together &amp; individually and convey loads of personality despite the business context.\u00a0<\/p>\t\t\t\t\t\t\t\t<\/div>\n\t\t\t\t<\/div>\n\t\t\t\t\t<\/div>\n\t\t\t\t<\/div>\n\t\t<div class=\"elementor-element elementor-element-39549b2 e-flex e-con-boxed e-con e-parent\" data-id=\"39549b2\" data-element_type=\"container\">\n\t\t\t\t\t<div class=\"e-con-inner\">\n\t\t\t\t<div class=\"elementor-element elementor-element-30803ff elementor-invisible elementor-widget elementor-widget-gallery\" data-id=\"30803ff\" data-element_type=\"widget\" data-settings=\"{&quot;gallery_layout&quot;:&quot;masonry&quot;,&quot;columns&quot;:2,&quot;gap&quot;:{&quot;unit&quot;:&quot;px&quot;,&quot;size&quot;:50,&quot;sizes&quot;:[]},&quot;motion_fx_motion_fx_scrolling&quot;:&quot;yes&quot;,&quot;_animation&quot;:&quot;fadeIn&quot;,&quot;columns_tablet&quot;:2,&quot;columns_mobile&quot;:1,&quot;gap_tablet&quot;:{&quot;unit&quot;:&quot;px&quot;,&quot;size&quot;:10,&quot;sizes&quot;:[]},&quot;gap_mobile&quot;:{&quot;unit&quot;:&quot;px&quot;,&quot;size&quot;:10,&quot;sizes&quot;:[]},&quot;content_hover_animation&quot;:&quot;fade-in&quot;,&quot;motion_fx_devices&quot;:[&quot;desktop&quot;,&quot;tablet&quot;,&quot;mobile&quot;]}\" data-widget_type=\"gallery.default\">\n\t\t\t\t<div class=\"elementor-widget-container\">\n\t\t\t\t\t\t\t<div class=\"elementor-gallery__container\">\n\t\t\t\t\t\t\t<div class=\"e-gallery-item elementor-gallery-item elementor-animated-content\">\n\t\t\t\t\t<div class=\"e-gallery-image elementor-gallery-item__image\" data-thumbnail=\"https:\/\/studiorenegade.de\/wp-content\/uploads\/2023\/04\/Personal_Branding_everless.wardrobe_Farina.Renegade_everless_Farina_Hannemann_Fashion-2.jpg\" data-width=\"1500\" data-height=\"2250\" aria-label=\"Personal Branding everless.wardrobe Farina.Renegade everless Farina Hannemann Fashion\" role=\"img\" ><\/div>\n\t\t\t\t\t\t\t\t\t\t\t\t\t\t<\/div>\n\t\t\t\t\t\t\t<div class=\"e-gallery-item elementor-gallery-item elementor-animated-content\">\n\t\t\t\t\t<div class=\"e-gallery-image elementor-gallery-item__image\" data-thumbnail=\"https:\/\/studiorenegade.de\/wp-content\/uploads\/2023\/04\/Personal_Branding_everless.wardrobe_Farina.Renegade_everless_Farina_Hannemann_Fashion-17.jpg\" data-width=\"1500\" data-height=\"2250\" aria-label=\"Personal Branding everless.wardrobe Farina.Renegade everless Farina Hannemann Fashion\" role=\"img\" ><\/div>\n\t\t\t\t\t\t\t\t\t\t\t\t\t\t<\/div>\n\t\t\t\t\t\t\t<div class=\"e-gallery-item elementor-gallery-item elementor-animated-content\">\n\t\t\t\t\t<div class=\"e-gallery-image elementor-gallery-item__image\" data-thumbnail=\"https:\/\/studiorenegade.de\/wp-content\/uploads\/2023\/04\/Personal_Branding_everless.wardrobe_Farina.Renegade_everless_Farina_Hannemann_Fashion-3.jpg\" data-width=\"1500\" data-height=\"2250\" aria-label=\"Personal Branding everless.wardrobe Farina.Renegade everless Farina Hannemann Fashion\" role=\"img\" ><\/div>\n\t\t\t\t\t\t\t\t\t\t\t\t\t\t<\/div>\n\t\t\t\t\t\t\t<div class=\"e-gallery-item elementor-gallery-item elementor-animated-content\">\n\t\t\t\t\t<div class=\"e-gallery-image elementor-gallery-item__image\" data-thumbnail=\"https:\/\/studiorenegade.de\/wp-content\/uploads\/2023\/04\/Personal_Branding_everless.wardrobe_Farina.Renegade_everless_Farina_Hannemann_Fashion-10.jpg\" data-width=\"1500\" data-height=\"2250\" aria-label=\"Personal Branding everless.wardrobe Farina.Renegade everless Farina Hannemann Fashion\" role=\"img\" ><\/div>\n\t\t\t\t\t\t\t\t\t\t\t\t\t\t<\/div>\n\t\t\t\t\t\t\t<div class=\"e-gallery-item elementor-gallery-item elementor-animated-content\">\n\t\t\t\t\t<div class=\"e-gallery-image elementor-gallery-item__image\" data-thumbnail=\"https:\/\/studiorenegade.de\/wp-content\/uploads\/2023\/04\/Personal_Branding_everless.wardrobe_Farina.Renegade_everless_Farina_Hannemann_Fashion-1.jpg\" data-width=\"1500\" data-height=\"2250\" aria-label=\"Personal Branding everless.wardrobe Farina.Renegade everless Farina Hannemann Fashion\" role=\"img\" ><\/div>\n\t\t\t\t\t\t\t\t\t\t\t\t\t\t<\/div>\n\t\t\t\t\t\t\t<div class=\"e-gallery-item elementor-gallery-item elementor-animated-content\">\n\t\t\t\t\t<div class=\"e-gallery-image elementor-gallery-item__image\" data-thumbnail=\"https:\/\/studiorenegade.de\/wp-content\/uploads\/2023\/04\/Personal_Branding_everless.wardrobe_Farina.Renegade_everless_Farina_Hannemann_Fashion-14.jpg\" data-width=\"1500\" data-height=\"2250\" aria-label=\"Personal Branding everless.wardrobe Farina.Renegade everless Farina Hannemann Fashion\" role=\"img\" ><\/div>\n\t\t\t\t\t\t\t\t\t\t\t\t\t\t<\/div>\n\t\t\t\t\t\t\t<div class=\"e-gallery-item elementor-gallery-item elementor-animated-content\">\n\t\t\t\t\t<div class=\"e-gallery-image elementor-gallery-item__image\" data-thumbnail=\"https:\/\/studiorenegade.de\/wp-content\/uploads\/2023\/04\/Personal_Branding_everless.wardrobe_Farina.Renegade_everless_Farina_Hannemann_Fashion-4.jpg\" data-width=\"1500\" data-height=\"2250\" aria-label=\"Personal Branding everless.wardrobe Farina.Renegade everless Farina Hannemann Fashion\" role=\"img\" ><\/div>\n\t\t\t\t\t\t\t\t\t\t\t\t\t\t<\/div>\n\t\t\t\t\t\t\t<div class=\"e-gallery-item elementor-gallery-item elementor-animated-content\">\n\t\t\t\t\t<div class=\"e-gallery-image elementor-gallery-item__image\" data-thumbnail=\"https:\/\/studiorenegade.de\/wp-content\/uploads\/2023\/04\/Personal_Branding_everless.wardrobe_Farina.Renegade_everless_Farina_Hannemann_Fashion-5.jpg\" data-width=\"1500\" data-height=\"2250\" aria-label=\"Personal Branding everless.wardrobe Farina.Renegade everless Farina Hannemann Fashion\" role=\"img\" ><\/div>\n\t\t\t\t\t\t\t\t\t\t\t\t\t\t<\/div>\n\t\t\t\t\t\t\t<div class=\"e-gallery-item elementor-gallery-item elementor-animated-content\">\n\t\t\t\t\t<div class=\"e-gallery-image elementor-gallery-item__image\" data-thumbnail=\"https:\/\/studiorenegade.de\/wp-content\/uploads\/2023\/04\/Personal_Branding_everless.wardrobe_Farina.Renegade_everless_Farina_Hannemann_Fashion-16.jpg\" data-width=\"1500\" data-height=\"2250\" aria-label=\"Personal Branding everless.wardrobe Farina.Renegade everless Farina Hannemann Fashion\" role=\"img\" ><\/div>\n\t\t\t\t\t\t\t\t\t\t\t\t\t\t<\/div>\n\t\t\t\t\t\t\t<div class=\"e-gallery-item elementor-gallery-item elementor-animated-content\">\n\t\t\t\t\t<div class=\"e-gallery-image elementor-gallery-item__image\" data-thumbnail=\"https:\/\/studiorenegade.de\/wp-content\/uploads\/2023\/04\/Personal_Branding_everless.wardrobe_Farina.Renegade_everless_Farina_Hannemann_Fashion-11.jpg\" data-width=\"1500\" data-height=\"2250\" aria-label=\"Personal Branding everless.wardrobe Farina.Renegade everless Farina Hannemann Fashion\" role=\"img\" ><\/div>\n\t\t\t\t\t\t\t\t\t\t\t\t\t\t<\/div>\n\t\t\t\t\t\t\t<div class=\"e-gallery-item elementor-gallery-item elementor-animated-content\">\n\t\t\t\t\t<div class=\"e-gallery-image elementor-gallery-item__image\" data-thumbnail=\"https:\/\/studiorenegade.de\/wp-content\/uploads\/2023\/04\/Personal_Branding_everless.wardrobe_Farina.Renegade_everless_Farina_Hannemann_Fashion-6.jpg\" data-width=\"2250\" data-height=\"1500\" aria-label=\"Personal Branding everless.wardrobe Farina.Renegade everless Farina Hannemann Fashion\" role=\"img\" ><\/div>\n\t\t\t\t\t\t\t\t\t\t\t\t\t\t<\/div>\n\t\t\t\t\t\t\t<div class=\"e-gallery-item elementor-gallery-item elementor-animated-content\">\n\t\t\t\t\t<div class=\"e-gallery-image elementor-gallery-item__image\" data-thumbnail=\"https:\/\/studiorenegade.de\/wp-content\/uploads\/2023\/04\/Personal_Branding_everless.wardrobe_Farina.Renegade_everless_Farina_Hannemann_Fashion-15.jpg\" data-width=\"1500\" data-height=\"2250\" aria-label=\"Personal Branding everless.wardrobe Farina.Renegade everless Farina Hannemann Fashion\" role=\"img\" ><\/div>\n\t\t\t\t\t\t\t\t\t\t\t\t\t\t<\/div>\n\t\t\t\t\t\t\t<div class=\"e-gallery-item elementor-gallery-item elementor-animated-content\">\n\t\t\t\t\t<div class=\"e-gallery-image elementor-gallery-item__image\" data-thumbnail=\"https:\/\/studiorenegade.de\/wp-content\/uploads\/2023\/04\/Personal_Branding_everless.wardrobe_Farina.Renegade_everless_Farina_Hannemann_Fashion-13.jpg\" data-width=\"1500\" data-height=\"2250\" aria-label=\"Personal Branding everless.wardrobe Farina.Renegade everless Farina Hannemann Fashion\" role=\"img\" ><\/div>\n\t\t\t\t\t\t\t\t\t\t\t\t\t\t<\/div>\n\t\t\t\t\t\t\t<div class=\"e-gallery-item elementor-gallery-item elementor-animated-content\">\n\t\t\t\t\t<div class=\"e-gallery-image elementor-gallery-item__image\" data-thumbnail=\"https:\/\/studiorenegade.de\/wp-content\/uploads\/2023\/04\/Personal_Branding_everless.wardrobe_Farina.Renegade_everless_Farina_Hannemann_Fashion-9.jpg\" data-width=\"1500\" data-height=\"2250\" aria-label=\"Personal Branding everless.wardrobe Farina.Renegade everless Farina Hannemann Fashion\" role=\"img\" ><\/div>\n\t\t\t\t\t\t\t\t\t\t\t\t\t\t<\/div>\n\t\t\t\t\t\t\t<div class=\"e-gallery-item elementor-gallery-item elementor-animated-content\">\n\t\t\t\t\t<div class=\"e-gallery-image elementor-gallery-item__image\" data-thumbnail=\"https:\/\/studiorenegade.de\/wp-content\/uploads\/2023\/04\/Personal_Branding_everless.wardrobe_Farina.Renegade_everless_Farina_Hannemann_Fashion-12.jpg\" data-width=\"1500\" data-height=\"2250\" aria-label=\"Personal Branding everless.wardrobe Farina.Renegade everless Farina Hannemann Fashion\" role=\"img\" ><\/div>\n\t\t\t\t\t\t\t\t\t\t\t\t\t\t<\/div>\n\t\t\t\t\t\t\t<div class=\"e-gallery-item elementor-gallery-item elementor-animated-content\">\n\t\t\t\t\t<div class=\"e-gallery-image elementor-gallery-item__image\" data-thumbnail=\"https:\/\/studiorenegade.de\/wp-content\/uploads\/2023\/04\/Personal_Branding_everless.wardrobe_Farina.Renegade_everless_Farina_Hannemann_Fashion-8.jpg\" data-width=\"1500\" data-height=\"2250\" aria-label=\"Personal Branding everless.wardrobe Farina.Renegade everless Farina Hannemann Fashion\" role=\"img\" ><\/div>\n\t\t\t\t\t\t\t\t\t\t\t\t\t\t<\/div>\n\t\t\t\t\t\t\t<div class=\"e-gallery-item elementor-gallery-item elementor-animated-content\">\n\t\t\t\t\t<div class=\"e-gallery-image elementor-gallery-item__image\" data-thumbnail=\"https:\/\/studiorenegade.de\/wp-content\/uploads\/2023\/04\/Personal_Branding_everless.wardrobe_Farina.Renegade_everless_Farina_Hannemann_Fashion-7.jpg\" data-width=\"2250\" data-height=\"1500\" aria-label=\"Personal Branding everless.wardrobe Farina.Renegade everless Farina Hannemann Fashion\" role=\"img\" ><\/div>\n\t\t\t\t\t\t\t\t\t\t\t\t\t\t<\/div>\n\t\t\t\t\t<\/div>\n\t\t\t\t\t<\/div>\n\t\t\t\t<\/div>\n\t\t\t\t\t<\/div>\n\t\t\t\t<\/div>\n\t\t<div class=\"elementor-element elementor-element-f772b07 e-flex e-con-boxed e-con e-parent\" data-id=\"f772b07\" data-element_type=\"container\">\n\t\t\t\t\t<div class=\"e-con-inner\">\n\t\t<div class=\"elementor-element elementor-element-2699143 e-con-full e-flex e-con e-child\" data-id=\"2699143\" data-element_type=\"container\">\n\t\t\t\t<div class=\"elementor-element elementor-element-682ca18 elementor-widget elementor-widget-spacer\" data-id=\"682ca18\" data-element_type=\"widget\" data-widget_type=\"spacer.default\">\n\t\t\t\t<div class=\"elementor-widget-container\">\n\t\t\t\t\t\t\t<div class=\"elementor-spacer\">\n\t\t\t<div class=\"elementor-spacer-inner\"><\/div>\n\t\t<\/div>\n\t\t\t\t\t\t<\/div>\n\t\t\t\t<\/div>\n\t\t\t\t<div class=\"elementor-element elementor-element-5eb940c elementor-widget elementor-widget-heading\" data-id=\"5eb940c\" data-element_type=\"widget\" data-widget_type=\"heading.default\">\n\t\t\t\t<div class=\"elementor-widget-container\">\n\t\t\t\t\t<h4 class=\"elementor-heading-title elementor-size-default\">CONTACT<\/h4>\t\t\t\t<\/div>\n\t\t\t\t<\/div>\n\t\t\t\t<div class=\"elementor-element elementor-element-f69736e elementor-widget elementor-widget-heading\" data-id=\"f69736e\" data-element_type=\"widget\" data-widget_type=\"heading.default\">\n\t\t\t\t<div class=\"elementor-widget-container\">\n\t\t\t\t\t<h2 class=\"elementor-heading-title elementor-size-default translation-block\">are you <i>ready<\/i> for <br>the Renegade effect<\/h2>\t\t\t\t<\/div>\n\t\t\t\t<\/div>\n\t\t\t\t<div class=\"elementor-element elementor-element-024bedb elementor-widget__width-initial elementor-widget-mobile__width-initial elementor-widget elementor-widget-text-editor\" data-id=\"024bedb\" data-element_type=\"widget\" data-widget_type=\"text-editor.default\">\n\t\t\t\t<div class=\"elementor-widget-container\">\n\t\t\t\t\t\t\t\t\t<p>You don\u2019t want to miss out on amazing photos and videos? Contact me for a quick call and let\u2019s talk about your vision!<\/p>\t\t\t\t\t\t\t\t<\/div>\n\t\t\t\t<\/div>\n\t\t\t\t<div class=\"elementor-element elementor-element-8ec4589 elementor-align-center elementor-mobile-align-center elementor-widget__width-initial elementor-widget elementor-widget-button\" data-id=\"8ec4589\" data-element_type=\"widget\" data-widget_type=\"button.default\">\n\t\t\t\t<div class=\"elementor-widget-container\">\n\t\t\t\t\t\t\t\t\t<div class=\"elementor-button-wrapper\">\n\t\t\t\t\t<a class=\"elementor-button elementor-button-link elementor-size-sm\" href=\"https:\/\/studiorenegade.de\/en\/contact\/\">\n\t\t\t\t\t\t<span class=\"elementor-button-content-wrapper\">\n\t\t\t\t\t\t\t\t\t<span class=\"elementor-button-text\">let's start<\/span>\n\t\t\t\t\t<\/span>\n\t\t\t\t\t<\/a>\n\t\t\t\t<\/div>\n\t\t\t\t\t\t\t\t<\/div>\n\t\t\t\t<\/div>\n\t\t\t\t<\/div>\n\t\t\t\t\t<\/div>\n\t\t\t\t<\/div>\n\t\t\t\t<\/div>","protected":false},"excerpt":{"rendered":"<p>PERSONAL BRANDING EVERLESS neue Bilder zu Gr\u00fcndung ihres Labels f\u00fcr die Mindful Wardrobe Expertinnen Lena &amp; Lisa LENA &amp; LISA&#8217;S \u00a0VISION Klare Portraits die sie gemeinsam &amp; einzeln zeigen und trotz Business Kontext Pers\u00f6nlichkeit transportieren.\u00a0 KONTAKT Bist du ready f\u00fcr den Renegade Effekt? Du m\u00f6chtest nicht l\u00e4nger auf gro\u00dfartige Bilder verzichten? Dann melde dich einfach [&hellip;]<\/p>","protected":false},"author":1,"featured_media":0,"parent":0,"menu_order":0,"comment_status":"closed","ping_status":"closed","template":"elementor_header_footer","meta":{"footnotes":""},"class_list":["post-5321","page","type-page","status-publish","hentry"],"_links":{"self":[{"href":"https:\/\/studiorenegade.de\/en\/wp-json\/wp\/v2\/pages\/5321","targetHints":{"allow":["GET"]}}],"collection":[{"href":"https:\/\/studiorenegade.de\/en\/wp-json\/wp\/v2\/pages"}],"about":[{"href":"https:\/\/studiorenegade.de\/en\/wp-json\/wp\/v2\/types\/page"}],"author":[{"embeddable":true,"href":"https:\/\/studiorenegade.de\/en\/wp-json\/wp\/v2\/users\/1"}],"replies":[{"embeddable":true,"href":"https:\/\/studiorenegade.de\/en\/wp-json\/wp\/v2\/comments?post=5321"}],"version-history":[{"count":10,"href":"https:\/\/studiorenegade.de\/en\/wp-json\/wp\/v2\/pages\/5321\/revisions"}],"predecessor-version":[{"id":6273,"href":"https:\/\/studiorenegade.de\/en\/wp-json\/wp\/v2\/pages\/5321\/revisions\/6273"}],"wp:attachment":[{"href":"https:\/\/studiorenegade.de\/en\/wp-json\/wp\/v2\/media?parent=5321"}],"curies":[{"name":"wp","href":"https:\/\/api.w.org\/{rel}","templated":true}]}}