{"id":5087,"date":"2024-06-18T20:02:52","date_gmt":"2024-06-18T18:02:52","guid":{"rendered":"https:\/\/studiorenegade.de\/?page_id=5087"},"modified":"2024-06-20T16:58:18","modified_gmt":"2024-06-20T14:58:18","slug":"the-creator-concept","status":"publish","type":"page","link":"https:\/\/studiorenegade.de\/en\/the-creator-concept\/","title":{"rendered":"the creator concept"},"content":{"rendered":"<div data-elementor-type=\"wp-page\" data-elementor-id=\"5087\" class=\"elementor elementor-5087\" data-elementor-post-type=\"page\">\n\t\t\t\t<div class=\"elementor-element elementor-element-0df50df e-flex e-con-boxed e-con e-parent\" data-id=\"0df50df\" data-element_type=\"container\" data-settings=\"{&quot;background_background&quot;:&quot;classic&quot;,&quot;background_motion_fx_motion_fx_scrolling&quot;:&quot;yes&quot;,&quot;background_motion_fx_translateY_effect&quot;:&quot;yes&quot;,&quot;background_motion_fx_translateY_speed&quot;:{&quot;unit&quot;:&quot;px&quot;,&quot;size&quot;:4,&quot;sizes&quot;:[]},&quot;background_motion_fx_translateY_affectedRange&quot;:{&quot;unit&quot;:&quot;%&quot;,&quot;size&quot;:&quot;&quot;,&quot;sizes&quot;:{&quot;start&quot;:0,&quot;end&quot;:100}},&quot;background_motion_fx_devices&quot;:[&quot;desktop&quot;,&quot;tablet&quot;,&quot;mobile&quot;]}\">\n\t\t\t\t\t<div class=\"e-con-inner\">\n\t\t\t\t<div class=\"elementor-element elementor-element-f4d0234 elementor-widget elementor-widget-spacer\" data-id=\"f4d0234\" data-element_type=\"widget\" data-widget_type=\"spacer.default\">\n\t\t\t\t<div class=\"elementor-widget-container\">\n\t\t\t\t\t\t\t<div class=\"elementor-spacer\">\n\t\t\t<div class=\"elementor-spacer-inner\"><\/div>\n\t\t<\/div>\n\t\t\t\t\t\t<\/div>\n\t\t\t\t<\/div>\n\t\t<div class=\"elementor-element elementor-element-a9b8d58 e-con-full e-flex e-con e-child\" data-id=\"a9b8d58\" data-element_type=\"container\">\n\t\t\t\t<div class=\"elementor-element elementor-element-2c1ba08 elementor-widget elementor-widget-text-editor\" data-id=\"2c1ba08\" data-element_type=\"widget\" data-widget_type=\"text-editor.default\">\n\t\t\t\t<div class=\"elementor-widget-container\">\n\t\t\t\t\t\t\t\t\t<p>PERSONAL BRANDING<\/p>\t\t\t\t\t\t\t\t<\/div>\n\t\t\t\t<\/div>\n\t\t\t\t<div class=\"elementor-element elementor-element-3c8db48 elementor-widget elementor-widget-text-editor\" data-id=\"3c8db48\" data-element_type=\"widget\" data-widget_type=\"text-editor.default\">\n\t\t\t\t<div class=\"elementor-widget-container\">\n\t\t\t\t\t\t\t\t\t<p>THE CREATOR CONCEPT<\/p>\t\t\t\t\t\t\t\t<\/div>\n\t\t\t\t<\/div>\n\t\t\t\t<div class=\"elementor-element elementor-element-ddbd39d elementor-widget elementor-widget-text-editor\" data-id=\"ddbd39d\" data-element_type=\"widget\" data-widget_type=\"text-editor.default\">\n\t\t\t\t<div class=\"elementor-widget-container\">\n\t\t\t\t\t\t\t\t\t<p>f\u00fcr ihr wechselndes Kursangebot im Bereich online Businessaufbau &amp; Skalierung ben\u00f6tigte Hannah neue Bilder &amp; Videos<\/p>\t\t\t\t\t\t\t\t<\/div>\n\t\t\t\t<\/div>\n\t\t\t\t<\/div>\n\t\t\t\t\t<\/div>\n\t\t\t\t<\/div>\n\t\t<div class=\"elementor-element elementor-element-9b34b68 e-flex e-con-boxed e-con e-parent\" data-id=\"9b34b68\" data-element_type=\"container\">\n\t\t\t\t\t<div class=\"e-con-inner\">\n\t\t<div class=\"elementor-element elementor-element-e926683 e-con-full e-flex e-con e-child\" data-id=\"e926683\" data-element_type=\"container\">\n\t\t\t\t<\/div>\n\t\t<div class=\"elementor-element elementor-element-02e704c e-con-full e-flex e-con e-child\" data-id=\"02e704c\" data-element_type=\"container\">\n\t\t\t\t<\/div>\n\t\t<div class=\"elementor-element elementor-element-0d1a746 e-con-full e-flex e-con e-child\" data-id=\"0d1a746\" data-element_type=\"container\">\n\t\t\t\t<div class=\"elementor-element elementor-element-4995bd5 elementor-widget elementor-widget-image\" data-id=\"4995bd5\" data-element_type=\"widget\" data-settings=\"{&quot;motion_fx_motion_fx_scrolling&quot;:&quot;yes&quot;,&quot;motion_fx_translateY_effect&quot;:&quot;yes&quot;,&quot;motion_fx_translateY_speed&quot;:{&quot;unit&quot;:&quot;px&quot;,&quot;size&quot;:1.5,&quot;sizes&quot;:[]},&quot;motion_fx_translateY_affectedRange&quot;:{&quot;unit&quot;:&quot;%&quot;,&quot;size&quot;:&quot;&quot;,&quot;sizes&quot;:{&quot;start&quot;:0,&quot;end&quot;:100}},&quot;motion_fx_devices&quot;:[&quot;desktop&quot;,&quot;tablet&quot;,&quot;mobile&quot;]}\" data-widget_type=\"image.default\">\n\t\t\t\t<div class=\"elementor-widget-container\">\n\t\t\t\t\t\t\t\t\t\t\t\t\t\t\t<img fetchpriority=\"high\" decoding=\"async\" width=\"800\" height=\"1000\" src=\"https:\/\/studiorenegade.de\/wp-content\/uploads\/2024\/06\/FarinaRenegade-PersonalBranding-Work3-819x1024.jpg\" class=\"attachment-large size-large wp-image-4026\" alt=\"Farina Renegade PersonalBranding The Creator Concept AtelierOost Amsterdam\" srcset=\"https:\/\/studiorenegade.de\/wp-content\/uploads\/2024\/06\/FarinaRenegade-PersonalBranding-Work3-819x1024.jpg 819w, https:\/\/studiorenegade.de\/wp-content\/uploads\/2024\/06\/FarinaRenegade-PersonalBranding-Work3-240x300.jpg 240w, https:\/\/studiorenegade.de\/wp-content\/uploads\/2024\/06\/FarinaRenegade-PersonalBranding-Work3-768x960.jpg 768w, https:\/\/studiorenegade.de\/wp-content\/uploads\/2024\/06\/FarinaRenegade-PersonalBranding-Work3.jpg 1200w\" sizes=\"(max-width: 800px) 100vw, 800px\" \/>\t\t\t\t\t\t\t\t\t\t\t\t\t\t\t<\/div>\n\t\t\t\t<\/div>\n\t\t\t\t<\/div>\n\t\t\t\t\t<\/div>\n\t\t\t\t<\/div>\n\t\t<div class=\"elementor-element elementor-element-33f3024 e-flex e-con-boxed e-con e-parent\" data-id=\"33f3024\" data-element_type=\"container\">\n\t\t\t\t\t<div class=\"e-con-inner\">\n\t\t\t\t<div class=\"elementor-element elementor-element-ce9680b elementor-widget elementor-widget-text-editor\" data-id=\"ce9680b\" data-element_type=\"widget\" data-widget_type=\"text-editor.default\">\n\t\t\t\t<div class=\"elementor-widget-container\">\n\t\t\t\t\t\t\t\t\t<p>HANNAH&#8217;S VISION<\/p>\t\t\t\t\t\t\t\t<\/div>\n\t\t\t\t<\/div>\n\t\t\t\t<div class=\"elementor-element elementor-element-2435a2c elementor-widget elementor-widget-text-editor\" data-id=\"2435a2c\" data-element_type=\"widget\" data-widget_type=\"text-editor.default\">\n\t\t\t\t<div class=\"elementor-widget-container\">\n\t\t\t\t\t\t\t\t\t<p class=\"translation-block\">For her \"to the moon\" course, I discovered a studio with a round swing that perfectly matched the <i> symbolism <\/i> Hannah was aiming for.<\/p>\t\t\t\t\t\t\t\t<\/div>\n\t\t\t\t<\/div>\n\t\t\t\t\t<\/div>\n\t\t\t\t<\/div>\n\t\t<div class=\"elementor-element elementor-element-954a969 e-flex e-con-boxed e-con e-parent\" data-id=\"954a969\" data-element_type=\"container\">\n\t\t\t\t\t<div class=\"e-con-inner\">\n\t\t\t\t<div class=\"elementor-element elementor-element-08ed183 elementor-invisible elementor-widget elementor-widget-gallery\" data-id=\"08ed183\" data-element_type=\"widget\" data-settings=\"{&quot;gallery_layout&quot;:&quot;masonry&quot;,&quot;columns&quot;:2,&quot;gap&quot;:{&quot;unit&quot;:&quot;px&quot;,&quot;size&quot;:50,&quot;sizes&quot;:[]},&quot;motion_fx_motion_fx_scrolling&quot;:&quot;yes&quot;,&quot;_animation&quot;:&quot;fadeIn&quot;,&quot;columns_tablet&quot;:2,&quot;columns_mobile&quot;:1,&quot;gap_tablet&quot;:{&quot;unit&quot;:&quot;px&quot;,&quot;size&quot;:10,&quot;sizes&quot;:[]},&quot;gap_mobile&quot;:{&quot;unit&quot;:&quot;px&quot;,&quot;size&quot;:10,&quot;sizes&quot;:[]},&quot;content_hover_animation&quot;:&quot;fade-in&quot;,&quot;motion_fx_devices&quot;:[&quot;desktop&quot;,&quot;tablet&quot;,&quot;mobile&quot;]}\" data-widget_type=\"gallery.default\">\n\t\t\t\t<div class=\"elementor-widget-container\">\n\t\t\t\t\t\t\t<div class=\"elementor-gallery__container\">\n\t\t\t\t\t\t\t<div class=\"e-gallery-item elementor-gallery-item elementor-animated-content\">\n\t\t\t\t\t<div class=\"e-gallery-image elementor-gallery-item__image\" data-thumbnail=\"https:\/\/studiorenegade.de\/wp-content\/uploads\/2023\/04\/Farina-Studio-Renegade-Personal-Branding-Brandfotografie-TCC-35.jpg\" data-width=\"1500\" data-height=\"2250\" aria-label=\"Farina Studio Renegade Personal Branding Brandfotografie TCC\" role=\"img\" ><\/div>\n\t\t\t\t\t\t\t\t\t\t\t\t\t\t<\/div>\n\t\t\t\t\t\t\t<div class=\"e-gallery-item elementor-gallery-item elementor-animated-content\">\n\t\t\t\t\t<div class=\"e-gallery-image elementor-gallery-item__image\" data-thumbnail=\"https:\/\/studiorenegade.de\/wp-content\/uploads\/2023\/04\/Farina-Studio-Renegade-Personal-Branding-Brandfotografie-TCC-27.jpg\" data-width=\"1500\" data-height=\"2250\" aria-label=\"Farina Studio Renegade Personal Branding Brandfotografie TCC\" role=\"img\" ><\/div>\n\t\t\t\t\t\t\t\t\t\t\t\t\t\t<\/div>\n\t\t\t\t\t\t\t<div class=\"e-gallery-item elementor-gallery-item elementor-animated-content\">\n\t\t\t\t\t<div class=\"e-gallery-image elementor-gallery-item__image\" data-thumbnail=\"https:\/\/studiorenegade.de\/wp-content\/uploads\/2023\/04\/Farina-Studio-Renegade-Personal-Branding-Brandfotografie-TCC-32.jpg\" data-width=\"1500\" data-height=\"2250\" aria-label=\"Farina Studio Renegade Personal Branding Brandfotografie TCC\" role=\"img\" ><\/div>\n\t\t\t\t\t\t\t\t\t\t\t\t\t\t<\/div>\n\t\t\t\t\t\t\t<div class=\"e-gallery-item elementor-gallery-item elementor-animated-content\">\n\t\t\t\t\t<div class=\"e-gallery-image elementor-gallery-item__image\" data-thumbnail=\"https:\/\/studiorenegade.de\/wp-content\/uploads\/2023\/04\/Farina-Studio-Renegade-Personal-Branding-Brandfotografie-TCC-22.jpg\" data-width=\"1500\" data-height=\"2250\" aria-label=\"Farina Studio Renegade Personal Branding Brandfotografie TCC\" role=\"img\" ><\/div>\n\t\t\t\t\t\t\t\t\t\t\t\t\t\t<\/div>\n\t\t\t\t\t\t\t<div class=\"e-gallery-item elementor-gallery-item elementor-animated-content\">\n\t\t\t\t\t<div class=\"e-gallery-image elementor-gallery-item__image\" data-thumbnail=\"https:\/\/studiorenegade.de\/wp-content\/uploads\/2023\/04\/Farina-Studio-Renegade-Personal-Branding-Brandfotografie-TCC-34.jpg\" data-width=\"1500\" data-height=\"2250\" aria-label=\"Farina Studio Renegade Personal Branding Brandfotografie TCC\" role=\"img\" ><\/div>\n\t\t\t\t\t\t\t\t\t\t\t\t\t\t<\/div>\n\t\t\t\t\t\t\t<div class=\"e-gallery-item elementor-gallery-item elementor-animated-content\">\n\t\t\t\t\t<div class=\"e-gallery-image elementor-gallery-item__image\" data-thumbnail=\"https:\/\/studiorenegade.de\/wp-content\/uploads\/2023\/04\/Farina-Studio-Renegade-Personal-Branding-Brandfotografie-TCC-25.jpg\" data-width=\"1500\" data-height=\"2250\" aria-label=\"Farina Studio Renegade Personal Branding Brandfotografie TCC\" role=\"img\" ><\/div>\n\t\t\t\t\t\t\t\t\t\t\t\t\t\t<\/div>\n\t\t\t\t\t\t\t<div class=\"e-gallery-item elementor-gallery-item elementor-animated-content\">\n\t\t\t\t\t<div class=\"e-gallery-image elementor-gallery-item__image\" data-thumbnail=\"https:\/\/studiorenegade.de\/wp-content\/uploads\/2023\/04\/Farina-Studio-Renegade-Personal-Branding-Brandfotografie-TCC-20.jpg\" data-width=\"1500\" data-height=\"2250\" aria-label=\"Farina Studio Renegade Personal Branding Brandfotografie TCC\" role=\"img\" ><\/div>\n\t\t\t\t\t\t\t\t\t\t\t\t\t\t<\/div>\n\t\t\t\t\t\t\t<div class=\"e-gallery-item elementor-gallery-item elementor-animated-content\">\n\t\t\t\t\t<div class=\"e-gallery-image elementor-gallery-item__image\" data-thumbnail=\"https:\/\/studiorenegade.de\/wp-content\/uploads\/2023\/04\/Farina-Studio-Renegade-Personal-Branding-Brandfotografie-TCC-29.jpg\" data-width=\"1500\" data-height=\"2250\" aria-label=\"Farina Studio Renegade Personal Branding Brandfotografie TCC\" role=\"img\" ><\/div>\n\t\t\t\t\t\t\t\t\t\t\t\t\t\t<\/div>\n\t\t\t\t\t\t\t<div class=\"e-gallery-item elementor-gallery-item elementor-animated-content\">\n\t\t\t\t\t<div class=\"e-gallery-image elementor-gallery-item__image\" data-thumbnail=\"https:\/\/studiorenegade.de\/wp-content\/uploads\/2023\/04\/Farina-Studio-Renegade-Personal-Branding-Brandfotografie-TCC-33.jpg\" data-width=\"1500\" data-height=\"2250\" aria-label=\"Farina Studio Renegade Personal Branding Brandfotografie TCC\" role=\"img\" ><\/div>\n\t\t\t\t\t\t\t\t\t\t\t\t\t\t<\/div>\n\t\t\t\t\t\t\t<div class=\"e-gallery-item elementor-gallery-item elementor-animated-content\">\n\t\t\t\t\t<div class=\"e-gallery-image elementor-gallery-item__image\" data-thumbnail=\"https:\/\/studiorenegade.de\/wp-content\/uploads\/2024\/06\/FarinaRenegadePersonalBrandingFotografieBrandfotografieBrandphotographyServices.jpg\" data-width=\"1500\" data-height=\"1000\" aria-label=\"\" role=\"img\" ><\/div>\n\t\t\t\t\t\t\t\t\t\t\t\t\t\t<\/div>\n\t\t\t\t\t\t\t<div class=\"e-gallery-item elementor-gallery-item elementor-animated-content\">\n\t\t\t\t\t<div class=\"e-gallery-image elementor-gallery-item__image\" data-thumbnail=\"https:\/\/studiorenegade.de\/wp-content\/uploads\/2023\/04\/Farina-Studio-Renegade-Personal-Branding-Brandfotografie-TCC-31.jpg\" data-width=\"1500\" data-height=\"2250\" aria-label=\"Farina Studio Renegade Personal Branding Brandfotografie TCC\" role=\"img\" ><\/div>\n\t\t\t\t\t\t\t\t\t\t\t\t\t\t<\/div>\n\t\t\t\t\t\t\t<div class=\"e-gallery-item elementor-gallery-item elementor-animated-content\">\n\t\t\t\t\t<div class=\"e-gallery-image elementor-gallery-item__image\" data-thumbnail=\"https:\/\/studiorenegade.de\/wp-content\/uploads\/2023\/04\/Farina-Studio-Renegade-Personal-Branding-Brandfotografie-TCC-30.jpg\" data-width=\"1500\" data-height=\"2250\" aria-label=\"Farina Studio Renegade Personal Branding Brandfotografie TCC\" role=\"img\" ><\/div>\n\t\t\t\t\t\t\t\t\t\t\t\t\t\t<\/div>\n\t\t\t\t\t\t\t<div class=\"e-gallery-item elementor-gallery-item elementor-animated-content\">\n\t\t\t\t\t<div class=\"e-gallery-image elementor-gallery-item__image\" data-thumbnail=\"https:\/\/studiorenegade.de\/wp-content\/uploads\/2023\/04\/Farina-Studio-Renegade-Personal-Branding-Brandfotografie-TCC-36.jpg\" data-width=\"1500\" data-height=\"2250\" aria-label=\"Farina Studio Renegade Personal Branding Brandfotografie TCC\" role=\"img\" ><\/div>\n\t\t\t\t\t\t\t\t\t\t\t\t\t\t<\/div>\n\t\t\t\t\t\t\t<div class=\"e-gallery-item elementor-gallery-item elementor-animated-content\">\n\t\t\t\t\t<div class=\"e-gallery-image elementor-gallery-item__image\" data-thumbnail=\"https:\/\/studiorenegade.de\/wp-content\/uploads\/2023\/04\/Farina-Studio-Renegade-Personal-Branding-Brandfotografie-TCC-19.jpg\" data-width=\"1500\" data-height=\"2250\" aria-label=\"Farina Studio Renegade Personal Branding Brandfotografie TCC\" role=\"img\" ><\/div>\n\t\t\t\t\t\t\t\t\t\t\t\t\t\t<\/div>\n\t\t\t\t\t\t\t<div class=\"e-gallery-item elementor-gallery-item elementor-animated-content\">\n\t\t\t\t\t<div class=\"e-gallery-image elementor-gallery-item__image\" data-thumbnail=\"https:\/\/studiorenegade.de\/wp-content\/uploads\/2023\/04\/Farina-Studio-Renegade-Personal-Branding-Brandfotografie-TCC-18.jpg\" data-width=\"1500\" data-height=\"2250\" aria-label=\"Farina Studio Renegade Personal Branding Brandfotografie TCC\" role=\"img\" ><\/div>\n\t\t\t\t\t\t\t\t\t\t\t\t\t\t<\/div>\n\t\t\t\t\t\t\t<div class=\"e-gallery-item elementor-gallery-item elementor-animated-content\">\n\t\t\t\t\t<div class=\"e-gallery-image elementor-gallery-item__image\" data-thumbnail=\"https:\/\/studiorenegade.de\/wp-content\/uploads\/2023\/04\/Farina-Studio-Renegade-Personal-Branding-Brandfotografie-TCC-21.jpg\" data-width=\"2250\" data-height=\"1500\" aria-label=\"Farina Studio Renegade Personal Branding Brandfotografie TCC\" role=\"img\" ><\/div>\n\t\t\t\t\t\t\t\t\t\t\t\t\t\t<\/div>\n\t\t\t\t\t\t\t<div class=\"e-gallery-item elementor-gallery-item elementor-animated-content\">\n\t\t\t\t\t<div class=\"e-gallery-image elementor-gallery-item__image\" data-thumbnail=\"https:\/\/studiorenegade.de\/wp-content\/uploads\/2023\/04\/Farina-Studio-Renegade-Personal-Branding-Brandfotografie-TCC-24.jpg\" data-width=\"1500\" data-height=\"2250\" aria-label=\"Farina Studio Renegade Personal Branding Brandfotografie TCC\" role=\"img\" ><\/div>\n\t\t\t\t\t\t\t\t\t\t\t\t\t\t<\/div>\n\t\t\t\t\t\t\t<div class=\"e-gallery-item elementor-gallery-item elementor-animated-content\">\n\t\t\t\t\t<div class=\"e-gallery-image elementor-gallery-item__image\" data-thumbnail=\"https:\/\/studiorenegade.de\/wp-content\/uploads\/2023\/04\/Farina-Studio-Renegade-Personal-Branding-Brandfotografie-TCC-28.jpg\" data-width=\"1500\" data-height=\"2250\" aria-label=\"Farina Studio Renegade Personal Branding Brandfotografie TCC\" role=\"img\" ><\/div>\n\t\t\t\t\t\t\t\t\t\t\t\t\t\t<\/div>\n\t\t\t\t\t<\/div>\n\t\t\t\t\t<\/div>\n\t\t\t\t<\/div>\n\t\t\t\t\t<\/div>\n\t\t\t\t<\/div>\n\t\t<div class=\"elementor-element elementor-element-7376650 e-flex e-con-boxed e-con e-parent\" data-id=\"7376650\" data-element_type=\"container\">\n\t\t\t\t\t<div class=\"e-con-inner\">\n\t\t<div class=\"elementor-element elementor-element-a4c7212 e-con-full e-flex e-con e-child\" data-id=\"a4c7212\" data-element_type=\"container\">\n\t\t\t\t<div class=\"elementor-element elementor-element-9c75cf8 elementor-widget elementor-widget-spacer\" data-id=\"9c75cf8\" data-element_type=\"widget\" data-widget_type=\"spacer.default\">\n\t\t\t\t<div class=\"elementor-widget-container\">\n\t\t\t\t\t\t\t<div class=\"elementor-spacer\">\n\t\t\t<div class=\"elementor-spacer-inner\"><\/div>\n\t\t<\/div>\n\t\t\t\t\t\t<\/div>\n\t\t\t\t<\/div>\n\t\t\t\t<div class=\"elementor-element elementor-element-63b4b21 elementor-widget elementor-widget-heading\" data-id=\"63b4b21\" data-element_type=\"widget\" data-widget_type=\"heading.default\">\n\t\t\t\t<div class=\"elementor-widget-container\">\n\t\t\t\t\t<h4 class=\"elementor-heading-title elementor-size-default\">CONTACT<\/h4>\t\t\t\t<\/div>\n\t\t\t\t<\/div>\n\t\t\t\t<div class=\"elementor-element elementor-element-8ec8325 elementor-widget elementor-widget-heading\" data-id=\"8ec8325\" data-element_type=\"widget\" data-widget_type=\"heading.default\">\n\t\t\t\t<div class=\"elementor-widget-container\">\n\t\t\t\t\t<h2 class=\"elementor-heading-title elementor-size-default translation-block\">are you <i>ready<\/i> for <br>the Renegade effect<\/h2>\t\t\t\t<\/div>\n\t\t\t\t<\/div>\n\t\t\t\t<div class=\"elementor-element elementor-element-5ccac3a elementor-widget__width-initial elementor-widget-mobile__width-initial elementor-widget elementor-widget-text-editor\" data-id=\"5ccac3a\" data-element_type=\"widget\" data-widget_type=\"text-editor.default\">\n\t\t\t\t<div class=\"elementor-widget-container\">\n\t\t\t\t\t\t\t\t\t<p>You don\u2019t want to miss out on amazing photos and videos? Contact me for a quick call and let\u2019s talk about your vision!<\/p>\t\t\t\t\t\t\t\t<\/div>\n\t\t\t\t<\/div>\n\t\t\t\t<div class=\"elementor-element elementor-element-5ce4675 elementor-align-center elementor-mobile-align-center elementor-widget__width-initial elementor-widget elementor-widget-button\" data-id=\"5ce4675\" data-element_type=\"widget\" data-widget_type=\"button.default\">\n\t\t\t\t<div class=\"elementor-widget-container\">\n\t\t\t\t\t\t\t\t\t<div class=\"elementor-button-wrapper\">\n\t\t\t\t\t<a class=\"elementor-button elementor-button-link elementor-size-sm\" href=\"https:\/\/studiorenegade.de\/en\/contact\/\">\n\t\t\t\t\t\t<span class=\"elementor-button-content-wrapper\">\n\t\t\t\t\t\t\t\t\t<span class=\"elementor-button-text\">let's start<\/span>\n\t\t\t\t\t<\/span>\n\t\t\t\t\t<\/a>\n\t\t\t\t<\/div>\n\t\t\t\t\t\t\t\t<\/div>\n\t\t\t\t<\/div>\n\t\t\t\t<\/div>\n\t\t\t\t\t<\/div>\n\t\t\t\t<\/div>\n\t\t\t\t<\/div>","protected":false},"excerpt":{"rendered":"<p>PERSONAL BRANDING THE CREATOR CONCEPT f\u00fcr ihr wechselndes Kursangebot im Bereich online Businessaufbau &amp; Skalierung ben\u00f6tigte Hannah neue Bilder &amp; Videos HANNAH&#8217;S VISION F\u00fcr ihren Kurs \u201eto the moon\u201c entdeckte ich ein Studio mit runder Schaukel, welches perfekt zur angestrebten Symbolik passte. KONTAKT Bist du ready f\u00fcr den Renegade Effekt? Du m\u00f6chtest nicht l\u00e4nger auf [&hellip;]<\/p>","protected":false},"author":1,"featured_media":0,"parent":0,"menu_order":0,"comment_status":"closed","ping_status":"closed","template":"elementor_header_footer","meta":{"footnotes":""},"class_list":["post-5087","page","type-page","status-publish","hentry"],"_links":{"self":[{"href":"https:\/\/studiorenegade.de\/en\/wp-json\/wp\/v2\/pages\/5087","targetHints":{"allow":["GET"]}}],"collection":[{"href":"https:\/\/studiorenegade.de\/en\/wp-json\/wp\/v2\/pages"}],"about":[{"href":"https:\/\/studiorenegade.de\/en\/wp-json\/wp\/v2\/types\/page"}],"author":[{"embeddable":true,"href":"https:\/\/studiorenegade.de\/en\/wp-json\/wp\/v2\/users\/1"}],"replies":[{"embeddable":true,"href":"https:\/\/studiorenegade.de\/en\/wp-json\/wp\/v2\/comments?post=5087"}],"version-history":[{"count":10,"href":"https:\/\/studiorenegade.de\/en\/wp-json\/wp\/v2\/pages\/5087\/revisions"}],"predecessor-version":[{"id":6250,"href":"https:\/\/studiorenegade.de\/en\/wp-json\/wp\/v2\/pages\/5087\/revisions\/6250"}],"wp:attachment":[{"href":"https:\/\/studiorenegade.de\/en\/wp-json\/wp\/v2\/media?parent=5087"}],"curies":[{"name":"wp","href":"https:\/\/api.w.org\/{rel}","templated":true}]}}